{"id":100,"date":"2026-04-05T04:36:03","date_gmt":"2026-04-05T04:36:03","guid":{"rendered":"https:\/\/hn.sa.com\/?page_id=100"},"modified":"2026-04-05T04:36:03","modified_gmt":"2026-04-05T04:36:03","slug":"dang-nhap-789p","status":"publish","type":"page","link":"https:\/\/inpasila.ru.com\/index.php\/dang-nhap-789p\/","title":{"rendered":"\u0110\u0103ng Nh\u1eadp 789P Si\u00eau Nhanh &#8211; Tha H\u1ed3 C\u00e1 C\u01b0\u1ee3c Si\u00eau Vui\u00a0"},"content":{"rendered":"<h1 style=\"text-align: center;\"><b>\u0110\u0103ng Nh\u1eadp 789P Si\u00eau Nhanh &#8211; Tha H\u1ed3 C\u00e1 C\u01b0\u1ee3c Si\u00eau Vui\u00a0<\/b><\/h1>\n<p><b>\u0110\u0103ng nh\u1eadp 789P<\/b><span style=\"font-weight: 400;\"> l\u00e0 b\u01b0\u1edbc \u0111\u1ea7u ti\u00ean \u0111\u1ec3 ng\u01b0\u1eddi ch\u01a1i t\u1eadn h\u01b0\u1edfng kh\u00f4ng gian c\u00e1 c\u01b0\u1ee3c \u1ea5n t\u01b0\u1ee3ng t\u1ea1i n\u1ec1n t\u1ea3ng. Hi\u1ec7n t\u1ea1i, c\u00f3 r\u1ea5t nhi\u1ec1u tr\u00f2 ch\u01a1i h\u1ea5p d\u1eabn \u0111ang ch\u1edd \u0111\u00f3n b\u1ea1n kh\u00e1m ph\u00e1 t\u1ea1i \u0111\u00e2y. B\u00e0i vi\u1ebft sau s\u1ebd h\u01b0\u1edbng d\u1eabn tr\u1ecdn v\u1eb9n t\u1eebng thao t\u00e1c c\u01b0\u1ee3c, gi\u00fap b\u1ea1n \u0111\u0103ng nh\u1eadp th\u00e0nh c\u00f4ng v\u00e0 tho\u1ea3i m\u00e1i kh\u00e1m ph\u00e1 nh\u00e0 c\u00e1i.\u00a0<\/span><\/p>\n<h2><b>H\u01b0\u1edbng d\u1eabn \u0111\u0103ng nh\u1eadp 789P c\u1ee5 th\u1ec3 cho ng\u01b0\u1eddi ch\u01a1i m\u1edbi<\/b><\/h2>\n<p><span style=\"font-weight: 400;\">Quy tr\u00ecnh \u0111\u0103ng nh\u1eadp \u0111\u01b0\u1ee3c nh\u00e0 c\u00e1i <\/span><b>789P<\/b><span style=\"font-weight: 400;\"> thi\u1ebft l\u1eadp v\u1edbi 3 b\u01b0\u1edbc c\u01a1 b\u1ea3n, \u0111\u1ea3m b\u1ea3o m\u1ecdi ng\u01b0\u1eddi \u0111\u1ecdc hi\u1ec3u nhanh ch\u00f3ng v\u00e0 c\u00f3 th\u1ec3 th\u1ef1c hi\u1ec7n th\u00e0nh c\u00f4ng t\u1eeb l\u1ea7n \u0111\u1ea7u ti\u00ean. C\u1ee5 th\u1ec3 l\u00e0:<\/span><\/p>\n<figure id=\"attachment_101\" aria-describedby=\"caption-attachment-101\" style=\"width: 800px\" class=\"wp-caption aligncenter\"><img loading=\"lazy\" decoding=\"async\" class=\"size-full wp-image-101\" src=\"https:\/\/inpasila.ru.com\/wp-content\/uploads\/2026\/04\/quy-trinh-dang-nhap-vao-nen-tang-gom-3-buoc.jpg\" alt=\"Quy tr\u00ecnh \u0111\u0103ng nh\u1eadp v\u00e0o n\u1ec1n t\u1ea3ng g\u1ed3m 3 b\u01b0\u1edbc\u00a0\" width=\"800\" height=\"400\" srcset=\"https:\/\/inpasila.ru.com\/wp-content\/uploads\/2026\/04\/quy-trinh-dang-nhap-vao-nen-tang-gom-3-buoc.jpg 800w, https:\/\/inpasila.ru.com\/wp-content\/uploads\/2026\/04\/quy-trinh-dang-nhap-vao-nen-tang-gom-3-buoc-300x150.jpg 300w, https:\/\/inpasila.ru.com\/wp-content\/uploads\/2026\/04\/quy-trinh-dang-nhap-vao-nen-tang-gom-3-buoc-768x384.jpg 768w\" sizes=\"auto, (max-width: 800px) 100vw, 800px\" \/><figcaption id=\"caption-attachment-101\" class=\"wp-caption-text\">Quy tr\u00ecnh \u0111\u0103ng nh\u1eadp v\u00e0o n\u1ec1n t\u1ea3ng g\u1ed3m 3 b\u01b0\u1edbc<\/figcaption><\/figure>\n<h3><b>Truy c\u1eadp \u0111\u01b0\u1eddng d\u1eabn ch\u00ednh th\u1ee9c v\u00e0o n\u1ec1n t\u1ea3ng<\/b><\/h3>\n<p><span style=\"font-weight: 400;\">B\u01b0\u1edbc \u0111\u1ea7u ti\u00ean v\u00e0 quan tr\u1ecdng nh\u1ea5t m\u00e0 b\u1ea1n c\u1ea7n ph\u1ea3i l\u00e0m ch\u00ednh l\u00e0 t\u00ecm ki\u1ebfm \u0111\u01b0\u1eddng d\u1eabn li\u00ean k\u1ebft ch\u00ednh th\u1ee9c v\u00e0o nh\u00e0 c\u00e1i \u0111\u1ec3 th\u1ef1c hi\u1ec7n <\/span><b>\u0111\u0103ng nh\u1eadp 789P<\/b><span style=\"font-weight: 400;\">. S\u1edf d\u0129 th\u01b0\u01a1ng hi\u1ec7u coi \u0111\u00e2y l\u00e0 b\u01b0\u1edbc quan tr\u1ecdng b\u1edfi v\u00ec hi\u1ec7n nay, r\u1ea5t nhi\u1ec1u k\u1ebb x\u1ea5u \u0111ang l\u1ee3i d\u1ee5ng t\u00ean tu\u1ed5i c\u1ee7a nh\u00e0 c\u00e1i \u0111\u1ec3 l\u1eeba \u0111\u1ea3o, l\u1eadp nh\u1eefng trang web gi\u1ea3 m\u1ea1o khi\u1ebfn m\u1ecdi ng\u01b0\u1eddi d\u1ec5 b\u1ecb nh\u1ea7m l\u1eabn.<\/span><\/p>\n<p><span style=\"font-weight: 400;\">C\u00e1ch t\u00ecm \u0111\u01b0\u1eddng d\u1eabn \u0111\u1ec3 th\u1ef1c hi\u1ec7n <\/span><b>\u0111\u0103ng nh\u1eadp online<\/b><span style=\"font-weight: 400;\"> r\u1ea5t \u0111\u01a1n gi\u1ea3n, b\u1ea1n ch\u1ec9 c\u1ea7n l\u1ef1a ch\u1ecdn tr\u00ecnh duy\u1ec7t ph\u00f9 h\u1ee3p tr\u00ean m\u00e1y t\u00ednh ho\u1eb7c \u0111i\u1ec7n tho\u1ea1i r\u1ed3i t\u00ecm ki\u1ebfm t\u00ean th\u01b0\u01a1ng hi\u1ec7u b\u1eb1ng Google. Khi tr\u00ean m\u00e0n h\u00ecnh hi\u1ec7n ra h\u00e0ng lo\u1ea1t link d\u1eabn, h\u1ed9i vi\u00ean ti\u1ebfp t\u1ee5c quan s\u00e1t v\u00e0 ch\u1ecdn ra trang web ch\u00ednh th\u1ee9c \u0111\u1ec3 truy c\u1eadp.<\/span><\/p>\n<h3><b>\u0110i\u1ec1n th\u00f4ng tin\u00a0<\/b><\/h3>\n<p><span style=\"font-weight: 400;\">B\u01b0\u1edbc ti\u1ebfp theo, h\u1ed9i vi\u00ean l\u1ef1a ch\u1ecdn n\u00fat \u0111\u0103ng nh\u1eadp n\u1eb1m \u1edf v\u1ecb tr\u00ed tr\u00ean c\u00f9ng, g\u00f3c b\u00ean ph\u1ea3i c\u1ee7a m\u00e0n h\u00ecnh trang ch\u1ee7 v\u00e0 b\u1ea5m v\u00e0o. Sau \u0111\u00f3, b\u1ea1n s\u1ebd th\u1ea5y hi\u1ec3n th\u1ecb 1 bi\u1ec3u m\u1eabu v\u1edbi c\u00e1c \u00f4 tr\u1ed1ng y\u00eau c\u1ea7u \u0111i\u1ec1n \u0111\u1ea7y \u0111\u1ee7, l\u1ea7n l\u01b0\u1ee3t l\u00e0 t\u00ean \u0111\u0103ng nh\u1eadp, m\u1eadt kh\u1ea9u th\u00e0nh vi\u00ean v\u00e0 m\u00e3 x\u00e1c minh.\u00a0<\/span><\/p>\n<p><span style=\"font-weight: 400;\">H\u1ed9i vi\u00ean th\u1ef1c hi\u1ec7n \u0111i\u1ec1n c\u00e1c th\u00f4ng tin trung th\u1ef1c theo y\u00eau c\u1ea7u, \u0111\u1ea3m b\u1ea3o \u0111i\u1ec1n \u0111\u00fang v\u00e0 \u0111\u1ee7 theo th\u00f4ng tin m\u00e0 b\u1ea1n \u0111\u00e3 th\u1ef1c hi\u1ec7n khi \u0111\u0103ng k\u00fd t\u00e0i kho\u1ea3n tr\u01b0\u1edbc \u0111\u00f3. Bi\u1ec3u m\u1eabu <\/span><b>\u0111\u0103ng nh\u1eadp 789P<\/b><span style=\"font-weight: 400;\"> c\u00f3 hi\u1ec3n th\u1ecb bi\u1ec3u t\u01b0\u1ee3ng con m\u1eaft \u1edf b\u00ean c\u1ea1nh \u00f4 tr\u1ed1ng \u0111\u1ec3 b\u1ea1n c\u00f3 th\u1ec3 xem k\u1ef9 t\u1eebng k\u00fd t\u1ef1, \u0111\u1ea3m b\u1ea3o kh\u00f4ng \u0111\u1ebfn sai.<\/span><\/p>\n<h3><b>Ho\u00e0n t\u1ea5t thao t\u00e1c \u0111\u0103ng nh\u1eadp 789P v\u00e0 g\u1eedi y\u00eau c\u1ea7u<\/b><\/h3>\n<p><span style=\"font-weight: 400;\">Sau khi ki\u1ec3m tra to\u00e0n b\u1ed9 th\u00f4ng tin \u0111\u00e3 \u0111i\u1ec1n v\u00e0o bi\u1ec3u m\u1eabu<\/span><b> \u0111\u0103ng nh\u1eadp 789P<\/b><span style=\"font-weight: 400;\"> th\u00ec b\u1ea1n c\u1ea7n xem k\u1ef9 l\u1ea1i \u0111\u1ec3 \u0111\u1ea3m b\u1ea3o kh\u00f4ng sai s\u00f3t. Ti\u1ebfp theo, b\u1ea1n b\u1ea5m v\u00e0o n\u00fat \u0111\u0103ng nh\u1eadp \u1edf b\u00ean d\u01b0\u1edbi bi\u1ec3u m\u1eabu \u0111\u1ec3 g\u1eedi l\u1ec7nh v\u1ec1 h\u1ec7 th\u1ed1ng. Ch\u1ec9 m\u1ea5t t\u1eeb 2 \u0111\u1ebfn 3 gi\u00e2y, m\u00e0n h\u00ecnh s\u1ebd hi\u1ec3n th\u1ecb th\u00f4ng b\u00e1o \u0111\u0103ng nh\u1eadp th\u00e0nh c\u00f4ng. T\u1eeb \u0111\u00e2y, b\u1ea1n c\u00f3 th\u1ec3 l\u1ef1a ch\u1ecdn v\u00e0o tr\u00f2 ch\u01a1i ngay l\u1eadp t\u1ee9c ho\u1eb7c ti\u1ebfn h\u00e0nh n\u1ea1p ti\u1ec1n \u0111\u1ec3 b\u1eaft \u0111\u1ea7u c\u00e1 c\u01b0\u1ee3c.\u00a0<\/span><\/p>\n<h2><b>L\u01b0u \u00fd quan tr\u1ecdng khi \u0111\u0103ng nh\u1eadp n\u1ec1n t\u1ea3ng c\u1ea7n nh\u1ea5n m\u1ea1nh\u00a0<\/b><\/h2>\n<p><span style=\"font-weight: 400;\">\u0110\u1ec3 \u0111\u1ea3m b\u1ea3o qu\u00e1 tr\u00ecnh <\/span><b>\u0111\u0103ng nh\u1eadp 789P<\/b><span style=\"font-weight: 400;\"> di\u1ec5n ra thu\u1eadn l\u1ee3i, kh\u00f4ng g\u1eb7p c\u00e1c l\u1ed7i gi\u00e1n \u0111o\u1ea1n th\u00ec h\u1ed9i vi\u00ean c\u0169ng c\u1ea7n ghi nh\u1edb m\u1ed9t s\u1ed1 l\u01b0u \u00fd quan tr\u1ecdng. \u0110\u00f3 l\u00e0:<\/span><\/p>\n<figure id=\"attachment_102\" aria-describedby=\"caption-attachment-102\" style=\"width: 800px\" class=\"wp-caption aligncenter\"><img loading=\"lazy\" decoding=\"async\" class=\"size-full wp-image-102\" src=\"https:\/\/inpasila.ru.com\/wp-content\/uploads\/2026\/04\/luu-y-can-nho-de-dang-nhap-789p-thanh-cong.jpg\" alt=\"L\u01b0u \u00fd c\u1ea7n nh\u1edb \u0111\u1ec3 \u0111\u0103ng nh\u1eadp 789P th\u00e0nh c\u00f4ng\u00a0\" width=\"800\" height=\"400\" srcset=\"https:\/\/inpasila.ru.com\/wp-content\/uploads\/2026\/04\/luu-y-can-nho-de-dang-nhap-789p-thanh-cong.jpg 800w, https:\/\/inpasila.ru.com\/wp-content\/uploads\/2026\/04\/luu-y-can-nho-de-dang-nhap-789p-thanh-cong-300x150.jpg 300w, https:\/\/inpasila.ru.com\/wp-content\/uploads\/2026\/04\/luu-y-can-nho-de-dang-nhap-789p-thanh-cong-768x384.jpg 768w\" sizes=\"auto, (max-width: 800px) 100vw, 800px\" \/><figcaption id=\"caption-attachment-102\" class=\"wp-caption-text\">L\u01b0u \u00fd c\u1ea7n nh\u1edb \u0111\u1ec3 \u0111\u0103ng nh\u1eadp 789P th\u00e0nh c\u00f4ng<\/figcaption><\/figure>\n<ul>\n<li style=\"font-weight: 400;\" aria-level=\"1\"><span style=\"font-weight: 400;\">Ng\u01b0\u1eddi tham gia ph\u1ea3i \u0111\u1ea3m b\u1ea3o \u0111i\u1ec1n \u0111\u00fang v\u00e0 \u0111\u1ee7 th\u00f4ng tin <\/span><b>t\u00e0i kho\u1ea3n truy c\u1eadp nh\u00e0 c\u00e1i<\/b><span style=\"font-weight: 400;\">, m\u1eadt kh\u1ea9u \u0111\u00e3 \u0111\u0103ng k\u00fd t\u1eeb tr\u01b0\u1edbc \u0111i k\u00e8m v\u1edbi m\u00e3 x\u00e1c minh. B\u1ea1n l\u01b0u \u00fd c\u00e1c n\u1ed9i dung ch\u1eef in hoa, k\u00fd t\u1ef1 \u0111\u1eb7c bi\u1ec7t,\u2026 c\u1ea7n ki\u1ec3m tra k\u1ef9 l\u01b0\u1ee1ng v\u00e0 \u0111i\u1ec7n th\u1eadt chu\u1ea9n.<\/span><\/li>\n<li style=\"font-weight: 400;\" aria-level=\"1\"><span style=\"font-weight: 400;\">Nh\u00e0 c\u00e1i kh\u00f4ng y\u00eau c\u1ea7u h\u1ed9i vi\u00ean ph\u1ea3i th\u1ef1c hi\u1ec7n tr\u1ea3 ph\u00ed khi \u0111\u0103ng nh\u1eadp. N\u1ebfu b\u1ea1n nh\u1eadn \u0111\u01b0\u1ee3c y\u00eau c\u1ea7u ph\u1ea3i thanh to\u00e1n ti\u1ec1n, c\u00f3 ngh\u0129a l\u00e0 b\u1ea1n \u0111\u00e3 v\u00e0o nh\u1ea7m website gi\u1ea3 m\u1ea1o. H\u00e3y tho\u00e1t ngay v\u00e0 li\u00ean h\u1ec7 v\u1edbi \u0111\u1ed9i ng\u0169 nh\u00e0 c\u00e1i \u0111\u1ec3 \u0111\u01a1n v\u1ecb x\u00e1c nh\u1eadn v\u00e0 x\u1eed l\u00fd tr\u01b0\u1eddng h\u1ee3p n\u00e0y.\u00a0<\/span><\/li>\n<li style=\"font-weight: 400;\" aria-level=\"1\"><span style=\"font-weight: 400;\">C\u00e1c b\u01b0\u1edbc \u0111\u0103ng nh\u1eadp tr\u00ean \u1ee9ng d\u1ee5ng \u0111i\u1ec7n tho\u1ea1i c\u0169ng t\u01b0\u01a1ng t\u1ef1 nh\u01b0 tr\u00ean website. H\u1ed9i vi\u00ean ch\u1ec9 c\u1ea7n t\u1ea3i app v\u1ec1, t\u1ea1o t\u00e0i kho\u1ea3n v\u00e0 l\u00e0m theo h\u01b0\u1edbng d\u1eabn \u0111\u0103ng nh\u1eadp c\u1ee5 th\u1ec3 \u0111\u00e3 n\u00eau l\u00e0 c\u00f3 th\u1ec3 s\u1eed d\u1ee5ng app th\u00e0nh c\u00f4ng.\u00a0<\/span><\/li>\n<\/ul>\n<h2><b>C\u00e1c m\u1eb9o b\u1ea3o m\u1eadt t\u00e0i kho\u1ea3n \u0111\u0103ng nh\u1eadp nh\u00e0 c\u00e1i t\u1ed1t nh\u1ea5t<\/b><\/h2>\n<p><span style=\"font-weight: 400;\">Trong qu\u00e1 tr\u00ecnh th\u1ef1c hi\u1ec7n <\/span><b>\u0111\u0103ng nh\u1eadp 789P<\/b><span style=\"font-weight: 400;\">, c\u00f2n r\u1ea5t nhi\u1ec1u r\u1ee7i ro v\u1ec1 b\u1ea3o m\u1eadt m\u00e0 b\u1ea1n c\u00f3 th\u1ec3 \u0111\u1ed1i m\u1eb7t n\u1ebfu kh\u00f4ng ch\u00fa \u00fd. D\u01b0\u1edbi \u0111\u00e2y l\u00e0 m\u1ed9t s\u1ed1 m\u1eb9o gi\u00fap b\u1ea1n gi\u1eef an to\u00e0n t\u00e0i kho\u1ea3n th\u00e0nh c\u00f4ng, \u0111\u00f3 l\u00e0:<\/span><\/p>\n<figure id=\"attachment_104\" aria-describedby=\"caption-attachment-104\" style=\"width: 800px\" class=\"wp-caption aligncenter\"><img loading=\"lazy\" decoding=\"async\" class=\"size-full wp-image-104\" src=\"https:\/\/inpasila.ru.com\/wp-content\/uploads\/2026\/04\/cac-meo-bao-mat-tai-khoan-hieu-qua-nhat.jpg\" alt=\"C\u00e1c m\u1eb9o b\u1ea3o m\u1eadt t\u00e0i kho\u1ea3n hi\u1ec7u qu\u1ea3 nh\u1ea5t\u00a0\" width=\"800\" height=\"400\" srcset=\"https:\/\/inpasila.ru.com\/wp-content\/uploads\/2026\/04\/cac-meo-bao-mat-tai-khoan-hieu-qua-nhat.jpg 800w, https:\/\/inpasila.ru.com\/wp-content\/uploads\/2026\/04\/cac-meo-bao-mat-tai-khoan-hieu-qua-nhat-300x150.jpg 300w, https:\/\/inpasila.ru.com\/wp-content\/uploads\/2026\/04\/cac-meo-bao-mat-tai-khoan-hieu-qua-nhat-768x384.jpg 768w\" sizes=\"auto, (max-width: 800px) 100vw, 800px\" \/><figcaption id=\"caption-attachment-104\" class=\"wp-caption-text\">C\u00e1c m\u1eb9o b\u1ea3o m\u1eadt t\u00e0i kho\u1ea3n hi\u1ec7u qu\u1ea3 nh\u1ea5t<\/figcaption><\/figure>\n<h3><b>Kh\u00f4ng truy c\u1eadp b\u1eb1ng c\u00e1c thi\u1ebft b\u1ecb kh\u00f4ng ph\u1ea3i c\u1ee7a m\u00ecnh<\/b><\/h3>\n<p><span style=\"font-weight: 400;\">Ng\u01b0\u1eddi ch\u01a1i c\u1ea7n <\/span><b>\u0111\u0103ng nh\u1eadp 789P<\/b><span style=\"font-weight: 400;\"> tr\u00ean \u0111i\u1ec7n tho\u1ea1i ho\u1eb7c m\u00e1y t\u00ednh c\u00e1 nh\u00e2n m\u00e0 b\u1ea3n th\u00e2n s\u1edf h\u1eefu. \u0110\u00e2y l\u00e0 nh\u1eefng thi\u1ebft b\u1ecb c\u1ee7a b\u1ea1n n\u00ean s\u1ebd gi\u00fap b\u1ea1n b\u1ea3o m\u1eadt t\u00e0i kho\u1ea3n t\u1ed1t nh\u1ea5t. Nh\u1eefng thi\u1ebft b\u1ecb ngo\u00e0i kh\u00f4ng ph\u1ea3i c\u1ee7a b\u1ea1n r\u1ea5t d\u1ec5 ch\u1ee9a c\u00e1c m\u00e3 \u0111\u1ed9c, virus nguy hi\u1ec3m v\u00e0 n\u1ebfu b\u1ea1n l\u1ee1 qu\u00ean \u0111\u0103ng xu\u1ea5t th\u00ec r\u1ea5t d\u1ec5 b\u1ecb \u0103n c\u1eafp d\u1eef li\u1ec7u. V\u00ec v\u1eady, t\u1ed1t h\u01a1n h\u1ebft l\u00e0 b\u1ea1n n\u00ean s\u1eed d\u1ee5ng \u0111i\u1ec7n tho\u1ea1i v\u00e0 m\u00e1y t\u00ednh c\u00e1 nh\u00e2n.<\/span><\/p>\n<h3><b>K\u1ebft n\u1ed1i wifi an to\u00e0n<\/b><\/h3>\n<p><span style=\"font-weight: 400;\">N\u1ebfu b\u1ea1n \u0111ang <\/span><b>\u0111\u0103ng nh\u1eadp 789P<\/b><span style=\"font-weight: 400;\">, b\u1ea1n ph\u1ea3i \u0111\u1ea3m b\u1ea3o k\u1ebft n\u1ed1i wifi v\u00e0o thi\u1ebft b\u1ecb ho\u1ea1t \u0111\u1ed9ng m\u01b0\u1ee3t m\u00e0 v\u00e0 kh\u00f4ng b\u1ecb gi\u00e1n \u0111o\u1ea1n. \u0110\u1eb7c bi\u1ec7t, h\u1ed9i vi\u00ean c\u0169ng c\u1ea7n ch\u00fa \u00dd ch\u1ec9 truy c\u1eadp wifi \u0111\u1ea3m b\u1ea3o m\u1ee9c \u0111\u1ed9 an to\u00e0n khi \u1edf c\u00e1c n\u01a1i c\u00f4ng c\u1ed9ng. B\u1ea1n c\u0169ng c\u00f3 th\u1ec3 tham kh\u1ea3o mua c\u00e1c g\u00f3i d\u1eef li\u1ec7u di \u0111\u1ed9ng gi\u00e1 r\u1ebb, th\u1eddi gian s\u1eed d\u1ee5ng l\u00e2u d\u00e0i c\u1ee7a c\u00e1c nh\u00e0 m\u1ea1ng nh\u01b0 Viettel, Mobifone, Vinaphone.<\/span><\/p>\n<h3><b>Ki\u1ec3m tra \u0111\u01b0\u1eddng d\u1eabn c\u1ea9n th\u1eadn<\/b><\/h3>\n<p><span style=\"font-weight: 400;\">Vi\u1ec7c ki\u1ec3m tra \u0111\u01b0\u1eddng d\u1eabn ch\u00ednh th\u1ee9c tr\u01b0\u1edbc khi th\u1ef1c hi\u1ec7n<\/span><b> \u0111\u0103ng nh\u1eadp t\u00e0i kho\u1ea3n <\/b><span style=\"font-weight: 400;\">c\u0169ng r\u1ea5t quan tr\u1ecdng. Hi\u1ec7n nay th\u1ecb tr\u01b0\u1eddng \u0111ang tr\u00e0n lan r\u1ea5t nhi\u1ec1u n\u1ec1n t\u1ea3ng gi\u1ea3 m\u1ea1o t\u00ean tu\u1ed5i th\u01b0\u01a1ng hi\u1ec7u. Mu\u1ed1n an to\u00e0n th\u00ec b\u1ea1n ph\u1ea3i n\u00e2ng cao c\u1ea3nh gi\u00e1c ngay t\u1eeb b\u01b0\u1edbc \u0111\u1ea7u ti\u00ean, n\u1ebfu th\u1ea5y \u0111\u01b0\u1eddng link c\u00f3 k\u00fd t\u1ef1 l\u1ea1 th\u00ec nh\u1ea5t \u0111\u1ecbnh kh\u00f4ng \u0111\u01b0\u1ee3c b\u1ea5m v\u00e0o.\u00a0<\/span><\/p>\n<h2><b>K\u1ebft lu\u1eadn<\/b><\/h2>\n<p><span style=\"font-weight: 400;\">Tr\u00ean \u0111\u00e2y l\u00e0 t\u1ed5ng h\u1ee3p th\u00f4ng tin chi ti\u1ebft v\u1ec1 quy tr\u00ecnh <\/span><b>\u0111\u0103ng nh\u1eadp 789P<\/b><span style=\"font-weight: 400;\"> d\u00e0nh cho h\u1ed9i vi\u00ean tham kh\u1ea3o. Mong r\u1eb1ng qua b\u00e0i vi\u1ebft n\u00e0y, b\u1ea1n \u0111\u00e3 bi\u1ebft \u0111\u01b0\u1ee3c c\u00e1c b\u01b0\u1edbc th\u1ef1c hi\u1ec7n th\u00e0nh th\u1ea1o v\u00e0 c\u00e1c m\u1eb9o b\u1ea3o m\u1eadt t\u00e0i kho\u1ea3n hi\u1ec7u qu\u1ea3 t\u1ea1i nh\u00e0 c\u00e1i 789P.\u00a0<\/span><\/p>\n","protected":false},"excerpt":{"rendered":"<p>\u0110\u0103ng Nh\u1eadp 789P Si\u00eau Nhanh &#8211; Tha H\u1ed3 C\u00e1 C\u01b0\u1ee3c Si\u00eau Vui\u00a0 \u0110\u0103ng nh\u1eadp 789P l\u00e0 b\u01b0\u1edbc \u0111\u1ea7u ti\u00ean \u0111\u1ec3 ng\u01b0\u1eddi ch\u01a1i t\u1eadn h\u01b0\u1edfng kh\u00f4ng gian c\u00e1 c\u01b0\u1ee3c \u1ea5n t\u01b0\u1ee3ng t\u1ea1i n\u1ec1n t\u1ea3ng. Hi\u1ec7n t\u1ea1i, c\u00f3 r\u1ea5t nhi\u1ec1u tr\u00f2 ch\u01a1i h\u1ea5p d\u1eabn \u0111ang ch\u1edd \u0111\u00f3n b\u1ea1n kh\u00e1m ph\u00e1 t\u1ea1i \u0111\u00e2y. B\u00e0i vi\u1ebft sau s\u1ebd h\u01b0\u1edbng [&#8230;]\n","protected":false},"author":1,"featured_media":103,"parent":0,"menu_order":0,"comment_status":"closed","ping_status":"closed","template":"","meta":{"footnotes":""},"class_list":["post-100","page","type-page","status-publish","has-post-thumbnail","hentry"],"_links":{"self":[{"href":"https:\/\/inpasila.ru.com\/index.php\/wp-json\/wp\/v2\/pages\/100","targetHints":{"allow":["GET"]}}],"collection":[{"href":"https:\/\/inpasila.ru.com\/index.php\/wp-json\/wp\/v2\/pages"}],"about":[{"href":"https:\/\/inpasila.ru.com\/index.php\/wp-json\/wp\/v2\/types\/page"}],"author":[{"embeddable":true,"href":"https:\/\/inpasila.ru.com\/index.php\/wp-json\/wp\/v2\/users\/1"}],"replies":[{"embeddable":true,"href":"https:\/\/inpasila.ru.com\/index.php\/wp-json\/wp\/v2\/comments?post=100"}],"version-history":[{"count":2,"href":"https:\/\/inpasila.ru.com\/index.php\/wp-json\/wp\/v2\/pages\/100\/revisions"}],"predecessor-version":[{"id":106,"href":"https:\/\/inpasila.ru.com\/index.php\/wp-json\/wp\/v2\/pages\/100\/revisions\/106"}],"wp:featuredmedia":[{"embeddable":true,"href":"https:\/\/inpasila.ru.com\/index.php\/wp-json\/wp\/v2\/media\/103"}],"wp:attachment":[{"href":"https:\/\/inpasila.ru.com\/index.php\/wp-json\/wp\/v2\/media?parent=100"}],"curies":[{"name":"wp","href":"https:\/\/api.w.org\/{rel}","templated":true}]}}