{"id":107,"date":"2026-04-05T04:37:25","date_gmt":"2026-04-05T04:37:25","guid":{"rendered":"https:\/\/hn.sa.com\/?page_id=107"},"modified":"2026-04-05T04:37:25","modified_gmt":"2026-04-05T04:37:25","slug":"tai-app-789p","status":"publish","type":"page","link":"https:\/\/inpasila.ru.com\/index.php\/tai-app-789p\/","title":{"rendered":"T\u1ea3i App 789P &#8211; Nhanh Ch\u00f3ng Tr\u1ea3i Nghi\u1ec7m C\u01b0\u1ee3c Ti\u1ec7n L\u1ee3i"},"content":{"rendered":"<h1 style=\"text-align: center;\"><b>T\u1ea3i App 789P &#8211; Nhanh Ch\u00f3ng Tr\u1ea3i Nghi\u1ec7m C\u01b0\u1ee3c Ti\u1ec7n L\u1ee3i<\/b><\/h1>\n<p><b>T\u1ea3i app 789P<\/b><span style=\"font-weight: 400;\"> gi\u00fap ng\u01b0\u1eddi tham gia c\u00e1 c\u01b0\u1ee3c tr\u1ef1c tuy\u1ebfn d\u1ec5 d\u00e0ng h\u01a1n. \u1ee8ng d\u1ee5ng t\u1ed1i \u01b0u cho c\u1ea3 Android v\u1edbi iOS, giao di\u1ec7n tr\u1ef1c quan v\u00e0 thao t\u00e1c nhanh. T\u00edch h\u1ee3p \u0111\u1ea7y \u0111\u1ee7 c\u00e1c t\u00ednh n\u0103ng ti\u1ec7n l\u1ee3i h\u1ed7 tr\u1ee3 qu\u00e1 tr\u00ecnh ch\u01a1i. H\u1ec7 th\u1ed1ng b\u1ea3o m\u1eadt cao c\u0169ng nh\u01b0 k\u1ebft n\u1ed1i \u1ed5n \u0111\u1ecbnh mang l\u1ea1i cho ng\u01b0\u1eddi ch\u01a1i tr\u1ea3i nghi\u1ec7m thu\u1eadn ti\u1ec7n t\u1ea1i <\/span><b>789P<\/b><span style=\"font-weight: 400;\">.<\/span><\/p>\n<h2><b>\u01afu \u0111i\u1ec3m v\u01b0\u1ee3t tr\u1ed9i khi th\u1ef1c hi\u1ec7n t\u1ea3i app 789P \u0111\u1ec3 tr\u1ea3i nghi\u1ec7m<\/b><\/h2>\n<p><b>789P<\/b><span style=\"font-weight: 400;\"> mang \u0111\u1ebfn tr\u1ea3i nghi\u1ec7m c\u00e1 c\u01b0\u1ee3c m\u01b0\u1ee3t m\u00e0, giao di\u1ec7n tr\u1ef1c quan v\u00e0 thao t\u00e1c \u0111\u01a1n gi\u1ea3n. H\u1ed9i vi\u00ean d\u1ec5 d\u00e0ng theo d\u00f5i bi\u1ebfn \u0111\u1ed9ng k\u00e8o, k\u1ebft qu\u1ea3 tr\u00f2 ch\u01a1i c\u0169ng nh\u01b0 c\u1eadp nh\u1eadt tin t\u1ee9c nhanh ch\u00f3ng. T\u00edch h\u1ee3p \u0111\u1ea7y \u0111\u1ee7 t\u00ednh n\u0103ng t\u1eeb th\u1ec3 thao \u0111\u1ebfn s\u00f2ng b\u1ea1c tr\u1ef1c tuy\u1ebfn, \u0111\u00e1p \u1ee9ng nhu c\u1ea7u gi\u1ea3i tr\u00ed \u0111a d\u1ea1ng.<\/span><\/p>\n<figure id=\"attachment_110\" aria-describedby=\"caption-attachment-110\" style=\"width: 800px\" class=\"wp-caption aligncenter\"><img loading=\"lazy\" decoding=\"async\" class=\"size-full wp-image-110\" src=\"https:\/\/inpasila.ru.com\/wp-content\/uploads\/2026\/04\/tai-app-789p-mang-den-trai-nghiem-giai-tri-muot-ma.jpg\" alt=\"T\u1ea3i app 789P mang \u0111\u1ebfn tr\u1ea3i nghi\u1ec7m gi\u1ea3i tr\u00ed m\u01b0\u1ee3t m\u00e0\" width=\"800\" height=\"400\" srcset=\"https:\/\/inpasila.ru.com\/wp-content\/uploads\/2026\/04\/tai-app-789p-mang-den-trai-nghiem-giai-tri-muot-ma.jpg 800w, https:\/\/inpasila.ru.com\/wp-content\/uploads\/2026\/04\/tai-app-789p-mang-den-trai-nghiem-giai-tri-muot-ma-300x150.jpg 300w, https:\/\/inpasila.ru.com\/wp-content\/uploads\/2026\/04\/tai-app-789p-mang-den-trai-nghiem-giai-tri-muot-ma-768x384.jpg 768w\" sizes=\"auto, (max-width: 800px) 100vw, 800px\" \/><figcaption id=\"caption-attachment-110\" class=\"wp-caption-text\">T\u1ea3i app 789P mang \u0111\u1ebfn tr\u1ea3i nghi\u1ec7m gi\u1ea3i tr\u00ed m\u01b0\u1ee3t m\u00e0<\/figcaption><\/figure>\n<p><b>T\u1ea3i app 789P<\/b><span style=\"font-weight: 400;\"> \u0111\u1ea3m b\u1ea3o \u0111\u1ed9 \u1ed5n \u0111\u1ecbnh cao, t\u1ed1c \u0111\u1ed9 x\u1eed l\u00fd nhanh v\u00e0 h\u1ea1n ch\u1ebf gi\u00e1n \u0111o\u1ea1n. Ng\u01b0\u1eddi ch\u01a1i c\u00f3 th\u1ec3 c\u00e1 c\u01b0\u1ee3c tr\u1ef1c ti\u1ebfp m\u00e0 kh\u00f4ng g\u1eb7p l\u1ed7i hay \u0111\u0103ng nh\u1eadp. T\u00ednh b\u1ea3o m\u1eadt d\u1eef li\u1ec7u \u0111\u01b0\u1ee3c ch\u00fa tr\u1ecdng, m\u1ecdi th\u00f4ng tin c\u00e1 nh\u00e2n c\u0169ng nh\u01b0 giao d\u1ecbch \u0111\u1ec1u \u0111\u01b0\u1ee3c m\u00e3 h\u00f3a an to\u00e0n.<\/span><\/p>\n<h2><b>H\u01b0\u1edbng d\u1eabn chi ti\u1ebft c\u00e1ch t\u1ea3i app 789P cho t\u1eebng h\u1ec7 \u0111i\u1ec1u h\u00e0nh<\/b><\/h2>\n<p><span style=\"font-weight: 400;\">H\u1ed9i vi\u00ean c\u1ea7n n\u1eafm r\u00f5 c\u00e1ch <\/span><b>t\u1ea3i app 789P<\/b><span style=\"font-weight: 400;\"> \u0111\u1ec3 khai th\u00e1c to\u00e0n b\u1ed9 t\u00ednh n\u0103ng c\u1ee7a h\u1ec7 th\u1ed1ng m\u1ed9t c\u00e1ch m\u01b0\u1ee3t m\u00e0. Vi\u1ec7c c\u00e0i \u0111\u1eb7t \u0111\u00fang chu\u1ea9n gi\u00fap h\u1ea1n ch\u1ebf l\u1ed7i thao t\u00e1c, \u0111\u1ea3m b\u1ea3o t\u1ed1c \u0111\u1ed9 s\u1eed d\u1ee5ng, tr\u1ea3i nghi\u1ec7m \u1ed5n \u0111\u1ecbnh. <\/span><b>T\u1ea3i app mi\u1ec5n ph\u00ed<\/b><span style=\"font-weight: 400;\"> t\u01b0\u01a1ng th\u00edch v\u1edbi c\u1ea3 Android v\u00e0 iOS, d\u1ec5 c\u00e0i \u0111\u1eb7t tr\u00ean \u0111a s\u1ed1 thi\u1ebft b\u1ecb hi\u1ec7n nay.<\/span><\/p>\n<h3><b>T\u1ea3i app 789P d\u00e0nh cho h\u1ec7 \u0111i\u1ec1u h\u00e0nh Android<\/b><\/h3>\n<p><b>T\u1ea3i app 789P<\/b><span style=\"font-weight: 400;\"> tr\u00ean Android \u0111\u01b0\u1ee3c t\u1ed1i \u01b0u cho tr\u1ea3i nghi\u1ec7m c\u00e1 c\u01b0\u1ee3c tr\u1ef1c tuy\u1ebfn, gi\u00fap ng\u01b0\u1eddi ch\u01a1i truy c\u1eadp nhanh. H\u1ed9i vi\u00ean kh\u00f4ng c\u1ea7n qu\u00e1 nhi\u1ec1u b\u01b0\u1edbc \u0111\u1ec3 c\u00e0i \u0111\u1eb7t, thi\u1ebft k\u1ebf app tr\u1ef1c quan, d\u1ec5 qu\u1ea3n l\u00fd, ti\u1ec1n c\u01b0\u1ee3c v\u00e0 k\u1ebft qu\u1ea3. App t\u01b0\u01a1ng th\u00edch h\u1ea7u h\u1ebft c\u00e1c d\u00f2ng \u0111i\u1ec7n tho\u1ea1i Android mang l\u1ea1i tr\u1ea3i nghi\u1ec7m li\u1ec1n m\u1ea1ch.<\/span><\/p>\n<ul>\n<li style=\"font-weight: 400;\" aria-level=\"1\"><span style=\"font-weight: 400;\">B\u01b0\u1edbc 1: Truy c\u1eadp link ch\u00ednh th\u1ee9c t\u1eeb website \u0111\u1ec3 tr\u00e1nh app gi\u1ea3 m\u1ea1o.<\/span><\/li>\n<li style=\"font-weight: 400;\" aria-level=\"1\"><span style=\"font-weight: 400;\">B\u01b0\u1edbc 2: Cho ph\u00e9p c\u00e0i \u0111\u1eb7t t\u1eeb c\u00e1c ngu\u1ed3n kh\u00f4ng x\u00e1c \u0111\u1ecbnh trong ph\u1ea7n \u201cC\u00e0i \u0110\u1eb7t Thi\u1ebft B\u1ecb\u201d.<\/span><\/li>\n<li style=\"font-weight: 400;\" aria-level=\"1\"><span style=\"font-weight: 400;\">B\u01b0\u1edbc 3: T\u1ea3i file APK v\u1ec1 m\u00e1y c\u0169ng nh\u01b0 m\u1edf \u0111\u1ec3 ti\u1ebfn h\u00e0nh c\u00e0i \u0111\u1eb7t.<\/span><\/li>\n<li style=\"font-weight: 400;\" aria-level=\"1\"><span style=\"font-weight: 400;\">B\u01b0\u1edbc 4: \u0110\u0103ng nh\u1eadp t\u00e0i kho\u1ea3n \u0111\u00e3 \u0111\u0103ng k\u00fd \u0111\u1ec3 tr\u1ea3i nghi\u1ec7m \u0111\u1ea7y \u0111\u1ee7 t\u00ednh n\u0103ng v\u00e0 tr\u00f2 ch\u01a1i.<\/span><\/li>\n<\/ul>\n<h3><b>H\u1ec7 \u0111i\u1ec1u h\u00e0nh iOS<\/b><\/h3>\n<p><b>T\u1ea3i app cho iOS<\/b><span style=\"font-weight: 400;\"> \u0111\u1ea3m b\u1ea3o tr\u1ea3i nghi\u1ec7m t\u01b0\u01a1ng t\u1ef1 Android v\u1edbi giao di\u1ec7n th\u00e2n thi\u1ec7n v\u00e0 thao t\u00e1c \u0111\u01a1n gi\u1ea3n. Ng\u01b0\u1eddi d\u00f9ng iPhone ho\u1eb7c iPad c\u00f3 th\u1ec3 t\u1ea3i, c\u00e0i \u0111\u1eb7t nhanh ch\u00f3ng m\u00e0 kh\u00f4ng g\u1eb7p l\u1ed7i t\u01b0\u01a1ng th\u00edch. App ho\u1ea1t \u0111\u1ed9ng \u1ed5n \u0111\u1ecbnh tr\u00ean c\u00e1c phi\u00ean b\u1ea3n iOS m\u1edbi, h\u1ed7 tr\u1ee3 th\u00f4ng b\u00e1o k\u1ebft qu\u1ea3 k\u00e8o c\u01b0\u1ee3c, \u01b0u \u0111\u00e3i c\u0169ng nh\u01b0 tin t\u1ee9c nhanh.<\/span><\/p>\n<figure id=\"attachment_108\" aria-describedby=\"caption-attachment-108\" style=\"width: 800px\" class=\"wp-caption aligncenter\"><img loading=\"lazy\" decoding=\"async\" class=\"size-full wp-image-108\" src=\"https:\/\/inpasila.ru.com\/wp-content\/uploads\/2026\/04\/ung-dung-ho-tro-cai-dat-tren-cac-thiet-bi-ios-de-dang.jpg\" alt=\"\u1ee8ng d\u1ee5ng h\u1ed7 tr\u1ee3 c\u00e0i \u0111\u1eb7t tr\u00ean c\u00e1c thi\u1ebft b\u1ecb iOS d\u1ec5 d\u00e0ng\" width=\"800\" height=\"400\" srcset=\"https:\/\/inpasila.ru.com\/wp-content\/uploads\/2026\/04\/ung-dung-ho-tro-cai-dat-tren-cac-thiet-bi-ios-de-dang.jpg 800w, https:\/\/inpasila.ru.com\/wp-content\/uploads\/2026\/04\/ung-dung-ho-tro-cai-dat-tren-cac-thiet-bi-ios-de-dang-300x150.jpg 300w, https:\/\/inpasila.ru.com\/wp-content\/uploads\/2026\/04\/ung-dung-ho-tro-cai-dat-tren-cac-thiet-bi-ios-de-dang-768x384.jpg 768w\" sizes=\"auto, (max-width: 800px) 100vw, 800px\" \/><figcaption id=\"caption-attachment-108\" class=\"wp-caption-text\">\u1ee8ng d\u1ee5ng h\u1ed7 tr\u1ee3 c\u00e0i \u0111\u1eb7t tr\u00ean c\u00e1c thi\u1ebft b\u1ecb iOS d\u1ec5 d\u00e0ng<\/figcaption><\/figure>\n<ul>\n<li style=\"font-weight: 400;\" aria-level=\"1\"><span style=\"font-weight: 400;\">B\u01b0\u1edbc 1: Truy c\u1eadp link ch\u00ednh th\u1ee9c t\u1eeb website tr\u00ean tr\u00ecnh duy\u1ec7t Safari ho\u1eb7c Chrome.<\/span><\/li>\n<li style=\"font-weight: 400;\" aria-level=\"1\"><span style=\"font-weight: 400;\">B\u01b0\u1edbc 2: Nh\u1ea5n t\u1ea3i v\u1ec1 c\u0169ng nh\u01b0 ch\u1edd h\u1ec7 th\u1ed1ng c\u00e0i \u0111\u1eb7t file c\u00e0i \u0111\u1eb7t v\u1ec1 thi\u1ebft b\u1ecb.<\/span><\/li>\n<li style=\"font-weight: 400;\" aria-level=\"1\"><span style=\"font-weight: 400;\">B\u01b0\u1edbc 3: M\u1edf file r\u1ed3i ti\u1ebfn h\u00e0nh c\u00e0i \u0111\u1eb7t theo h\u01b0\u1edbng d\u1eabn, \u0111\u1ed3ng \u00fd c\u00e1c quy\u1ec1n truy c\u1eadp c\u1ea7n thi\u1ebft.<\/span><\/li>\n<li style=\"font-weight: 400;\" aria-level=\"1\"><span style=\"font-weight: 400;\">B\u01b0\u1edbc 4: \u0110\u0103ng nh\u1eadp \u0111\u1ec3 c\u00f3 th\u1ec3 tham gia to\u00e0n b\u1ed9 t\u00ednh n\u0103ng m\u1ed9t c\u00e1ch m\u01b0\u1ee3t m\u00e0 v\u00e0 \u0111\u1ea7y \u0111\u1ee7.<\/span><\/li>\n<\/ul>\n<h2><b>L\u01b0u \u00fd quan tr\u1ecdng khi t\u1ea3i app 789P h\u1ea1n ch\u1ebf l\u1ed7i thao t\u00e1c<\/b><\/h2>\n<p><span style=\"font-weight: 400;\">H\u1ed9i vi\u00ean c\u1ea7n chu\u1ea9n b\u1ecb c\u00e1c y\u1ebfu t\u1ed1 tr\u01b0\u1edbc khi <\/span><b>t\u1ea3i app 789P<\/b><span style=\"font-weight: 400;\"> \u0111\u1ec3 tr\u00e1nh l\u1ed7i thao t\u00e1c, \u0111\u1ea3m b\u1ea3o tr\u1ea3i nghi\u1ec7m m\u01b0\u1ee3t m\u00e0. Ki\u1ec3m tra dung l\u01b0\u1ee3ng, k\u1ebft n\u1ed1i m\u1ea1ng, quy\u1ec1n truy c\u1eadp v\u00e0 ngu\u1ed3n c\u00e0i \u0111\u1eb7t l\u00e0 nh\u1eefng b\u01b0\u1edbc quan tr\u1ecdng. Thao t\u00e1c \u0111\u00fang c\u00e1ch s\u1ebd gi\u00fap c\u00e1 c\u01b0\u1ee3c tr\u1ef1c tuy\u1ebfn \u1ed5n \u0111\u1ecbnh, nhanh ch\u00f3ng c\u0169ng nh\u01b0 an to\u00e0n tuy\u1ec7t \u0111\u1ed1i.<\/span><\/p>\n<h3><b>Ki\u1ec3m tra b\u1ed9 nh\u1edb thi\u1ebft b\u1ecb<\/b><\/h3>\n<p><span style=\"font-weight: 400;\">Tr\u01b0\u1edbc khi <\/span><b>t\u1ea3i app 789P<\/b><span style=\"font-weight: 400;\">, h\u1ed9i vi\u00ean n\u00ean ki\u1ec3m tra dung l\u01b0\u1ee3ng c\u00f2n tr\u1ed1ng tr\u00ean thi\u1ebft b\u1ecb. B\u1ed9 nh\u1edb \u0111\u1ee7 s\u1ebd gi\u00fap app ho\u1ea1t \u0111\u1ed9ng m\u01b0\u1ee3t m\u00e0 v\u00e0 h\u1ea1n ch\u1ebf gi\u00e1n \u0111o\u1ea1n khi s\u1eed d\u1ee5ng. Thi\u1ebft b\u1ecb thi\u1ebfu dung l\u01b0\u1ee3ng c\u00f3 th\u1ec3 g\u00e2y l\u1ed7i c\u00e0i \u0111\u1eb7t ho\u1eb7c khi\u1ebfn \u1ee9ng d\u1ee5ng ch\u1ea1y ch\u1eadm, \u1ea3nh h\u01b0\u1edfng tr\u1ea3i nghi\u1ec7m.<\/span><\/p>\n<h3><b>Ch\u1ecdn ngu\u1ed3n t\u1ea3i ch\u00ednh th\u1ed1ng<\/b><\/h3>\n<p><span style=\"font-weight: 400;\">\u0110\u1ea3m b\u1ea3o <\/span><b>t\u1ea3i app 789P<\/b><span style=\"font-weight: 400;\"> t\u1eeb ngu\u1ed3n ch\u00ednh th\u1ee9c l\u00e0 b\u01b0\u1edbc quan tr\u1ecdng \u0111\u1ec3 tr\u00e1nh c\u00e1c \u1ee9ng d\u1ee5ng gi\u1ea3 m\u1ea1o. Vi\u1ec7c s\u1eed d\u1ef1ng link ho\u1eb7c website do nh\u00e0 c\u00e1i cung c\u1ea5p gi\u00fap b\u1ea3o m\u1eadt th\u00f4ng tin c\u00e1 nh\u00e2n v\u00e0 t\u00e0i kho\u1ea3n. C\u00e0i \u0111\u1eb7t app t\u1eeb ngu\u1ed3n uy t\u00edn c\u00f2n gi\u00fap \u1ee9ng d\u1ee5ng ho\u1ea1t \u0111\u1ed9ng \u1ed5n \u0111\u1ecbnh, kh\u00f4ng g\u1eb7p l\u1ed7i download ho\u1eb7c c\u00e0i \u0111\u1eb7t.<\/span><\/p>\n<figure id=\"attachment_111\" aria-describedby=\"caption-attachment-111\" style=\"width: 800px\" class=\"wp-caption aligncenter\"><img loading=\"lazy\" decoding=\"async\" class=\"size-full wp-image-111\" src=\"https:\/\/inpasila.ru.com\/wp-content\/uploads\/2026\/04\/download-tu-nguon-chinh-thong-giup-dam-bao-an-toan.jpg\" alt=\"Download t\u1eeb ngu\u1ed3n ch\u00ednh th\u1ed1ng gi\u00fap \u0111\u1ea3m b\u1ea3o an to\u00e0n\" width=\"800\" height=\"400\" srcset=\"https:\/\/inpasila.ru.com\/wp-content\/uploads\/2026\/04\/download-tu-nguon-chinh-thong-giup-dam-bao-an-toan.jpg 800w, https:\/\/inpasila.ru.com\/wp-content\/uploads\/2026\/04\/download-tu-nguon-chinh-thong-giup-dam-bao-an-toan-300x150.jpg 300w, https:\/\/inpasila.ru.com\/wp-content\/uploads\/2026\/04\/download-tu-nguon-chinh-thong-giup-dam-bao-an-toan-768x384.jpg 768w\" sizes=\"auto, (max-width: 800px) 100vw, 800px\" \/><figcaption id=\"caption-attachment-111\" class=\"wp-caption-text\">Download t\u1eeb ngu\u1ed3n ch\u00ednh th\u1ed1ng gi\u00fap \u0111\u1ea3m b\u1ea3o an to\u00e0n<\/figcaption><\/figure>\n<p><span style=\"font-weight: 400;\">Ngo\u00e0i ra, ngu\u1ed3n ch\u00ednh th\u1ee9c lu\u00f4n cung c\u1ea5p phi\u00ean b\u1ea3n m\u1edbi nh\u1ea5t, t\u1ed1i \u01b0u t\u1ed1c \u0111\u1ed9 v\u00e0 tr\u1ea3i nghi\u1ec7m. H\u1ed9i vi\u00ean s\u1ebd \u0111\u01b0\u1ee3c c\u1eadp nh\u1eadt \u0111\u1ea7y \u0111\u1ee7 c\u00e1c t\u00ednh n\u0103ng m\u1edbi, k\u00e8m theo giao di\u1ec7n m\u01b0\u1ee3t m\u00e0 c\u0169ng nh\u01b0 thao t\u00e1c thu\u1eadn ti\u1ec7n. Vi\u1ec7c n\u00e0y \u0111\u1eb7c bi\u1ec7t c\u1ea7n thi\u1ebft \u0111\u1ec3 tr\u00e1nh r\u1ee7i ro malware ho\u1eb7c l\u1ed7i kh\u00f4ng mong mu\u1ed1n khi ch\u01a1i.<\/span><\/p>\n<h3><b>C\u1eadp nh\u1eadt h\u1ec7 \u0111i\u1ec1u h\u00e0nh<\/b><\/h3>\n<p><span style=\"font-weight: 400;\">Tr\u01b0\u1edbc khi <\/span><b>t\u1ea3i app 789P<\/b><span style=\"font-weight: 400;\">, h\u1ed9i vi\u00ean c\u1ea7n \u0111\u1ea3m b\u1ea3o thi\u1ebft b\u1ecb \u0111ang ch\u1ea1y h\u1ec7 \u0111i\u1ec1u h\u00e0nh m\u1edbi nh\u1ea5t. Phi\u00ean b\u1ea3n iOS c\u0169 c\u00f3 th\u1ec3 g\u00e2y l\u1ed7i c\u00e0i \u0111\u1eb7t, gi\u00e1n \u0111o\u1ea1n thao t\u00e1c ho\u1eb7c l\u00e0m m\u1ed9t s\u1ed1 t\u00ednh n\u0103ng kh\u00f4ng ho\u1ea1t \u0111\u1ed9ng. Vi\u1ec7c c\u1eadp nh\u1eadt gi\u00fap app t\u01b0\u01a1ng th\u00edch t\u1ed1i \u0111a, ch\u1ea1y m\u01b0\u1ee3t m\u00e0 v\u00e0 \u1ed5n \u0111\u1ecbnh tr\u00ean c\u1ea3 Android l\u1eabn iOS.<\/span><\/p>\n<p><span style=\"font-weight: 400;\">C\u1eadp nh\u1eadt h\u1ec7 \u0111i\u1ec1u h\u00e0nh c\u00f2n t\u0103ng c\u01b0\u1eddng b\u1ea3o m\u1eadt thi\u1ebft b\u1ecb, h\u1ea1n ch\u1ebf r\u1ee7i ro c\u00e1 c\u01b0\u1ee3c tr\u1ef1c tuy\u1ebfn. <\/span><b>T\u1ea3i app tr\u00ean \u0111i\u1ec7n tho\u1ea1i<\/b><span style=\"font-weight: 400;\"> s\u1ebd t\u1eadn d\u1ee5ng t\u1ed1i \u0111a c\u00e1c t\u00ednh n\u0103ng m\u1edbi, t\u1eeb h\u1ec7 th\u1ed1ng b\u00e1o k\u00e8o \u0111\u1ebfn tr\u1ea3i nghi\u1ec7m s\u00f2ng b\u00e0i tr\u1ef1c tuy\u1ebfn. \u0110\u00e2y l\u00e0 b\u01b0\u1edbc quan tr\u1ecdng \u0111\u1ec3 tr\u1ea3i nghi\u1ec7m gi\u1ea3i tr\u00ed tr\u1ecdn v\u1eb9n v\u00e0 an to\u00e0n.<\/span><\/p>\n<h3><b>K\u1ebft n\u1ed1i m\u1ea1ng \u1ed5n \u0111\u1ecbnh<\/b><\/h3>\n<p><span style=\"font-weight: 400;\">Ng\u01b0\u1eddi ch\u01a1i c\u1ea7n \u0111\u1ea3m b\u1ea3o k\u1ebft n\u1ed1i m\u1ea1ng \u1ed5n \u0111\u1ecbnh khi <\/span><b>t\u1ea3i app 789P<\/b><span style=\"font-weight: 400;\">. Wifi m\u1ea1nh ho\u1eb7c 4G\/5G t\u1ed1c \u0111\u1ed9 cao gi\u00fap qu\u00e1 tr\u00ecnh c\u00e0i \u0111\u1eb7t nhanh, tr\u00e1nh gi\u00e1n \u0111o\u1ea1n v\u00e0 l\u1ed7i thao t\u00e1c. K\u1ebft n\u1ed1i \u1ed5n \u0111\u1ecbnh c\u0169ng quan tr\u1ecdng khi tham gia c\u01b0\u1ee3c tr\u1ef1c tuy\u1ebfn c\u0169ng nh\u01b0 c\u1eadp nh\u1eadt k\u1ebft qu\u1ea3 th\u1eddi gian th\u1ef1c.<\/span><\/p>\n<h2><b>L\u1eddi k\u1ebft<\/b><\/h2>\n<p><b>T\u1ea3i app 789P <\/b><span style=\"font-weight: 400;\">mang \u0111\u1ebfn tr\u1ea3i nghi\u1ec7m c\u00e1 c\u01b0\u1ee3c to\u00e0n di\u1ec7n, nhanh ch\u00f3ng v\u00e0 an to\u00e0n t\u1ea1i <\/span><b>789P<\/b><span style=\"font-weight: 400;\">. Thao t\u00e1c \u0111\u00fang c\u00e1ch c\u00f9ng vi\u1ec7c ch\u00fa \u00fd c\u00e1c l\u01b0u \u00fd gi\u00fap ng\u01b0\u1eddi ch\u01a1i t\u1eadn h\u01b0\u1edfng m\u1ecdi t\u00ednh n\u0103ng m\u00e0 kh\u00f4ng g\u1eb7p gi\u00e1n \u0111o\u1ea1n.<\/span><\/p>\n","protected":false},"excerpt":{"rendered":"<p>T\u1ea3i App 789P &#8211; Nhanh Ch\u00f3ng Tr\u1ea3i Nghi\u1ec7m C\u01b0\u1ee3c Ti\u1ec7n L\u1ee3i T\u1ea3i app 789P gi\u00fap ng\u01b0\u1eddi tham gia c\u00e1 c\u01b0\u1ee3c tr\u1ef1c tuy\u1ebfn d\u1ec5 d\u00e0ng h\u01a1n. \u1ee8ng d\u1ee5ng t\u1ed1i \u01b0u cho c\u1ea3 Android v\u1edbi iOS, giao di\u1ec7n tr\u1ef1c quan v\u00e0 thao t\u00e1c nhanh. T\u00edch h\u1ee3p \u0111\u1ea7y \u0111\u1ee7 c\u00e1c t\u00ednh n\u0103ng ti\u1ec7n l\u1ee3i h\u1ed7 tr\u1ee3 qu\u00e1 tr\u00ecnh [&#8230;]\n","protected":false},"author":1,"featured_media":109,"parent":0,"menu_order":0,"comment_status":"closed","ping_status":"closed","template":"","meta":{"footnotes":""},"class_list":["post-107","page","type-page","status-publish","has-post-thumbnail","hentry"],"_links":{"self":[{"href":"https:\/\/inpasila.ru.com\/index.php\/wp-json\/wp\/v2\/pages\/107","targetHints":{"allow":["GET"]}}],"collection":[{"href":"https:\/\/inpasila.ru.com\/index.php\/wp-json\/wp\/v2\/pages"}],"about":[{"href":"https:\/\/inpasila.ru.com\/index.php\/wp-json\/wp\/v2\/types\/page"}],"author":[{"embeddable":true,"href":"https:\/\/inpasila.ru.com\/index.php\/wp-json\/wp\/v2\/users\/1"}],"replies":[{"embeddable":true,"href":"https:\/\/inpasila.ru.com\/index.php\/wp-json\/wp\/v2\/comments?post=107"}],"version-history":[{"count":2,"href":"https:\/\/inpasila.ru.com\/index.php\/wp-json\/wp\/v2\/pages\/107\/revisions"}],"predecessor-version":[{"id":113,"href":"https:\/\/inpasila.ru.com\/index.php\/wp-json\/wp\/v2\/pages\/107\/revisions\/113"}],"wp:featuredmedia":[{"embeddable":true,"href":"https:\/\/inpasila.ru.com\/index.php\/wp-json\/wp\/v2\/media\/109"}],"wp:attachment":[{"href":"https:\/\/inpasila.ru.com\/index.php\/wp-json\/wp\/v2\/media?parent=107"}],"curies":[{"name":"wp","href":"https:\/\/api.w.org\/{rel}","templated":true}]}}