{"id":114,"date":"2026-04-05T04:39:41","date_gmt":"2026-04-05T04:39:41","guid":{"rendered":"https:\/\/hn.sa.com\/?page_id=114"},"modified":"2026-04-05T04:39:41","modified_gmt":"2026-04-05T04:39:41","slug":"the-thao-789p","status":"publish","type":"page","link":"https:\/\/inpasila.ru.com\/index.php\/the-thao-789p\/","title":{"rendered":"Th\u1ec3 Thao 789P &#8211; S\u00e2n Ch\u01a1i Linh Ho\u1ea1t \u0110a D\u1ea1ng L\u1ef1a Ch\u1ecdn"},"content":{"rendered":"<h1 style=\"text-align: center;\"><b>Th\u1ec3 Thao 789P &#8211; S\u00e2n Ch\u01a1i Linh Ho\u1ea1t \u0110a D\u1ea1ng L\u1ef1a Ch\u1ecdn<\/b><\/h1>\n<p><b>Th\u1ec3 thao 789P<\/b><span style=\"font-weight: 400;\"> x\u00e2y d\u1ef1ng h\u1ec7 th\u1ed1ng c\u00e1 c\u01b0\u1ee3c theo h\u01b0\u1edbng t\u1ed1i \u01b0u tr\u1ea3i nghi\u1ec7m th\u1ef1c t\u1ebf, t\u1eadp trung v\u00e0o t\u1ed1c \u0111\u1ed9 x\u1eed l\u00fd v\u00e0 s\u1ef1 \u0111a d\u1ea1ng k\u00e8o. H\u1ed9i vi\u00ean d\u1ec5 d\u00e0ng ti\u1ebfp c\u1eadn nhi\u1ec1u b\u1ed9 m\u00f4n quen thu\u1ed9c, theo d\u00f5i tr\u1eadn \u0111\u1ea5u v\u00e0 \u0111\u01b0a ra quy\u1ebft \u0111\u1ecbnh nhanh ch\u00f3ng t\u1ea1i <\/span><b>789P<\/b><span style=\"font-weight: 400;\">. M\u1ed7i t\u00ednh n\u0103ng \u0111\u1ec1u \u0111\u01b0\u1ee3c t\u1ed1i \u01b0u \u0111\u1ec3 ph\u00f9 h\u1ee3p v\u1edbi th\u00f3i quen s\u1eed d\u1ee5ng hi\u1ec7n \u0111\u1ea1i.<\/span><\/p>\n<h2><b>Th\u1ec3 thao 789P c\u00f9ng v\u1edbi tr\u1ea3i nghi\u1ec7m c\u00e1 c\u01b0\u1ee3c \u0111\u1eb3ng c\u1ea5p<\/b><\/h2>\n<p><b>789P <\/b><span style=\"font-weight: 400;\">\u0111\u01b0\u1ee3c thi\u1ebft k\u1ebf theo h\u01b0\u1edbng t\u1ed1i gi\u1ea3n thao t\u00e1c nh\u1eefng v\u1eabn gi\u1eef \u0111\u1ea7y \u0111\u1ee7 ch\u1ee9c n\u0103ng c\u1ea7n thi\u1ebft. H\u1ec7 th\u1ed1ng x\u1eed l\u00fd \u1ed5n \u0111\u1ecbnh gi\u00fap qu\u00e1 tr\u00ecnh \u0111\u1eb7t c\u01b0\u1ee3c di\u1ec5n ra nhanh v\u00e0 h\u1ea1n ch\u1ebf gi\u00e1n \u0111o\u1ea1n. Ng\u01b0\u1eddi ch\u01a1i c\u00f3 th\u1ec3 theo d\u00f5i bi\u1ebfn \u0111\u1ed9ng k\u00e8o theo th\u1eddi gian th\u1ef1c t\u1ebf \u0111\u1ec3 n\u1eafm b\u1eaft c\u01a1 h\u1ed9i t\u1ed1t nh\u1ea5t.<\/span><\/p>\n<figure id=\"attachment_116\" aria-describedby=\"caption-attachment-116\" style=\"width: 800px\" class=\"wp-caption aligncenter\"><img loading=\"lazy\" decoding=\"async\" class=\"size-full wp-image-116\" src=\"https:\/\/inpasila.ru.com\/wp-content\/uploads\/2026\/04\/trai-nghiem-ca-cuoc-the-thao-789p-dinh-dam-hien-nay.jpg\" alt=\"Tr\u1ea3i nghi\u1ec7m c\u00e1 c\u01b0\u1ee3c th\u1ec3 thao 789P \u0111\u00ecnh \u0111\u00e1m hi\u1ec7n nay\" width=\"800\" height=\"400\" srcset=\"https:\/\/inpasila.ru.com\/wp-content\/uploads\/2026\/04\/trai-nghiem-ca-cuoc-the-thao-789p-dinh-dam-hien-nay.jpg 800w, https:\/\/inpasila.ru.com\/wp-content\/uploads\/2026\/04\/trai-nghiem-ca-cuoc-the-thao-789p-dinh-dam-hien-nay-300x150.jpg 300w, https:\/\/inpasila.ru.com\/wp-content\/uploads\/2026\/04\/trai-nghiem-ca-cuoc-the-thao-789p-dinh-dam-hien-nay-768x384.jpg 768w\" sizes=\"auto, (max-width: 800px) 100vw, 800px\" \/><figcaption id=\"caption-attachment-116\" class=\"wp-caption-text\">Tr\u1ea3i nghi\u1ec7m c\u00e1 c\u01b0\u1ee3c th\u1ec3 thao 789P \u0111\u00ecnh \u0111\u00e1m hi\u1ec7n nay<\/figcaption><\/figure>\n<p><b>Th\u1ec3 thao 789P<\/b><span style=\"font-weight: 400;\"> c\u00f2n ch\u00fa tr\u1ecdng hi\u1ec3n th\u1ecb th\u00f4ng tin tr\u1eadn \u0111\u1ea5u r\u00f5 r\u00e0ng. C\u00e1c ch\u1ec9 s\u1ed1 v\u00e0 th\u1ed1ng k\u00ea \u0111\u01b0\u1ee3c c\u1eadp nh\u1eadt li\u00ean t\u1ee5c \u0111\u1ec3 h\u1ed7 tr\u1ee3 quy\u1ebft \u0111\u1ecbnh c\u1ee7a ng\u01b0\u1eddi ch\u01a1i. \u0110i\u1ec1u n\u00e0y gi\u00fap ng\u01b0\u1eddi tham gia ki\u1ec3m so\u00e1t l\u1ef1a ch\u1ecdn t\u1ed1t h\u01a1n v\u00e0 t\u1ed1i \u01b0u tr\u1ea3i nghi\u1ec7m c\u00e1 c\u01b0\u1ee3c. Tr\u1ea3i nghi\u1ec7m t\u1ed5ng th\u1ec3 v\u00ec th\u1ebf tr\u1edf n\u00ean li\u1ec1n m\u1ea1ch v\u00e0 d\u1ec5 ti\u1ebfp c\u1eadn h\u01a1n.<\/span><\/p>\n<h2><b>Danh m\u1ee5c th\u1ec3 thao 789P \u0111a d\u1ea1ng c\u00e1c b\u1ed9 m\u00f4n h\u1ea5p d\u1eabn<\/b><\/h2>\n<p><b>Th\u1ec3 thao 789P<\/b><span style=\"font-weight: 400;\"> cung c\u1ea5p nhi\u1ec1u b\u1ed9 m\u00f4n ph\u1ed5 bi\u1ebfn ph\u00f9 h\u1ee3p v\u1edbi th\u00f3i quen gi\u1ea3i tr\u00ed hi\u1ec7n nay. M\u1ed7i danh m\u1ee5c \u0111\u1ec1u \u0111\u01b0\u1ee3c ph\u00e2n chia r\u00f5 r\u00e0ng \u0111\u1ec3 ng\u01b0\u1eddi ch\u01a1i d\u1ec5 t\u00ecm ki\u1ebfm. <\/span><b>C\u00e1 c\u01b0\u1ee3c th\u1ec3 thao tr\u1ef1c tuy\u1ebfn <\/b><span style=\"font-weight: 400;\">v\u1edbi giao di\u1ec7n hi\u1ec3n th\u1ecb tr\u1ef1c quan gi\u00fap ti\u1ebfp c\u1eadn nhanh t\u1eebng tr\u1eadn \u0111\u1ea5u. Nh\u1edd \u0111\u00f3, tr\u1ea3i nghi\u1ec7m c\u00e1 c\u01b0\u1ee3c tr\u1edf n\u00ean linh ho\u1ea1t h\u01a1n trong m\u1ecdi khung gi\u1edd.<\/span><\/p>\n<h3><b>B\u00f3ng r\u1ed5<\/b><\/h3>\n<p><span style=\"font-weight: 400;\">B\u00f3ng r\u1ed5 t\u1ea1i <\/span><b>th\u1ec3 thao 789P<\/b><span style=\"font-weight: 400;\"> mang \u0111\u1ebfn tr\u1ea3i nghi\u1ec7m nhanh v\u1edbi nhi\u1ec1u t\u00ecnh hu\u1ed1ng thay \u0111\u1ed5i li\u00ean t\u1ee5c. C\u00e1c gi\u1ea3i \u0111\u1ea5u l\u1edbn \u0111\u01b0\u1ee3c c\u1eadp nh\u1eadt \u0111\u1ea7y \u0111\u1ee7 c\u00f9ng th\u00f4ng tin chi ti\u1ebft t\u1eebng tr\u1eadn. Ng\u01b0\u1eddi ch\u01a1i c\u00f3 th\u1ec3 theo d\u00f5i t\u1ef7 s\u1ed1 theo t\u1eebng hi\u1ec7p m\u1ed9t c\u00e1ch r\u00f5 r\u00e0ng. Nh\u1ecbp thi \u0111\u1ea5u d\u1ed3n d\u1eadp t\u1ea1o c\u1ea3m gi\u00e1c cu\u1ed1n h\u00fat xuy\u00ean su\u1ed1t.<\/span><\/p>\n<p><span style=\"font-weight: 400;\">B\u00ean c\u1ea1nh \u0111\u00f3, h\u1ec7 th\u1ed1ng k\u00e8o c\u01b0\u1ee3c \u0111\u01b0\u1ee3c \u0111i\u1ec1u ch\u1ec9nh theo di\u1ec5n bi\u1ebfn tr\u00ean s\u00e2n \u0111\u1ea5u. \u0110i\u1ec1u n\u00e0y gi\u00fap ng\u01b0\u1eddi tham gia linh ho\u1ea1t trong t\u1eebng quy\u1ebft \u0111\u1ecbnh. C\u00e1c l\u1ef1a ch\u1ecdn \u0111\u01b0\u1ee3c hi\u1ec3n th\u1ecb r\u00f5 r\u00e0ng \u0111\u1ec3 d\u1ec5 thao t\u00e1c. Nh\u1edd v\u1eady, tr\u1ea3i nghi\u1ec7m c\u00e1 c\u01b0\u1ee3c tr\u1edf n\u00ean h\u1ea5p d\u1eabn v\u00e0 d\u1ec5 b\u1eaft nh\u1ecbp h\u01a1n.<\/span><\/p>\n<h3><b>B\u00f3ng \u0111\u00e1<\/b><\/h3>\n<p><span style=\"font-weight: 400;\">B\u00f3ng \u0111\u00e1 lu\u00f4n gi\u1eef v\u1ecb tr\u00ed n\u1ed5i b\u1eadt t\u1ea1i <\/span><b>th\u1ec3 thao 789P<\/b><span style=\"font-weight: 400;\"> nh\u1edd l\u01b0\u1ee3ng tr\u1eadn \u0111\u1ea5u phong ph\u00fa m\u1ed7i ng\u00e0y. C\u00e1c gi\u1ea3i t\u1eeb c\u1ea5p c\u00e2u l\u1ea1c b\u1ed9 \u0111\u1ebfn \u0111\u1ea5u tr\u01b0\u1eddng qu\u1ed1c t\u1ebf \u0111\u1ec1u \u0111\u01b0\u1ee3c c\u1eadp nh\u1eadt nhanh v\u00e0 \u0111\u1ea7y \u0111\u1ee7. H\u1ed9i vi\u00ean d\u1ec5 d\u00e0ng theo d\u00f5i l\u1ecbch thi \u0111\u1ea5u c\u0169ng nh\u01b0 bi\u1ebfn \u0111\u1ed9ng k\u00e8o theo t\u1eebng th\u1eddi \u0111i\u1ec3m. Nh\u1ecbp tr\u1eadn li\u00ean t\u1ee5c t\u1ea1o ra nhi\u1ec1u c\u01a1 h\u1ed9i l\u1ef1a ch\u1ecdn linh ho\u1ea1t.<\/span><\/p>\n<p><span style=\"font-weight: 400;\">Ngo\u00e0i ra, h\u1ec7 th\u1ed1ng c\u00f2n cung c\u1ea5p d\u1eef li\u1ec7u chuy\u00ean s\u00e2u v\u1ec1 phong \u0111\u1ed9 v\u00e0 l\u1ecbch s\u1eed \u0111\u1ed1i \u0111\u1ea7u. Th\u00f4ng tin \u0111\u01b0\u1ee3c tr\u00ecnh b\u00e0y r\u00f5 r\u00e0ng gi\u00fap ng\u01b0\u1eddi ch\u01a1i d\u1ec5 ti\u1ebfp c\u1eadn. C\u00e1c ch\u1ec9 s\u1ed1 quan tr\u1ecdng h\u1ed7 tr\u1ee3 vi\u1ec7c ph\u00e2n t\u00edch tr\u01b0\u1edbc khi <\/span><b>c\u00e1 c\u01b0\u1ee3c th\u1ec3 thao online<\/b><span style=\"font-weight: 400;\">. Nh\u1edd \u0111\u00f3, tr\u1ea3i nghi\u1ec7m tr\u1edf n\u00ean th\u1ef1c t\u1ebf v\u00e0 c\u00f3 c\u01a1 s\u1edf h\u01a1n.<\/span><\/p>\n<figure id=\"attachment_119\" aria-describedby=\"caption-attachment-119\" style=\"width: 800px\" class=\"wp-caption aligncenter\"><img loading=\"lazy\" decoding=\"async\" class=\"size-full wp-image-119\" src=\"https:\/\/inpasila.ru.com\/wp-content\/uploads\/2026\/04\/bong-da-la-bo-mon-ca-cuoc-duoc-nhieu-nguoi-quan-tam.jpg\" alt=\"B\u00f3ng \u0111\u00e1 l\u00e0 b\u1ed9 m\u00f4n c\u00e1 c\u01b0\u1ee3c \u0111\u01b0\u1ee3c nhi\u1ec1u ng\u01b0\u1eddi quan t\u00e2m\" width=\"800\" height=\"400\" srcset=\"https:\/\/inpasila.ru.com\/wp-content\/uploads\/2026\/04\/bong-da-la-bo-mon-ca-cuoc-duoc-nhieu-nguoi-quan-tam.jpg 800w, https:\/\/inpasila.ru.com\/wp-content\/uploads\/2026\/04\/bong-da-la-bo-mon-ca-cuoc-duoc-nhieu-nguoi-quan-tam-300x150.jpg 300w, https:\/\/inpasila.ru.com\/wp-content\/uploads\/2026\/04\/bong-da-la-bo-mon-ca-cuoc-duoc-nhieu-nguoi-quan-tam-768x384.jpg 768w\" sizes=\"auto, (max-width: 800px) 100vw, 800px\" \/><figcaption id=\"caption-attachment-119\" class=\"wp-caption-text\">B\u00f3ng \u0111\u00e1 l\u00e0 b\u1ed9 m\u00f4n c\u00e1 c\u01b0\u1ee3c \u0111\u01b0\u1ee3c nhi\u1ec1u ng\u01b0\u1eddi quan t\u00e2m<\/figcaption><\/figure>\n<h3><b>ESports<\/b><\/h3>\n<p><span style=\"font-weight: 400;\">ESports \u0111ang tr\u1edf th\u00e0nh l\u1ef1a ch\u1ecdn ph\u1ed5 bi\u1ebfn tr\u00ean <\/span><b>th\u1ec3 thao 789P<\/b><span style=\"font-weight: 400;\"> nh\u1edd t\u00ednh hi\u1ec7n \u0111\u1ea1i v\u00e0 t\u1ed1c \u0111\u1ed9. Nhi\u1ec1u t\u1ef1a game n\u1ed5i b\u1eadt \u0111\u01b0\u1ee3c c\u1eadp nh\u1eadt l\u1ecbch thi \u0111\u1ea5u li\u00ean t\u1ee5c. H\u1ed9i vi\u00ean c\u00f3 th\u1ec3 theo d\u00f5i tr\u1eadn \u0111\u1ea5u theo th\u1eddi gian th\u1ef1c v\u1edbi d\u1eef li\u1ec7u r\u00f5 r\u00e0ng. Kh\u00f4ng kh\u00ed thi \u0111\u1ea5u lu\u00f4n s\u00f4i \u0111\u1ed9ng v\u00e0 gi\u00e0u t\u00ednh c\u1ea1nh tranh.<\/span><\/p>\n<p><span style=\"font-weight: 400;\">Ngo\u00e0i ra, h\u1ec7 th\u1ed1ng k\u00e8o \u0111\u01b0\u1ee3c thi\u1ebft k\u1ebf ph\u00f9 h\u1ee3p t\u1eebng th\u1ec3 lo\u1ea1i game. \u0110i\u1ec1u n\u00e0y gi\u00fap ng\u01b0\u1eddi tham gia d\u1ec5 hi\u1ec3u c\u00e1ch \u0111\u1eb7t c\u01b0\u1ee3c ngay t\u1eeb \u0111\u1ea7u. C\u00e1c th\u00f4ng tin \u0111\u01b0\u1ee3c tr\u00ecnh b\u00e0y tr\u1ef1c quan \u0111\u1ec3 h\u1ed7 tr\u1ee3 thao t\u00e1c nhanh. Tr\u1ea3i nghi\u1ec7m v\u00ec th\u1ebf tr\u1edf n\u00ean linh ho\u1ea1t v\u00e0 ph\u00f9 h\u1ee3p v\u1edbi xu h\u01b0\u1edbng m\u1edbi.<\/span><\/p>\n<h3><b>Qu\u1ea7n v\u1ee3t<\/b><\/h3>\n<p><span style=\"font-weight: 400;\">Qu\u1ea7n v\u1ee3t t\u1ea1i <\/span><b>th\u1ec3 thao 789P<\/b><span style=\"font-weight: 400;\"> mang \u0111\u1ebfn tr\u1ea3i nghi\u1ec7m theo t\u1eebng set \u0111\u1ea5u r\u00f5 r\u00e0ng v\u00e0 d\u1ec5 theo d\u00f5i. H\u1ed9i vi\u00ean c\u00f3 th\u1ec3 n\u1eafm b\u1eaft di\u1ec5n bi\u1ebfn tr\u1eadn \u0111\u1ea5u qua t\u1eebng pha b\u00f3ng c\u1ee5 th\u1ec3. Th\u00f4ng tin v\u1ec1 v\u1eadn \u0111\u1ed9ng vi\u00ean \u0111\u01b0\u1ee3c c\u1eadp nh\u1eadt \u0111\u1ea7y \u0111\u1ee7 tr\u01b0\u1edbc v\u00e0 trong tr\u1eadn. Nh\u1edd \u0111\u00f3, vi\u1ec7c ph\u00e2n t\u00edch tr\u1edf n\u00ean thu\u1eadn ti\u1ec7n h\u01a1n.<\/span><\/p>\n<p><span style=\"font-weight: 400;\">H\u1ec7 th\u1ed1ng k\u00e8o thay \u0111\u1ed5i theo t\u1eebng th\u1eddi \u0111i\u1ec3m thi \u0111\u1ea5u \u0111\u1ec3 ph\u00f9 h\u1ee3p di\u1ec5n bi\u1ebfn th\u1ef1c t\u1ebf. H\u1ed9i vi\u00ean c\u00f3 th\u1ec3 \u0111i\u1ec1u ch\u1ec9nh l\u1ef1a ch\u1ecdn ngay khi tr\u1eadn \u0111\u1ea5u di\u1ec5n ra. C\u00e1c d\u1eef li\u1ec7u \u0111\u01b0\u1ee3c hi\u1ec3n th\u1ecb r\u00f5 gi\u00fap h\u1ea1n ch\u1ebf sai s\u00f3t khi thao t\u00e1c. Tr\u1ea3i nghi\u1ec7m v\u00ec th\u1ebf tr\u1edf n\u00ean li\u1ec1n m\u1ea1ch v\u00e0 c\u00f3 chi\u1ec1u s\u00e2u h\u01a1n.<\/span><\/p>\n<h2><b>T\u1ed5ng h\u1ee3p c\u00e1c lo\u1ea1i k\u00e8o c\u01b0\u1ee3c t\u1ea1i th\u1ec3 thao 789P<\/b><\/h2>\n<p><b>Th\u1ec3 thao 789P<\/b><span style=\"font-weight: 400;\"> x\u00e2y d\u1ef1ng h\u1ec7 th\u1ed1ng k\u00e8o \u0111a d\u1ea1ng nh\u1eb1m \u0111\u00e1p \u1ee9ng nhi\u1ec1u phong c\u00e1ch ch\u01a1i kh\u00e1c nhau. M\u1ed7i lo\u1ea1i k\u00e8o \u0111\u1ec1u c\u00f3 c\u00e1ch ti\u1ebfp c\u1eadn ri\u00eang nh\u01b0ng v\u1eabn d\u1ec5 hi\u1ec3u. Ng\u01b0\u1eddi ch\u01a1i c\u00f3 th\u1ec3 l\u1ef1a ch\u1ecdn t\u00f9y theo kinh nghi\u1ec7m c\u00e1 nh\u00e2n. Vi\u1ec7c ph\u00e2n lo\u1ea1i r\u00f5 r\u00e0ng gi\u00fap thao t\u00e1c nhanh v\u00e0 ch\u00ednh x\u00e1c h\u01a1n.<\/span><\/p>\n<figure id=\"attachment_118\" aria-describedby=\"caption-attachment-118\" style=\"width: 800px\" class=\"wp-caption aligncenter\"><img loading=\"lazy\" decoding=\"async\" class=\"size-full wp-image-118\" src=\"https:\/\/inpasila.ru.com\/wp-content\/uploads\/2026\/04\/da-dang-keo-hay-giup-hoi-vien-de-quyet-dinh.jpg\" alt=\"\u0110a d\u1ea1ng k\u00e8o hay gi\u00fap h\u1ed9i vi\u00ean d\u1ec5 quy\u1ebft \u0111\u1ecbnh\" width=\"800\" height=\"400\" srcset=\"https:\/\/inpasila.ru.com\/wp-content\/uploads\/2026\/04\/da-dang-keo-hay-giup-hoi-vien-de-quyet-dinh.jpg 800w, https:\/\/inpasila.ru.com\/wp-content\/uploads\/2026\/04\/da-dang-keo-hay-giup-hoi-vien-de-quyet-dinh-300x150.jpg 300w, https:\/\/inpasila.ru.com\/wp-content\/uploads\/2026\/04\/da-dang-keo-hay-giup-hoi-vien-de-quyet-dinh-768x384.jpg 768w\" sizes=\"auto, (max-width: 800px) 100vw, 800px\" \/><figcaption id=\"caption-attachment-118\" class=\"wp-caption-text\">\u0110a d\u1ea1ng k\u00e8o hay gi\u00fap h\u1ed9i vi\u00ean d\u1ec5 quy\u1ebft \u0111\u1ecbnh<\/figcaption><\/figure>\n<table>\n<tbody>\n<tr>\n<td><span style=\"font-weight: 400;\">Lo\u1ea1i k\u00e8o<\/span><\/td>\n<td><span style=\"font-weight: 400;\">M\u00f4 t\u1ea3<\/span><\/td>\n<\/tr>\n<tr>\n<td><span style=\"font-weight: 400;\">K\u00e8o ch\u00e2u \u00c1<\/span><\/td>\n<td><span style=\"font-weight: 400;\">So s\u00e1nh t\u1ef7 l\u1ec7 th\u1eafng thua gi\u1eefa hai \u0111\u1ed9i v\u00e0 \u00e1p d\u1ee5ng \u0111i\u1ec3m ch\u1ea5p \u0111\u1ec3 c\u00e2n b\u1eb1ng c\u01a1 h\u1ed9i. H\u1ed9i vi\u00ean th\u1eafng khi \u0111\u1ed9i \u0111\u01b0\u1ee3c ch\u1ecdn v\u01b0\u1ee3t qua \u0111i\u1ec3m ch\u1ea5p.<\/span><\/td>\n<\/tr>\n<tr>\n<td><span style=\"font-weight: 400;\">K\u00e8o ch\u00e2u \u00c2u<\/span><\/td>\n<td><span style=\"font-weight: 400;\">D\u1ef1 \u0111o\u00e1n k\u1ebft qu\u1ea3 cu\u1ed1i c\u00f9ng th\u1eafng, thua ho\u1eb7c h\u00f2a (1X2). K\u00e8o n\u00e0y ph\u00f9 h\u1ee3p v\u1edbi ng\u01b0\u1eddi m\u1edbi v\u00ec c\u00e1ch ch\u01a1i \u0111\u01a1n gi\u1ea3n v\u00e0 d\u1ec5 hi\u1ec3u.<\/span><\/td>\n<\/tr>\n<tr>\n<td><span style=\"font-weight: 400;\">K\u00e8o t\u00e0i x\u1ec9u<\/span><\/td>\n<td><span style=\"font-weight: 400;\">D\u1ef1 \u0111o\u00e1n t\u1ed5ng \u0111i\u1ec3m ho\u1eb7c s\u1ed1 b\u00e0n th\u1eafng c\u1ee7a tr\u1eadn \u0111\u1ea5u v\u01b0\u1ee3t ho\u1eb7c kh\u00f4ng v\u01b0\u1ee3t m\u1ee9c \u0111\u00e3 \u0111\u1ecbnh. Gi\u00fap ng\u01b0\u1eddi ch\u01a1i t\u1eadp trung ph\u00e2n t\u00edch t\u1ed5ng th\u1ec3 tr\u1eadn \u0111\u1ea5u.<\/span><\/td>\n<\/tr>\n<tr>\n<td><span style=\"font-weight: 400;\">K\u00e8o hi\u1ec7p 1<\/span><\/td>\n<td><span style=\"font-weight: 400;\">\u0110\u1eb7t c\u01b0\u1ee3c k\u1ebft qu\u1ea3 ho\u1eb7c \u0111i\u1ec3m s\u1ed1 ch\u1ec9 trong hi\u1ec7p \u0111\u1ea7u ti\u00ean. Th\u00edch h\u1ee3p v\u1edbi ng\u01b0\u1eddi mu\u1ed1n tr\u1ea3i nghi\u1ec7m nhanh v\u00e0 theo s\u00e1t nh\u1ecbp tr\u1eadn \u0111\u1ea5u.<\/span><\/td>\n<\/tr>\n<tr>\n<td><span style=\"font-weight: 400;\">K\u00e8o rung<\/span><\/td>\n<td><span style=\"font-weight: 400;\">K\u00e8o thay \u0111\u1ed5i li\u00ean t\u1ee5c theo di\u1ec5n bi\u1ebfn th\u1ef1c t\u1ebf tr\u00ean s\u00e2n. H\u1ed9i vi\u00ean c\u1ea7n ph\u1ea3n \u1ee9ng nhanh \u0111\u1ec3 t\u1eadn d\u1ee5ng c\u01a1 h\u1ed9i khi t\u1ef7 l\u1ec7 bi\u1ebfn \u0111\u1ed9ng.<\/span><\/td>\n<\/tr>\n<tr>\n<td><span style=\"font-weight: 400;\">K\u00e8o ph\u1ea1t g\u00f3c<\/span><\/td>\n<td><span style=\"font-weight: 400;\">D\u1ef1 \u0111o\u00e1n s\u1ed1 l\u1ea7n ph\u1ea1t g\u00f3c trong tr\u1eadn \u0111\u1ea5u, bao g\u1ed3m c\u1ea3 \u0111\u1ed9i v\u00e0 t\u1ed5ng s\u1ed1. H\u01b0\u1edbng t\u1edbi ng\u01b0\u1eddi ch\u01a1i quan s\u00e1t l\u1ed1i ch\u01a1i t\u1ea5n c\u00f4ng.<\/span><\/td>\n<\/tr>\n<tr>\n<td><span style=\"font-weight: 400;\">K\u00e8o th\u1ebb ph\u1ea1t<\/span><\/td>\n<td><span style=\"font-weight: 400;\">D\u1ef1 \u0111o\u00e1n s\u1ed1 th\u1ebb v\u00e0ng v\u00e0 th\u1ebb \u0111\u1ecf trong tr\u1eadn \u0111\u1ea5u. Th\u00edch h\u1ee3p v\u1edbi ng\u01b0\u1eddi ph\u00e2n t\u00edch l\u1ed1i ch\u01a1i v\u00e0 m\u1ee9c \u0111\u1ed9 k\u1ef7 lu\u1eadt c\u1ee7a \u0111\u1ed9i b\u00f3ng.<\/span><\/td>\n<\/tr>\n<\/tbody>\n<\/table>\n<p>&nbsp;<\/p>\n<h2><b>\u0110i\u1ec3m thu h\u00fat ng\u01b0\u1eddi ch\u01a1i tham gia m\u1ed7i ng\u00e0y t\u1ea1i th\u1ec3 thao 789P<\/b><\/h2>\n<p><b>Th\u1ec3 thao 789P<\/b><span style=\"font-weight: 400;\"> kh\u00f4ng ch\u1ec9 \u0111a d\u1ea1ng b\u1ed9 m\u00f4n m\u00e0 c\u00f2n t\u1ed1i \u01b0u tr\u1ea3i nghi\u1ec7m t\u1ed5ng th\u1ec3. H\u1ed9i vi\u00ean d\u1ec5 d\u00e0ng ti\u1ebfp c\u1eadn c\u00e1c t\u00ednh n\u0103ng m\u00e0 kh\u00f4ng c\u1ea7n thao t\u00e1c ph\u1ee9c t\u1ea1p. H\u1ec7 th\u1ed1ng v\u1eadn h\u00e0nh \u1ed5n \u0111\u1ecbnh gi\u00fap duy tr\u00ec nh\u1ecbp ch\u01a1i li\u00ean t\u1ee5c. \u0110\u00e2y l\u00e0 y\u1ebfu t\u1ed1 gi\u1eef ch\u00e2n ng\u01b0\u1eddi ch\u01a1i trong th\u1eddi gian d\u00e0i.<\/span><\/p>\n<figure id=\"attachment_115\" aria-describedby=\"caption-attachment-115\" style=\"width: 800px\" class=\"wp-caption aligncenter\"><img loading=\"lazy\" decoding=\"async\" class=\"size-full wp-image-115\" src=\"https:\/\/inpasila.ru.com\/wp-content\/uploads\/2026\/04\/yeu-to-hap-dan-nguoi-choi-quay-lai-thuong-xuyen.jpg\" alt=\"Y\u1ebfu t\u1ed1 h\u1ea5p d\u1eabn ng\u01b0\u1eddi ch\u01a1i quay l\u1ea1i th\u01b0\u1eddng xuy\u00ean\" width=\"800\" height=\"400\" srcset=\"https:\/\/inpasila.ru.com\/wp-content\/uploads\/2026\/04\/yeu-to-hap-dan-nguoi-choi-quay-lai-thuong-xuyen.jpg 800w, https:\/\/inpasila.ru.com\/wp-content\/uploads\/2026\/04\/yeu-to-hap-dan-nguoi-choi-quay-lai-thuong-xuyen-300x150.jpg 300w, https:\/\/inpasila.ru.com\/wp-content\/uploads\/2026\/04\/yeu-to-hap-dan-nguoi-choi-quay-lai-thuong-xuyen-768x384.jpg 768w\" sizes=\"auto, (max-width: 800px) 100vw, 800px\" \/><figcaption id=\"caption-attachment-115\" class=\"wp-caption-text\">Y\u1ebfu t\u1ed1 h\u1ea5p d\u1eabn ng\u01b0\u1eddi ch\u01a1i quay l\u1ea1i th\u01b0\u1eddng xuy\u00ean<\/figcaption><\/figure>\n<h3><b>T\u1ef7 l\u1ec7 k\u00e8o h\u1ea5p d\u1eabn c\u1eadp nh\u1eadt nhanh<\/b><\/h3>\n<p><span style=\"font-weight: 400;\">T\u1ef7 l\u1ec7 k\u00e8o t\u1ea1i <\/span><b>th\u1ec3 thao 789P<\/b><span style=\"font-weight: 400;\"> lu\u00f4n \u0111\u01b0\u1ee3c c\u1eadp nh\u1eadt li\u00ean t\u1ee5c theo t\u1eebng di\u1ec5n bi\u1ebfn tr\u00ean s\u00e2n. H\u1ed9i vi\u00ean c\u00f3 th\u1ec3 theo d\u00f5i m\u1ecdi thay \u0111\u1ed5i theo th\u1eddi gian th\u1ef1c \u0111\u1ec3 n\u1eafm b\u1eaft c\u01a1 h\u1ed9i t\u1ed1t nh\u1ea5t. H\u1ec7 th\u1ed1ng hi\u1ec3n th\u1ecb r\u00f5 r\u00e0ng gi\u00fap vi\u1ec7c so s\u00e1nh t\u1ef7 l\u1ec7 gi\u1eefa c\u00e1c c\u1eeda tr\u1edf n\u00ean nhanh ch\u00f3ng.<\/span><\/p>\n<h3><b>Giao di\u1ec7n th\u1ec3 thao 789P th\u00e2n thi\u1ec7n d\u1ec5 thao t\u00e1c<\/b><\/h3>\n<p><span style=\"font-weight: 400;\">Giao di\u1ec7n c\u1ee7a <\/span><b>th\u1ec3 thao 789P<\/b><span style=\"font-weight: 400;\"> \u0111\u01b0\u1ee3c thi\u1ebft k\u1ebf t\u1ed1i gi\u1ea3n nh\u01b0ng \u0111\u1ea7y \u0111\u1ee7 t\u00ednh n\u0103ng c\u1ea7n thi\u1ebft. C\u00e1c danh m\u1ee5c \u0111\u01b0\u1ee3c s\u1eafp x\u1ebfp khoa h\u1ecdc gi\u00fap ng\u01b0\u1eddi ch\u01a1i d\u1ec5 t\u00ecm ki\u1ebfm c\u00e1c m\u00f4n th\u1ec3 thao v\u00e0 k\u00e8o y\u00eau th\u00edch. T\u00e2n th\u1ee7 v\u1eabn c\u00f3 th\u1ec3 l\u00e0m quen nhanh ch\u00f3ng nh\u1edd c\u00e1c bi\u1ec3u t\u01b0\u1ee3ng tr\u1ef1c quan v\u00e0 thao t\u00e1c \u0111\u01a1n gi\u1ea3n.<\/span><\/p>\n<h3><b>C\u1eadp nh\u1eadt nhi\u1ec1u gi\u1ea3i \u0111\u1ea5u m\u1ed7i ng\u00e0y<\/b><\/h3>\n<p><b>Th\u1ec3 thao 789P<\/b><span style=\"font-weight: 400;\"> li\u00ean t\u1ee5c b\u1ed5 sung c\u00e1c gi\u1ea3i \u0111\u1ea5u t\u1eeb nhi\u1ec1u khu v\u1ef1c kh\u00e1c nhau, \u0111a d\u1ea1ng v\u1ec1 c\u1ea5p \u0111\u1ed9 v\u00e0 th\u1ec3 lo\u1ea1i. H\u1ed9i vi\u00ean lu\u00f4n c\u00f3 nhi\u1ec1u l\u1ef1a ch\u1ecdn ph\u00f9 h\u1ee3p v\u1edbi khung gi\u1edd v\u00e0 s\u1edf th\u00edch ri\u00eang. L\u1ecbch thi \u0111\u1ea5u \u0111\u01b0\u1ee3c hi\u1ec3n th\u1ecb chi ti\u1ebft theo t\u1eebng ng\u00e0y, gi\u00fap theo d\u00f5i v\u00e0 s\u1eafp x\u1ebfp th\u1eddi gian d\u1ec5 d\u00e0ng.<\/span><\/p>\n<p><span style=\"font-weight: 400;\">M\u1ed7i tr\u1eadn \u0111\u1ea5u \u0111\u1ec1u \u0111i k\u00e8m th\u00f4ng tin quan tr\u1ecdng nh\u01b0 \u0111\u1ed9i h\u00ecnh, phong \u0111\u1ed9 g\u1ea7n \u0111\u00e2y v\u00e0 th\u1ed1ng k\u00ea chi ti\u1ebft. \u0110i\u1ec1u n\u00e0y gi\u00fap ng\u01b0\u1eddi tham gia \u0111\u01b0a ra quy\u1ebft \u0111\u1ecbnh \u0111\u1eb7t c\u01b0\u1ee3c ch\u00ednh x\u00e1c h\u01a1n. Tr\u1ea3i nghi\u1ec7m nh\u1edd \u0111\u00f3 tr\u1edf n\u00ean li\u1ec1n m\u1ea1ch, thu\u1eadn ti\u1ec7n v\u00e0 gi\u1eef nh\u1ecbp ch\u01a1i li\u00ean t\u1ee5c m\u1ed7i ng\u00e0y.<\/span><\/p>\n<h3><b>Livestream theo d\u00f5i tr\u1eadn \u0111\u1ea5u ti\u1ec7n l\u1ee3i<\/b><\/h3>\n<p><span style=\"font-weight: 400;\">T\u00ednh n\u0103ng livestream t\u1ea1i <\/span><b>th\u1ec3 thao 789P<\/b><span style=\"font-weight: 400;\"> cho ph\u00e9p ng\u01b0\u1eddi ch\u01a1i theo d\u00f5i tr\u1ef1c ti\u1ebfp tr\u1eadn \u0111\u1ea5u ngay tr\u00ean h\u1ec7 th\u1ed1ng. H\u00ecnh \u1ea3nh \u0111\u01b0\u1ee3c t\u1ed1i \u01b0u \u0111\u1ec3 hi\u1ec3n th\u1ecb \u1ed5n \u0111\u1ecbnh v\u00e0 m\u01b0\u1ee3t m\u00e0 tr\u00ean c\u1ea3 \u0111i\u1ec7n tho\u1ea1i v\u00e0 m\u00e1y t\u00ednh. H\u1ed9i vi\u00ean c\u00f3 th\u1ec3 v\u1eeba xem tr\u1eadn \u0111\u1ea5u v\u1eeba \u0111\u01b0a ra quy\u1ebft \u0111\u1ecbnh k\u1ecbp th\u1eddi v\u00e0 ch\u00ednh x\u00e1c.<\/span><\/p>\n<p><span style=\"font-weight: 400;\">Vi\u1ec7c t\u00edch h\u1ee3p tr\u1ef1c ti\u1ebfp tr\u00ean h\u1ec7 th\u1ed1ng gi\u00fap ti\u1ebft ki\u1ec7m th\u1eddi gian v\u00e0 duy tr\u00ec m\u1ea1ch tr\u1ea3i nghi\u1ec7m li\u00ean t\u1ee5c. Nh\u1edd \u0111o, ng\u01b0\u1eddi ch\u01a1i d\u1ec5 d\u00e0ng n\u1eafm b\u1eaft di\u1ec5n bi\u1ebfn tr\u1eadn \u0111\u1ea5u v\u00e0 \u0111i\u1ec1u ch\u1ec9nh l\u1ef1a ch\u1ecdn h\u1ee3p l\u00fd khi tham gia <\/span><b>c\u01b0\u1ee3c th\u1ec3 thao tr\u1ef1c ti\u1ebfp<\/b><span style=\"font-weight: 400;\">. Tr\u1ea3i nghi\u1ec7m tr\u1edf n\u00ean ch\u1ee7 \u0111\u1ed9ng, ti\u1ec7n l\u1ee3i v\u00e0 sinh \u0111\u1ed9ng h\u01a1n bao gi\u1edd h\u1ebft.<\/span><\/p>\n<h2><b>L\u1eddi k\u1ebft<\/b><\/h2>\n<p><b>Th\u1ec3 thao 789P <\/b><span style=\"font-weight: 400;\">mang \u0111\u1ebfn tr\u1ea3i nghi\u1ec7m c\u00e1 c\u01b0\u1ee3c linh ho\u1ea1t v\u1edbi h\u1ec7 th\u1ed1ng k\u00e8o \u0111a d\u1ea1ng v\u00e0 c\u00e1ch v\u1eadn h\u00e0nh \u1ed5n \u0111\u1ecbnh. H\u1ec7 th\u1ed1ng t\u1eadp trung v\u00e0o s\u1ef1 ti\u1ec7n l\u1ee3i v\u00e0 t\u1ed1c \u0111\u1ed9 x\u1eed l\u00fd. H\u1ed9i vi\u00ean d\u1ec5 d\u00e0ng ti\u1ebfp c\u1eadn v\u00e0 duy tr\u00ec nh\u1ecbp gi\u1ea3i tr\u00ed m\u1ed7i ng\u00e0y t\u1ea1i <\/span><b>789P<\/b><span style=\"font-weight: 400;\">.<\/span><\/p>\n","protected":false},"excerpt":{"rendered":"<p>Th\u1ec3 Thao 789P &#8211; S\u00e2n Ch\u01a1i Linh Ho\u1ea1t \u0110a D\u1ea1ng L\u1ef1a Ch\u1ecdn Th\u1ec3 thao 789P x\u00e2y d\u1ef1ng h\u1ec7 th\u1ed1ng c\u00e1 c\u01b0\u1ee3c theo h\u01b0\u1edbng t\u1ed1i \u01b0u tr\u1ea3i nghi\u1ec7m th\u1ef1c t\u1ebf, t\u1eadp trung v\u00e0o t\u1ed1c \u0111\u1ed9 x\u1eed l\u00fd v\u00e0 s\u1ef1 \u0111a d\u1ea1ng k\u00e8o. H\u1ed9i vi\u00ean d\u1ec5 d\u00e0ng ti\u1ebfp c\u1eadn nhi\u1ec1u b\u1ed9 m\u00f4n quen thu\u1ed9c, theo d\u00f5i tr\u1eadn [&#8230;]\n","protected":false},"author":1,"featured_media":117,"parent":0,"menu_order":0,"comment_status":"closed","ping_status":"closed","template":"","meta":{"footnotes":""},"class_list":["post-114","page","type-page","status-publish","has-post-thumbnail","hentry"],"_links":{"self":[{"href":"https:\/\/inpasila.ru.com\/index.php\/wp-json\/wp\/v2\/pages\/114","targetHints":{"allow":["GET"]}}],"collection":[{"href":"https:\/\/inpasila.ru.com\/index.php\/wp-json\/wp\/v2\/pages"}],"about":[{"href":"https:\/\/inpasila.ru.com\/index.php\/wp-json\/wp\/v2\/types\/page"}],"author":[{"embeddable":true,"href":"https:\/\/inpasila.ru.com\/index.php\/wp-json\/wp\/v2\/users\/1"}],"replies":[{"embeddable":true,"href":"https:\/\/inpasila.ru.com\/index.php\/wp-json\/wp\/v2\/comments?post=114"}],"version-history":[{"count":2,"href":"https:\/\/inpasila.ru.com\/index.php\/wp-json\/wp\/v2\/pages\/114\/revisions"}],"predecessor-version":[{"id":121,"href":"https:\/\/inpasila.ru.com\/index.php\/wp-json\/wp\/v2\/pages\/114\/revisions\/121"}],"wp:featuredmedia":[{"embeddable":true,"href":"https:\/\/inpasila.ru.com\/index.php\/wp-json\/wp\/v2\/media\/117"}],"wp:attachment":[{"href":"https:\/\/inpasila.ru.com\/index.php\/wp-json\/wp\/v2\/media?parent=114"}],"curies":[{"name":"wp","href":"https:\/\/api.w.org\/{rel}","templated":true}]}}