{"id":122,"date":"2026-04-05T04:42:08","date_gmt":"2026-04-05T04:42:08","guid":{"rendered":"https:\/\/hn.sa.com\/?page_id=122"},"modified":"2026-04-05T04:42:08","modified_gmt":"2026-04-05T04:42:08","slug":"casino-789p","status":"publish","type":"page","link":"https:\/\/inpasila.ru.com\/index.php\/casino-789p\/","title":{"rendered":"Casino 789P &#8211; Ki\u1ebfn T\u1ea1o Tr\u1ea3i Nghi\u1ec7m Game Tr\u1ef1c Tuy\u1ebfn Kh\u00e1c Bi\u1ec7t"},"content":{"rendered":"<h1 style=\"text-align: center;\"><b>Casino 789P &#8211; Ki\u1ebfn T\u1ea1o Tr\u1ea3i Nghi\u1ec7m Game Tr\u1ef1c Tuy\u1ebfn Kh\u00e1c Bi\u1ec7t<\/b><\/h1>\n<p><b>Casino 789P<\/b><span style=\"font-weight: 400;\"> n\u1ed5i b\u1eadt v\u1edbi h\u1ec7 th\u1ed1ng tr\u00f2 ch\u01a1i phong ph\u00fa c\u00f9ng c\u01a1 ch\u1ebf v\u1eadn h\u00e0nh t\u1ed1i \u01b0u gi\u00fap tr\u1ea3i nghi\u1ec7m lu\u00f4n m\u01b0\u1ee3t m\u00e0. Ng\u01b0\u1eddi tham gia c\u00f3 th\u1ec3 d\u1ec5 d\u00e0ng ti\u1ebfp c\u1eadn nhi\u1ec1u th\u1ec3 lo\u1ea1i h\u1ea5p d\u1eabn tr\u00ean c\u00f9ng m\u1ed9t s\u00e2n ch\u01a1i. T\u1ed1c \u0111\u1ed9 x\u1eed l\u00fd nhanh k\u1ebft h\u1ee3p giao di\u1ec7n r\u00f5 r\u00e0ng gi\u00fap qu\u00e1 tr\u00ecnh tham gia tr\u1edf n\u00ean li\u1ec1n m\u1ea1ch v\u00e0 \u1ed5n \u0111\u1ecbnh h\u01a1n t\u1ea1i <\/span><b>789P<\/b><span style=\"font-weight: 400;\">.<\/span><\/p>\n<h2><b>Casino 789P mang \u0111\u1ebfn tr\u1ea3i nghi\u1ec7m gi\u1ea3i tr\u00ed \u0111\u1ec9nh cao<\/b><\/h2>\n<p><b>789P <\/b><span style=\"font-weight: 400;\">t\u1eadp trung ph\u00e1t tri\u1ec3n h\u1ec7 th\u1ed1ng theo h\u01b0\u1edbng \u0111\u01a1n gi\u1ea3n h\u00f3a thao t\u00e1c nh\u01b0ng v\u1eabn gi\u1eef \u0111\u1ea7y \u0111\u1ee7 ch\u1ee9c n\u0103ng c\u1ea7n thi\u1ebft. Ng\u01b0\u1eddi ch\u01a1i c\u00f3 th\u1ec3 truy c\u1eadp nhanh v\u00e0o t\u1eebng tr\u00f2 m\u00e0 kh\u00f4ng g\u1eb7p tr\u1edf ng\u1ea1i. H\u1ec7 th\u1ed1ng v\u1eadn h\u00e0nh \u1ed5n \u0111\u1ecbnh gi\u00fap h\u1ea1n ch\u1ebf gi\u00e1n \u0111o\u1ea1n trong qu\u00e1 tr\u00ecnh tr\u1ea3i nghi\u1ec7m.<\/span><\/p>\n<figure id=\"attachment_126\" aria-describedby=\"caption-attachment-126\" style=\"width: 800px\" class=\"wp-caption aligncenter\"><img loading=\"lazy\" decoding=\"async\" class=\"size-full wp-image-126\" src=\"https:\/\/inpasila.ru.com\/wp-content\/uploads\/2026\/04\/casino-789p-truc-tuyen-hap-dan-voi-da-dang-bo-mon.jpg\" alt=\"Casino 789P tr\u1ef1c tuy\u1ebfn h\u1ea5p d\u1eabn v\u1edbi \u0111a d\u1ea1ng b\u1ed9 m\u00f4n\" width=\"800\" height=\"400\" srcset=\"https:\/\/inpasila.ru.com\/wp-content\/uploads\/2026\/04\/casino-789p-truc-tuyen-hap-dan-voi-da-dang-bo-mon.jpg 800w, https:\/\/inpasila.ru.com\/wp-content\/uploads\/2026\/04\/casino-789p-truc-tuyen-hap-dan-voi-da-dang-bo-mon-300x150.jpg 300w, https:\/\/inpasila.ru.com\/wp-content\/uploads\/2026\/04\/casino-789p-truc-tuyen-hap-dan-voi-da-dang-bo-mon-768x384.jpg 768w\" sizes=\"auto, (max-width: 800px) 100vw, 800px\" \/><figcaption id=\"caption-attachment-126\" class=\"wp-caption-text\">Casino 789P tr\u1ef1c tuy\u1ebfn h\u1ea5p d\u1eabn v\u1edbi \u0111a d\u1ea1ng b\u1ed9 m\u00f4n<\/figcaption><\/figure>\n<p><b>Casino 789P<\/b><span style=\"font-weight: 400;\"> c\u00f2n t\u1ed1i \u01b0u t\u1ed1c \u0111\u1ed9 x\u1eed l\u00fd \u0111\u1ec3 m\u1ecdi thao t\u00e1c di\u1ec5n ra m\u01b0\u1ee3t m\u00e0 v\u00e0 li\u1ec1n m\u1ea1ch. C\u00e1c d\u1eef li\u1ec7u \u0111\u01b0\u1ee3c c\u1eadp nh\u1eadt li\u00ean t\u1ee5c nh\u1eb1m \u0111\u1ea3m b\u1ea3o t\u00ednh ch\u00ednh x\u00e1c trong t\u1eebng v\u00e1n ch\u01a1i. Ng\u01b0\u1eddi ch\u01a1i c\u00f3 th\u1ec3 theo d\u00f5i th\u00f4ng tin r\u00f5 r\u00e0ng v\u00e0 \u0111\u01b0a ra quy\u1ebft \u0111\u1ecbnh h\u1ee3p l\u00fd h\u01a1n. \u0110i\u1ec1u n\u00e0y g\u00f3p ph\u1ea7n n\u00e2ng cao tr\u1ea3i nghi\u1ec7m t\u1ed5ng th\u1ec3 khi tham gia <\/span><b>casino tr\u1ef1c tuy\u1ebfn<\/b><span style=\"font-weight: 400;\">.<\/span><\/p>\n<h2><b>Danh m\u1ee5c casino 789P v\u1edbi \u0111a d\u1ea1ng c\u00e1c tr\u00f2 ch\u01a1i h\u1ea5p d\u1eabn<\/b><\/h2>\n<p><b>Casino 789P<\/b><span style=\"font-weight: 400;\"> s\u1edf h\u1eefu danh m\u1ee5c tr\u00f2 ch\u01a1i phong ph\u00fa \u0111\u00e1p \u1ee9ng nhi\u1ec1u s\u1edf th\u00edch kh\u00e1c nhau. Ng\u01b0\u1eddi ch\u01a1i c\u00f3 th\u1ec3 linh ho\u1ea1t l\u1ef1a ch\u1ecdn gi\u1eefa game b\u00e0i truy\u1ec1n th\u1ed1ng v\u00e0 c\u00e1c tr\u00f2 hi\u1ec7n \u0111\u1ea1i. M\u1ed7i t\u1ef1a game \u0111\u1ec1u \u0111\u01b0\u1ee3c t\u1ed1i \u01b0u giao di\u1ec7n \u0111\u1ec3 d\u1ec5 theo d\u00f5i. S\u1ef1 \u0111a d\u1ea1ng n\u00e0y gi\u00fap tr\u1ea3i nghi\u1ec7m kh\u00f4ng b\u1ecb nh\u00e0m ch\u00e1n.<\/span><\/p>\n<h3><b>Baccarat<\/b><\/h3>\n<p><span style=\"font-weight: 400;\">Baccarat t\u1ea1i <\/span><b>casino 789P<\/b><span style=\"font-weight: 400;\"> \u0111\u01b0\u1ee3c x\u00e2y d\u1ef1ng v\u1edbi giao di\u1ec7n r\u00f5 r\u00e0ng gi\u00fap ng\u01b0\u1eddi ch\u01a1i d\u1ec5 theo d\u00f5i t\u1eebng k\u1ebft qu\u1ea3. Lu\u1eadt ch\u01a1i \u0111\u01a1n gi\u1ea3n n\u00ean ph\u00f9 h\u1ee3p v\u1edbi c\u1ea3 ng\u01b0\u1eddi m\u1edbi l\u1eabn ng\u01b0\u1eddi \u0111\u00e3 c\u00f3 kinh nghi\u1ec7m. Nh\u1ecbp \u0111\u1ed9 v\u00e1n nhanh t\u1ea1o c\u1ea3m gi\u00e1c cu\u1ed1n h\u00fat v\u00e0 kh\u00f4ng b\u1ecb gi\u00e1n \u0111o\u1ea1n khi tham gia.<\/span><\/p>\n<p><span style=\"font-weight: 400;\">Ngo\u00e0i ra l\u1ecbch s\u1eed v\u00e1n \u0111\u01b0\u1ee3c c\u1eadp nh\u1eadt li\u00ean t\u1ee5c gi\u00fap h\u1ed9i vi\u00ean c\u00f3 th\u00eam d\u1eef li\u1ec7u tham kh\u1ea3o. T\u1ef7 l\u1ec7 tr\u1ea3 th\u01b0\u1edfng \u0111\u01b0\u1ee3c c\u00f4ng khai r\u00f5 r\u00e0ng ngay tr\u00ean b\u00e0n ch\u01a1i. Ng\u01b0\u1eddi tham gia c\u00f3 th\u1ec3 theo d\u00f5i bi\u1ebfn \u0111\u1ed9ng \u0111\u1ec3 \u0111\u01b0a ra l\u1ef1a ch\u1ecdn ph\u00f9 h\u1ee3p. \u0110i\u1ec1u n\u00e0y g\u00f3p ph\u1ea7n n\u00e2ng cao \u0111\u1ed9 minh b\u1ea1ch trong t\u1eebng phi\u00ean ch\u01a1i.<\/span><\/p>\n<h3><b>Roulette<\/b><\/h3>\n<p><span style=\"font-weight: 400;\">Roulette mang \u0111\u1ebfn tr\u1ea3i nghi\u1ec7m d\u1ef1 \u0111o\u00e1n k\u1ebft qu\u1ea3 d\u1ef1a tr\u00ean v\u00f2ng quay \u0111\u1eb7c tr\u01b0ng \u0111\u1ea7y h\u1ea5p d\u1eabn. H\u1ed9i vi\u00ean c\u00f3 th\u1ec3 l\u1ef1a ch\u1ecdn nhi\u1ec1u c\u1eeda c\u01b0\u1ee3c v\u1edbi t\u1ef7 l\u1ec7 kh\u00e1c nhau \u0111\u1ec3 t\u0103ng t\u00ednh linh ho\u1ea1t. Giao di\u1ec7n tr\u1ef1c quan gi\u00fap theo d\u00f5i di\u1ec5n bi\u1ebfn t\u1eebng v\u00f2ng quay m\u1ed9t c\u00e1ch r\u00f5 r\u00e0ng.<\/span><\/p>\n<figure id=\"attachment_123\" aria-describedby=\"caption-attachment-123\" style=\"width: 800px\" class=\"wp-caption aligncenter\"><img loading=\"lazy\" decoding=\"async\" class=\"size-full wp-image-123\" src=\"https:\/\/inpasila.ru.com\/wp-content\/uploads\/2026\/04\/roulette-dang-la-san-pham-quay-so-pho-bien-tai-song-bai.jpg\" alt=\"Roulette \u0111ang l\u00e0 s\u1ea3n ph\u1ea9m quay s\u1ed1 ph\u1ed5 bi\u1ebfn t\u1ea1i s\u00f2ng b\u00e0i\" width=\"800\" height=\"400\" srcset=\"https:\/\/inpasila.ru.com\/wp-content\/uploads\/2026\/04\/roulette-dang-la-san-pham-quay-so-pho-bien-tai-song-bai.jpg 800w, https:\/\/inpasila.ru.com\/wp-content\/uploads\/2026\/04\/roulette-dang-la-san-pham-quay-so-pho-bien-tai-song-bai-300x150.jpg 300w, https:\/\/inpasila.ru.com\/wp-content\/uploads\/2026\/04\/roulette-dang-la-san-pham-quay-so-pho-bien-tai-song-bai-768x384.jpg 768w\" sizes=\"auto, (max-width: 800px) 100vw, 800px\" \/><figcaption id=\"caption-attachment-123\" class=\"wp-caption-text\">Roulette \u0111ang l\u00e0 s\u1ea3n ph\u1ea9m quay s\u1ed1 ph\u1ed5 bi\u1ebfn t\u1ea1i s\u00f2ng b\u00e0i<\/figcaption><\/figure>\n<h3><b>Blackjack<\/b><\/h3>\n<p><span style=\"font-weight: 400;\">Blackjack t\u1ea1i <\/span><b>casino 789P<\/b><span style=\"font-weight: 400;\"> thu h\u00fat ng\u01b0\u1eddi tham gia nh\u1edd y\u1ebfu t\u1ed1 t\u00ednh to\u00e1n v\u00e0 chi\u1ebfn l\u01b0\u1ee3c trong t\u1eebng quy\u1ebft \u0111\u1ecbnh. H\u1ed9i vi\u00ean c\u1ea7n c\u00e2n nh\u1eafc k\u1ef9 \u0111\u1ec3 \u0111\u1ea1t t\u1ed5ng \u0111i\u1ec3m t\u1ed1i \u01b0u m\u00e0 kh\u00f4ng v\u01b0\u1ee3t gi\u1edbi h\u1ea1n. Lu\u1eadt ch\u01a1i r\u00f5 r\u00e0ng gi\u00fap ti\u1ebfp c\u1eadn nhanh ngay t\u1eeb l\u1ea7n \u0111\u1ea7u. Nh\u1ecbp \u0111\u1ed9 ch\u01a1i \u0111\u01b0\u1ee3c \u0111i\u1ec1u ch\u1ec9nh h\u1ee3p l\u00fd \u0111\u1ec3 t\u1ea1o c\u1ea3m gi\u00e1c c\u00e2n b\u1eb1ng.<\/span><\/p>\n<p><b>S\u00f2ng b\u1ea1c tr\u1ef1c tuy\u1ebfn<\/b><span style=\"font-weight: 400;\"> h\u1ed7 tr\u1ee3 hi\u1ec3n th\u1ecb th\u00f4ng tin quan tr\u1ecdng ngay tr\u00ean b\u00e0n ch\u01a1i \u0111\u1ec3 h\u1ed9i vi\u00ean d\u1ec5 theo d\u00f5i. C\u00e1c thao t\u00e1c nh\u01b0 r\u00fat b\u00e0i hay d\u1eebng \u0111\u1ec1u \u0111\u01b0\u1ee3c th\u1ef1c hi\u1ec7n nhanh ch\u00f3ng. Ng\u01b0\u1eddi tham gia c\u00f3 th\u1ec3 ki\u1ec3m so\u00e1t v\u00e1n b\u00e0i m\u1ed9t c\u00e1ch ch\u1ee7 \u0111\u1ed9ng h\u01a1n. \u0110i\u1ec1u n\u00e0y gi\u00fap t\u0103ng t\u00ednh h\u1ea5p d\u1eabn v\u00e0 chi\u1ec1u s\u00e2u chi\u1ebfn thu\u1eadt c\u1ee7a tr\u00f2 ch\u01a1i.<\/span><\/p>\n<h3><b>Poker<\/b><\/h3>\n<p><span style=\"font-weight: 400;\">Poker t\u1ea1i <\/span><b>casino 789P <\/b><span style=\"font-weight: 400;\">mang \u0111\u1ebfn m\u00f4i tr\u01b0\u1eddng c\u1ea1nh tranh \u0111\u1ed3i h\u1ecfi kh\u1ea3 n\u0103ng quan s\u00e1t v\u00e0 \u0111\u1ecdc t\u00ecnh hu\u1ed1ng ch\u00ednh x\u00e1c. H\u1ed9i vi\u00ean c\u00f3 th\u1ec3 tham gia nhi\u1ec1u b\u00e0n v\u1edbi m\u1ee9c c\u01b0\u1ee3c kh\u00e1c nhau t\u00f9y theo chi\u1ebfn l\u01b0\u1ee3c. Giao di\u1ec7n \u0111\u01b0\u1ee3c thi\u1ebft k\u1ebf r\u00f5 r\u00e0ng gi\u00fap theo d\u00f5i t\u1eebng v\u00f2ng c\u01b0\u1ee3c d\u1ec5 d\u00e0ng.<\/span><\/p>\n<h2><b>Casino 789P thu h\u00fat l\u01b0\u1ee3ng ng\u01b0\u1eddi ch\u01a1i kh\u1ee7ng m\u1ed7i ng\u00e0y<\/b><\/h2>\n<p><b>Casino 789P<\/b><span style=\"font-weight: 400;\"> t\u1ea1o \u0111\u01b0\u1ee3c s\u1ee9c h\u00fat nh\u1edd k\u1ebft h\u1ee3p gi\u1eefa c\u00f4ng ngh\u1ec7 hi\u1ec7n \u0111\u1ea1i v\u00e0 tr\u1ea3i nghi\u1ec7m th\u1ef1c t\u1ebf r\u00f5 r\u00e0ng. H\u1ec7 th\u1ed1ng li\u00ean t\u1ee5c c\u1ea3i ti\u1ebfn \u0111\u1ec3 ph\u00f9 h\u1ee3p v\u1edbi nhu c\u1ea7u ng\u00e0y c\u00e0ng \u0111a d\u1ea1ng c\u1ee7a ng\u01b0\u1eddi ch\u01a1i. C\u00e1c y\u1ebfu t\u1ed1 nh\u01b0 t\u1ed1c \u0111\u1ed9 x\u1eed \u00fd v\u00e0 b\u1ed1 c\u1ee5c iao di\u1ec7n \u0111\u1ec1u \u0111\u01b0\u1ee3c t\u1ed1i \u01b0u \u0111\u1ed3ng b\u1ed9.<\/span><\/p>\n<h3><b>Giao di\u1ec7n th\u00e2n thi\u1ec7n d\u1ec5 thao t\u00e1c<\/b><\/h3>\n<p><span style=\"font-weight: 400;\">Giao di\u1ec7n \u0111\u01b0\u1ee3c thi\u1ebft k\u1ebf theo h\u01b0\u1edbng t\u1ed1i gi\u1ea3n nh\u01b0ng v\u1eabn \u0111\u1ea3m b\u1ea3o \u0111\u1ea7y \u0111\u1ee7 ch\u1ee9c n\u0103ng c\u1ea7n thi\u1ebft. C\u00e1c danh m\u1ee5c \u0111\u01b0\u1ee3c b\u1ed1 tr\u00ed khoa h\u1ecdc gi\u00fap b\u1ea1n d\u1ec5 d\u00e0ng t\u00ecm ki\u1ebfm tr\u00f2 ch\u01a1i y\u00eau th\u00edch. Thao t\u00e1c \u0111\u01b0\u1ee3c r\u00fat g\u1ecdn gi\u00fap ti\u1ebft ki\u1ec7m th\u1eddi gian khi ch\u01a1i. Ng\u01b0\u1eddi m\u1edbi v\u1eabn c\u00f3 th\u1ec3 l\u00e0m quen nhanh ch\u00f3ng m\u00e0 kh\u00f4ng g\u1eb7p tr\u1edf ng\u1ea1i.<\/span><\/p>\n<figure id=\"attachment_124\" aria-describedby=\"caption-attachment-124\" style=\"width: 800px\" class=\"wp-caption aligncenter\"><img loading=\"lazy\" decoding=\"async\" class=\"size-full wp-image-124\" src=\"https:\/\/inpasila.ru.com\/wp-content\/uploads\/2026\/04\/giao-dien-hien-dai-de-hoi-vien-thao-tac-thuan-loi.jpg\" alt=\"Giao di\u1ec7n hi\u1ec7n \u0111\u1ea1i \u0111\u1ec3 h\u1ed9i vi\u00ean thao t\u00e1c thu\u1eadn l\u1ee3i\" width=\"800\" height=\"400\" srcset=\"https:\/\/inpasila.ru.com\/wp-content\/uploads\/2026\/04\/giao-dien-hien-dai-de-hoi-vien-thao-tac-thuan-loi.jpg 800w, https:\/\/inpasila.ru.com\/wp-content\/uploads\/2026\/04\/giao-dien-hien-dai-de-hoi-vien-thao-tac-thuan-loi-300x150.jpg 300w, https:\/\/inpasila.ru.com\/wp-content\/uploads\/2026\/04\/giao-dien-hien-dai-de-hoi-vien-thao-tac-thuan-loi-768x384.jpg 768w\" sizes=\"auto, (max-width: 800px) 100vw, 800px\" \/><figcaption id=\"caption-attachment-124\" class=\"wp-caption-text\">Giao di\u1ec7n hi\u1ec7n \u0111\u1ea1i \u0111\u1ec3 h\u1ed9i vi\u00ean thao t\u00e1c thu\u1eadn l\u1ee3i<\/figcaption><\/figure>\n<h3><b>Live casino 789P ch\u00e2n th\u1ef1c<\/b><\/h3>\n<p><span style=\"font-weight: 400;\">Live <\/span><b>casino 789P<\/b><span style=\"font-weight: 400;\"> mang \u0111\u1ebfn tr\u1ea3i nghi\u1ec7m g\u1ea7n gi\u1ed1ng nh\u01b0 tham gia tr\u1ef1c ti\u1ebfp t\u1ea1i b\u00e0n ch\u01a1i th\u1ef1c t\u1ebf. H\u00ecnh \u1ea3nh \u0111\u01b0\u1ee3c truy\u1ec1n t\u1ea3i v\u1edbi t\u1ed1c \u0111\u1ed9 s\u1eafc n\u00e9t cao gi\u00fap h\u1ed9i vi\u00ean theo d\u00f5i chi ti\u1ebft t\u1eebng di\u1ec5n bi\u1ebfn. Dealer t\u01b0\u01a1ng t\u00e1c tr\u1ef1c ti\u1ebfp t\u1ea1o c\u1ea3m gi\u00e1c sinh \u0111\u1ed9ng v\u00e0 kh\u00f4ng b\u1ecb nh\u00e0m ch\u00e1n.<\/span><\/p>\n<p><span style=\"font-weight: 400;\">Ngo\u00e0i ra, h\u1ec7 th\u1ed1ng truy\u1ec1n t\u1ea3i d\u1eef li\u1ec7u theo th\u1eddi gian th\u1ef1c gi\u00fap h\u1ea1n ch\u1ebf t\u1ed1i \u0111a t\u00ecnh tr\u1ea1ng gi\u1eadt lag. C\u00e1c thao t\u00e1c v\u00e0 k\u1ebft qu\u1ea3 \u0111\u01b0\u1ee3c c\u1eadp nh\u1eadt nhanh ch\u00f3ng v\u00e0 ch\u00ednh x\u00e1c. H\u1ed9i vi\u00ean c\u00f3 th\u1ec3 theo d\u00f5i to\u00e0n b\u1ed9 di\u1ec5n bi\u1ebfn m\u00e0 kh\u00f4ng b\u1ecb gi\u00e1n \u0111o\u1ea1n. \u0110i\u1ec1u n\u00e0y g\u00f3p ph\u1ea7n n\u00e2ng cao t\u00ednh ch\u00e2n th\u1ef1c trong tr\u1ea3i nghi\u1ec7m.<\/span><\/p>\n<h3><b>Tr\u1ea3 th\u01b0\u1edfng h\u1ea5p d\u1eabn minh b\u1ea1ch<\/b><\/h3>\n<p><span style=\"font-weight: 400;\">C\u01a1 ch\u1ebf tr\u1ea3 th\u01b0\u1edfng t\u1ea1i <\/span><b>casino 789P<\/b><span style=\"font-weight: 400;\"> \u0111\u01b0\u1ee3c thi\u1ebft l\u1eadp r\u00f5 r\u00e0ng trong t\u1eebng tr\u00f2 \u0111\u1ec3 ng\u01b0\u1eddi ch\u01a1i d\u1ec5 theo d\u00f5i. M\u1ecdi k\u1ebft qu\u1ea3 \u0111\u1ec1u \u0111\u01b0\u1ee3c hi\u1ec3n th\u1ecb ngay sau khi k\u1ebft th\u00fac v\u00e1n gi\u00fap ki\u1ec3m tra nhanh ch\u00f3ng. Quy tr\u00ecnh x\u1eed l\u00fd \u0111\u01b0\u1ee3c t\u1ed1i \u01b0u \u0111\u1ec3 r\u00fat ng\u1eafn th\u1eddi gian ch\u1edd \u0111\u1ee3i. \u0110i\u1ec1u n\u00e0y t\u1ea1o s\u1ef1 y\u00ean t\u00e2m khi tham gia l\u00e2u d\u00e0i.<\/span><\/p>\n<h3><b>Khuy\u1ebfn m\u00e3i di\u1ec5n ra th\u01b0\u1eddng xuy\u00ean<\/b><\/h3>\n<p><b>Casino 789P<\/b><span style=\"font-weight: 400;\"> th\u01b0\u1eddng xuy\u00ean tri\u1ec3n khai nhi\u1ec1u ch\u01b0\u01a1ng tr\u00ecnh \u01b0u \u0111\u00e3i nh\u1eb1m t\u0103ng th\u00eam tr\u1ea3i nghi\u1ec7m cho ng\u01b0\u1eddi ch\u01a1i. N\u1ed9i dung khuy\u1ebfn m\u00e3i \u0111\u01b0\u1ee3c c\u1eadp nh\u1eadt li\u00ean t\u1ee5c theo t\u1eebng giai \u0111o\u1ea1n kh\u00e1c nhau. \u0110i\u1ec1u ki\u1ec7n tham gia \u0111\u01b0\u1ee3c tr\u00ecnh b\u00e0y r\u00f5 r\u00e0ng gi\u00fap h\u1ed9i vi\u00ean d\u1ec5 n\u1eafm b\u1eaft.<\/span><\/p>\n<p><span style=\"font-weight: 400;\">Ngo\u00e0i ra, h\u1ec7 th\u1ed1ng c\u00f2n t\u1ed5 ch\u1ee9c c\u00e1c s\u1ef1 ki\u1ec7n \u0111\u1ecbnh k\u1ef3 \u0111\u1ec3 t\u1ea1o th\u00eam c\u01a1 h\u1ed9i nh\u1eadn th\u01b0\u1edfng. Ng\u01b0\u1eddi ch\u01a1i c\u00f3 th\u1ec3 tham gia v\u00e0 t\u00edch l\u0169y \u01b0u \u0111\u00e3i trong qu\u00e1 tr\u00ecnh tr\u1ea3i nghi\u1ec7m. C\u00e1c ch\u01b0\u01a1ng tr\u00ecnh \u0111\u01b0\u1ee3c tri\u1ec3n khai \u0111\u1ed3ng b\u1ed9 gi\u00fap t\u0103ng s\u1ef1 h\u1ea5p d\u1eabn. \u0110i\u1ec1u n\u00e0y g\u00f3p ph\u1ea7n gi\u1eef ch\u00e2n h\u1ed9i vi\u00ean l\u00e2u h\u01a1n.<\/span><\/p>\n<h2><b>TOP 4 m\u1eb9o ch\u01a1i casino 789P b\u1ea5t b\u1ea1i \u0111\u01b0\u1ee3c cao th\u1ee7 truy\u1ec1n l\u1ea1i<\/b><\/h2>\n<p><b>Casino 789P<\/b><span style=\"font-weight: 400;\"> kh\u00f4ng ch\u1ec9 d\u1ef1a v\u00e0o y\u1ebfu t\u1ed1 may m\u1eafn m\u00e0 c\u00f2n \u0111\u00f2i h\u1ecfi c\u00e1ch ti\u1ebfp c\u1eadn h\u1ee3p l\u00fd. Vi\u1ec7c \u00e1p d\u1ee5ng \u0111\u00fang m\u1eb9o ph\u00f9 h\u1ee3p gi\u00fap ng\u01b0\u1eddi tham gia ki\u1ec3m so\u00e1t t\u00ecnh hu\u1ed1ng t\u1ed1t h\u01a1n. M\u1ed7i quy\u1ebft \u0111\u1ecbnh \u0111\u1ec1u c\u1ea7n \u0111\u01b0\u1ee3c c\u00e2n nh\u1eafc d\u1ef1a tr\u00ean d\u1eef li\u1ec7u th\u1ef1c t\u1ebf. \u0110i\u1ec1u n\u00e0y g\u00f3p ph\u1ea7n n\u00e2ng cao hi\u1ec7u qu\u1ea3 khi tr\u1ea3i nghi\u1ec7m.<\/span><\/p>\n<figure id=\"attachment_127\" aria-describedby=\"caption-attachment-127\" style=\"width: 800px\" class=\"wp-caption aligncenter\"><img loading=\"lazy\" decoding=\"async\" class=\"size-full wp-image-127\" src=\"https:\/\/inpasila.ru.com\/wp-content\/uploads\/2026\/04\/bi-quyet-ap-dung-dung-cach-giup-tang-co-hoi-chien-thang.jpg\" alt=\"B\u00ed quy\u1ebft \u00e1p d\u1ee5ng \u0111\u00fang c\u00e1ch gi\u00fap t\u0103ng c\u01a1 h\u1ed9i chi\u1ebfn th\u1eafng\" width=\"800\" height=\"400\" srcset=\"https:\/\/inpasila.ru.com\/wp-content\/uploads\/2026\/04\/bi-quyet-ap-dung-dung-cach-giup-tang-co-hoi-chien-thang.jpg 800w, https:\/\/inpasila.ru.com\/wp-content\/uploads\/2026\/04\/bi-quyet-ap-dung-dung-cach-giup-tang-co-hoi-chien-thang-300x150.jpg 300w, https:\/\/inpasila.ru.com\/wp-content\/uploads\/2026\/04\/bi-quyet-ap-dung-dung-cach-giup-tang-co-hoi-chien-thang-768x384.jpg 768w\" sizes=\"auto, (max-width: 800px) 100vw, 800px\" \/><figcaption id=\"caption-attachment-127\" class=\"wp-caption-text\">B\u00ed quy\u1ebft \u00e1p d\u1ee5ng \u0111\u00fang c\u00e1ch gi\u00fap t\u0103ng c\u01a1 h\u1ed9i chi\u1ebfn th\u1eafng<\/figcaption><\/figure>\n<h3><b>Theo d\u00f5i l\u1ecbch s\u1eed v\u00e1n b\u00e0i<\/b><\/h3>\n<p><span style=\"font-weight: 400;\">L\u1ecbch s\u1eed v\u00e1n b\u00e0i t\u1ea1i <\/span><b>casino 789P<\/b><span style=\"font-weight: 400;\"> cung c\u1ea5p th\u00f4ng tin quan tr\u1ecdng gi\u00fap h\u1ed9i vi\u00ean nh\u1eadn di\u1ec7n xu h\u01b0\u1edbng. Vi\u1ec7c quan s\u00e1t k\u1ef9 c\u00e1c k\u1ebft qu\u1ea3 tr\u01b0\u1edbc \u0111\u00f3 gi\u00fap \u0111\u01b0a ra l\u1ef1a ch\u1ecdn h\u1ee3p l\u00fd h\u01a1n. \u0110\u00e2y l\u00e0 y\u1ebfu t\u1ed1 c\u1ea7n thi\u1ebft \u0111\u1ec3 x\u00e2y d\u1ef1ng chi\u1ebfn thu\u1eadt hi\u1ec7u qu\u1ea3. H\u1ed9i vi\u00ean c\u00f3 th\u1ec3 d\u1ef1a v\u00e0o d\u1eef li\u1ec7u \u0111\u1ec3 \u0111i\u1ec1u ch\u1ec9nh h\u01b0\u1edbng \u0111i ph\u00f9 h\u1ee3p.<\/span><\/p>\n<p><span style=\"font-weight: 400;\">B\u00ean c\u1ea1nh \u0111\u00f3, vi\u1ec7c ghi nh\u1edb k\u1ebft qu\u1ea3 g\u1ea7n nh\u1ea5t gi\u00fap qu\u00e1 tr\u00ecnh ph\u00e2n t\u00edch di\u1ec5n ra nhanh h\u01a1n. Ng\u01b0\u1eddi tham gia c\u00f3 th\u1ec3 linh ho\u1ea1t thay \u0111\u1ed5i c\u00e1ch \u0111\u1eb7t c\u01b0\u1ee3c theo di\u1ec5n bi\u1ebfn. \u0110i\u1ec1u n\u00e0y gi\u00fap gi\u1ea3m thi\u1ec3u r\u1ee7i ro trong t\u1eebng v\u00e1n. Vi\u1ec7c theo d\u00f5i \u0111\u1ec1u \u0111\u1eb7n c\u00f2n t\u1ea1o th\u00f3i quen ki\u1ec3m so\u00e1t t\u1ed1t h\u01a1n.<\/span><\/p>\n<h3><b>\u00c1p d\u1ee5ng chi\u1ebfn l\u01b0\u1ee3c g\u1ea5p th\u1ebfp h\u1ee3p l\u00fd<\/b><\/h3>\n<p><span style=\"font-weight: 400;\">Chi\u1ebfn l\u01b0\u1ee3c g\u1ea5p th\u1ebfp \u0111\u01b0\u1ee3c nhi\u1ec1u ng\u01b0\u1eddi l\u1ef1a ch\u1ecdn khi tham gia <\/span><b>casino 789P <\/b><span style=\"font-weight: 400;\">\u0111\u1ec3 t\u1ed1i \u01b0u k\u1ebft qu\u1ea3. Tuy nhi\u00ean c\u1ea7n \u00e1p d\u1ee5ng m\u1ed9t c\u00e1ch c\u00f3 ki\u1ec3m so\u00e1t \u0111\u1ec3 tr\u00e1nh ph\u00e1t sinh r\u1ee7i ro cao. H\u1ed9i vi\u00ean n\u00ean \u0111\u1eb7t ra gi\u1edbi h\u1ea1n c\u1ee5 th\u1ec3 tr\u01b0\u1edbc khi s\u1eed d\u1ee5ng ph\u01b0\u01a1ng ph\u00e1p n\u00e0y. \u0110i\u1ec1u n\u00e0y gi\u00fap duy tr\u00ec s\u1ef1 c\u00e2n b\u1eb1ng trong qu\u00e1 tr\u00ecnh <\/span><b>ch\u01a1i game casino online<\/b><span style=\"font-weight: 400;\">.<\/span><\/p>\n<p><span style=\"font-weight: 400;\">B\u00ean c\u1ea1nh \u0111\u00f3, vi\u1ec7c d\u1eebng \u0111\u00fang th\u1eddi \u0111i\u1ec3m \u0111\u00f3ng vai tr\u00f2 r\u1ea5t quan tr\u1ecdng. Kh\u00f4ng n\u00ean k\u00e9o d\u00e0i chu\u1ed7i c\u01b0\u1ee3c khi k\u1ebft qu\u1ea3 kh\u00f4ng thu\u1eadn l\u1ee3i. Ng\u01b0\u1eddi tham gia c\u1ea7n gi\u1eef s\u1ef1 t\u1ec9nh t\u00e1o \u0111\u1ec3 \u0111i\u1ec1u ch\u1ec9nh chi\u1ebfn thu\u1eadt k\u1ecbp th\u1eddi. \u0110i\u1ec1u n\u00e0y gi\u00fap ng\u01b0\u1eddi ch\u01a1i b\u1ea3o to\u00e0n k\u1ebft qu\u1ea3 \u0111\u1ea1t \u0111\u01b0\u1ee3c.<\/span><\/p>\n<h3><b>Tr\u00e1nh ch\u01a1i khi \u0111ang thua li\u00ean ti\u1ebfp<\/b><\/h3>\n<p><span style=\"font-weight: 400;\">Khi g\u1eb7p chu\u1ed7i thua li\u00ean ti\u1ebfp t\u1ea1i <\/span><b>casino 789P <\/b><span style=\"font-weight: 400;\">ng\u01b0\u1eddi ch\u01a1i n\u00ean ch\u1ee7 \u0111\u1ed9ng t\u1ea1m d\u1eebng \u0111\u1ec3 \u1ed5n \u0111\u1ecbnh l\u1ea1i t\u00e2m l\u00fd. Vi\u1ec7c c\u1ed1 g\u1eafng g\u1ee1 ngay c\u00f3 th\u1ec3 khi\u1ebfn quy\u1ebft \u0111\u1ecbnh tr\u1edf n\u00ean thi\u1ebfu ch\u00ednh x\u00e1c. Ngh\u1ec9 ng\u1eafn gi\u00fap l\u1ea5y l\u1ea1i s\u1ef1 s\u1ef1 t\u1eadp trung tr\u01b0\u1edbc khi quay l\u1ea1i. \u0110i\u1ec1u n\u00e0y gi\u00fap h\u1ea1n ch\u1ebf nh\u1eefng l\u1ef1a ch\u1ecdn v\u1ed9i v\u00e0ng.<\/span><\/p>\n<h2><b>L\u1eddi k\u1ebft<\/b><\/h2>\n<p><b>Casino 789P <\/b><span style=\"font-weight: 400;\">x\u00e2y d\u1ef1ng m\u00f4i tr\u01b0\u1eddng gi\u1ea3i tr\u00ed tr\u1ef1c tuy\u1ebfn v\u1edbi nhi\u1ec1u y\u1ebfu t\u1ed1 t\u1ed1i \u01b0u t\u1eeb giao di\u1ec7n \u0111\u1ebfn danh m\u1ee5c tr\u00f2 ch\u01a1i. <\/span><b>789P<\/b><span style=\"font-weight: 400;\"> mang \u0111\u1ebfn tr\u1ea3i nghi\u1ec7m m\u01b0\u1ee3t m\u00e0 v\u00e0 d\u1ec5 ti\u1ebfp c\u1eadn.<\/span><\/p>\n","protected":false},"excerpt":{"rendered":"<p>Casino 789P &#8211; Ki\u1ebfn T\u1ea1o Tr\u1ea3i Nghi\u1ec7m Game Tr\u1ef1c Tuy\u1ebfn Kh\u00e1c Bi\u1ec7t Casino 789P n\u1ed5i b\u1eadt v\u1edbi h\u1ec7 th\u1ed1ng tr\u00f2 ch\u01a1i phong ph\u00fa c\u00f9ng c\u01a1 ch\u1ebf v\u1eadn h\u00e0nh t\u1ed1i \u01b0u gi\u00fap tr\u1ea3i nghi\u1ec7m lu\u00f4n m\u01b0\u1ee3t m\u00e0. Ng\u01b0\u1eddi tham gia c\u00f3 th\u1ec3 d\u1ec5 d\u00e0ng ti\u1ebfp c\u1eadn nhi\u1ec1u th\u1ec3 lo\u1ea1i h\u1ea5p d\u1eabn tr\u00ean c\u00f9ng m\u1ed9t s\u00e2n ch\u01a1i. [&#8230;]\n","protected":false},"author":1,"featured_media":125,"parent":0,"menu_order":0,"comment_status":"closed","ping_status":"closed","template":"","meta":{"footnotes":""},"class_list":["post-122","page","type-page","status-publish","has-post-thumbnail","hentry"],"_links":{"self":[{"href":"https:\/\/inpasila.ru.com\/index.php\/wp-json\/wp\/v2\/pages\/122","targetHints":{"allow":["GET"]}}],"collection":[{"href":"https:\/\/inpasila.ru.com\/index.php\/wp-json\/wp\/v2\/pages"}],"about":[{"href":"https:\/\/inpasila.ru.com\/index.php\/wp-json\/wp\/v2\/types\/page"}],"author":[{"embeddable":true,"href":"https:\/\/inpasila.ru.com\/index.php\/wp-json\/wp\/v2\/users\/1"}],"replies":[{"embeddable":true,"href":"https:\/\/inpasila.ru.com\/index.php\/wp-json\/wp\/v2\/comments?post=122"}],"version-history":[{"count":2,"href":"https:\/\/inpasila.ru.com\/index.php\/wp-json\/wp\/v2\/pages\/122\/revisions"}],"predecessor-version":[{"id":129,"href":"https:\/\/inpasila.ru.com\/index.php\/wp-json\/wp\/v2\/pages\/122\/revisions\/129"}],"wp:featuredmedia":[{"embeddable":true,"href":"https:\/\/inpasila.ru.com\/index.php\/wp-json\/wp\/v2\/media\/125"}],"wp:attachment":[{"href":"https:\/\/inpasila.ru.com\/index.php\/wp-json\/wp\/v2\/media?parent=122"}],"curies":[{"name":"wp","href":"https:\/\/api.w.org\/{rel}","templated":true}]}}