{"id":53,"date":"2026-04-04T06:50:29","date_gmt":"2026-04-04T06:50:29","guid":{"rendered":"https:\/\/hn.sa.com\/?page_id=53"},"modified":"2026-04-04T06:50:29","modified_gmt":"2026-04-04T06:50:29","slug":"chinh-sach-bao-mat","status":"publish","type":"page","link":"https:\/\/inpasila.ru.com\/index.php\/chinh-sach-bao-mat\/","title":{"rendered":"Ch\u00ednh S\u00e1ch B\u1ea3o M\u1eadt &#8211; Bi\u1ec7n Ph\u00e1p T\u1ed1i \u01afu An To\u00e0n\u00a0 H\u1ed9i Vi\u00ean"},"content":{"rendered":"<h1 style=\"text-align: center;\"><b>Ch\u00ednh S\u00e1ch B\u1ea3o M\u1eadt &#8211; Bi\u1ec7n Ph\u00e1p T\u1ed1i \u01afu An To\u00e0n\u00a0 H\u1ed9i Vi\u00ean<\/b><\/h1>\n<p><b>Ch\u00ednh s\u00e1ch b\u1ea3o m\u1eadt <\/b><span style=\"font-weight: 400;\">\u0111\u01b0\u1ee3c x\u00e2y d\u1ef1ng nh\u1eb1m \u0111\u1ea3m b\u1ea3o quy\u1ec1n v\u00e0 l\u1ee3i \u00edch gi\u1eefa c\u00e1c b\u00ean tr\u00ean kh\u00f4ng gian m\u1ea1ng. 789P t\u1ea1o m\u00f4i tr\u01b0\u1eddng ch\u01a1i l\u00e0nh m\u1ea1nh, c\u00f4ng b\u1eb1ng n\u01a1i m\u00e0 ai c\u0169ng c\u00f3 th\u1ec3 tham gia m\u00e0 kh\u00f4ng s\u1ee3 b\u1ea5t c\u1ee9 r\u1ee7i ro n\u00e0o. Qua b\u00e0i vi\u1ebft n\u00e0y ch\u00fang ta h\u00e3y c\u00f9ng t\u00ecm hi\u1ec3u r\u00f5 h\u01a1n v\u1ec1 c\u00e1c quy \u0111\u1ecbnh c\u01a1 b\u1ea3n \u0111\u01b0\u1ee3c ban h\u00e0nh.<\/span><\/p>\n<h2><b>C\u00e1c \u01b0u \u0111i\u1ec3m v\u01b0\u1ee3t tr\u1ed9i v\u1ec1 ch\u00ednh s\u00e1ch b\u1ea3o m\u1eadt<\/b><\/h2>\n<p><b>789P<\/b><span style=\"font-weight: 400;\"> x\u00e2y d\u1ef1ng <\/span><b>quy \u0111\u1ecbnh b\u1ea3o m\u1eadt<\/b><span style=\"font-weight: 400;\"> nh\u1eb1m \u0111\u1ea3m b\u1ea3o th\u00f4ng tin c\u1ee7a ng\u01b0\u1eddi ch\u01a1i lu\u00f4n \u0111\u01b0\u1ee3c t\u1ed1i \u01b0u v\u00e0 an to\u00e0n. \u0110i\u1ec1u n\u00e0y gi\u00fap quy\u1ec1n ri\u00eang t\u01b0 v\u00e0 kh\u00f4ng \u0111\u1ec3 l\u1ed9 th\u00f4ng tin kh\u00e1ch h\u00e0ng ra ngo\u00e0i g\u00e2y \u1ea3nh h\u01b0\u1edfng \u0111\u1ebfn c\u00f4ng vi\u1ec7c v\u00e0 cu\u1ed9c s\u1ed1ng h\u1eb1ng ng\u00e0y.\u00a0<\/span><\/p>\n<p><span style=\"font-weight: 400;\">Th\u01b0\u01a1ng hi\u1ec7u c\u00f2n cam k\u1ebft s\u1ebd kh\u00f4ng cung c\u1ea5p b\u1ea5t c\u1ee9 d\u1eef li\u1ec7u g\u00ec cho b\u00ean th\u1ee9 ba n\u1ebfu ch\u01b0a \u0111\u01b0\u1ee3c s\u1ef1 \u0111\u1ed3ng \u00fd c\u1ee7a kh\u00e1ch h\u00e0ng. Nh\u1eefng<\/span><b> ch\u00ednh s\u00e1ch b\u1ea3o m\u1eadt <\/b><span style=\"font-weight: 400;\">c\u00f2n mang l\u1ea1i cho ng\u01b0\u1eddi ch\u01a1i nhi\u1ec1u l\u1ee3i \u00edch kh\u00e1c nhau g\u1ed3m:<\/span><\/p>\n<ul>\n<li style=\"font-weight: 400;\" aria-level=\"1\"><span style=\"font-weight: 400;\">Gi\u00fap n\u00e2ng cao \u00fd th\u1ee9c v\u00e0 tr\u00e1ch nhi\u1ec7m c\u1ee7a c\u00e1c b\u00ean trong vi\u1ec7c l\u01b0u tr\u1eef th\u00f4ng tin. T\u1eeb \u0111\u00f3 h\u1ea1n ch\u1ebf \u0111\u01b0\u1ee3c r\u1ee7i ro v\u00e0 khi\u1ebfu ki\u1ec7n khi c\u00f3 s\u1ef1 c\u1ed1 x\u1ea3y ra ngo\u00e0i mong mu\u1ed1n.<\/span><\/li>\n<li style=\"font-weight: 400;\" aria-level=\"1\"><span style=\"font-weight: 400;\">Gi\u00fap th\u01b0\u01a1ng hi\u1ec7u qu\u1ea3n l\u00fd t\u1ed1t d\u1eef li\u1ec7u v\u00e0 t\u00e0i kho\u1ea3n c\u1ee7a ng\u01b0\u1eddi ch\u01a1i tr\u00ean kh\u00f4ng gian m\u1ea1ng. H\u1ea1n ch\u1ebf t\u00ecnh tr\u1ea1ng l\u1ee3i d\u1ee5ng t\u1ea1o nhi\u1ec1u t\u00e0i kho\u1ea3n nh\u1eb1m chu\u1ed9c l\u1ee3i g\u00e2y \u1ea3nh h\u01b0\u1edfng \u0111\u1ebfn c\u1ed9ng \u0111\u1ed3ng.<\/span><\/li>\n<li style=\"font-weight: 400;\" aria-level=\"1\"><span style=\"font-weight: 400;\">Qu\u00e1 tr\u00ecnh giao d\u1ecbch lu\u00f4n \u0111\u01b0\u1ee3c \u0111\u1ea3m b\u1ea3o, t\u1ea5t c\u1ea3 c\u00e1c th\u00f4ng tin \u0111\u1ec1u \u0111\u01b0\u1ee3c x\u00e1c th\u1ef1c. \u0110i\u1ec1u n\u00e0y gi\u1ea3m tr\u00e1nh vi\u1ec7c hacker t\u1ea5n c\u00f4ng v\u00e0o g\u00e2y thi\u1ec7t h\u1ea1i cho ng\u01b0\u1eddi ch\u01a1i m\u1ed7i khi tham gia.<\/span><\/li>\n<\/ul>\n<figure id=\"attachment_55\" aria-describedby=\"caption-attachment-55\" style=\"width: 800px\" class=\"wp-caption aligncenter\"><img loading=\"lazy\" decoding=\"async\" class=\"wp-image-55 size-full\" src=\"https:\/\/inpasila.ru.com\/wp-content\/uploads\/2026\/04\/mot-so-loi-ich-khi-xay-dung-chinh-sach-bao-mat.jpg\" alt=\"M\u1ed9t s\u1ed1 l\u1ee3i \u00edch khi x\u00e2y d\u1ef1ng ch\u00ednh s\u00e1ch b\u1ea3o m\u1eadt\" width=\"800\" height=\"400\" srcset=\"https:\/\/inpasila.ru.com\/wp-content\/uploads\/2026\/04\/mot-so-loi-ich-khi-xay-dung-chinh-sach-bao-mat.jpg 800w, https:\/\/inpasila.ru.com\/wp-content\/uploads\/2026\/04\/mot-so-loi-ich-khi-xay-dung-chinh-sach-bao-mat-300x150.jpg 300w, https:\/\/inpasila.ru.com\/wp-content\/uploads\/2026\/04\/mot-so-loi-ich-khi-xay-dung-chinh-sach-bao-mat-768x384.jpg 768w\" sizes=\"auto, (max-width: 800px) 100vw, 800px\" \/><figcaption id=\"caption-attachment-55\" class=\"wp-caption-text\">M\u1ed9t s\u1ed1 l\u1ee3i \u00edch khi x\u00e2y d\u1ef1ng ch\u00ednh s\u00e1ch b\u1ea3o m\u1eadt<\/figcaption><\/figure>\n<h2><b>T\u1ed5ng h\u1ee3p nh\u1eefng n\u1ed9i dung ch\u00ednh s\u00e1ch b\u1ea3o m\u1eadt 789P<\/b><\/h2>\n<p><span style=\"font-weight: 400;\">Ngo\u00e0i vi\u1ec7c tri\u1ec3n \u00e1p d\u1ee5ng c\u00e1c c\u00f4ng ngh\u1ec7 hi\u1ec7n \u0111\u1ea1i trong qu\u00e1 tr\u00ecnh thu th\u1eadp l\u01b0u tr\u1eef d\u1eef li\u1ec7u. Th\u01b0\u01a1ng hi\u1ec7u c\u00f2n \u0111\u01b0a ra c\u00e1c quy \u0111\u1ecbnh v\u1ec1<\/span><b> ch\u00ednh s\u00e1ch b\u1ea3o m\u1eadt<\/b><span style=\"font-weight: 400;\"> m\u1ed7i h\u1ed9i vi\u00ean c\u1ea7n n\u1eafm r\u00f5 g\u1ed3m:<\/span><\/p>\n<h3><b>Quy \u0111\u1ecbnh thu th\u1eadp th\u00f4ng tin<\/b><\/h3>\n<p><span style=\"font-weight: 400;\">Th\u01b0\u01a1ng hi\u1ec7u ch\u1ec9 thu th\u1eadp c\u00e1c d\u1eef li\u1ec7u c\u1ea7n thi\u1ebft nh\u1eb1m m\u1ee5c \u0111\u00edch qu\u1ea3n l\u00fd v\u00e0 x\u00e1c th\u1ef1c khi truy c\u1eadp v\u00e0 giao d\u1ecbch. S\u00e2n ch\u01a1i c\u00f2n thu th\u1eadp d\u1eef li\u1ec7u li\u00ean quan \u0111\u1ebfn vi\u1ec7c cung c\u1ea5p d\u1ecbch v\u1ee5 nh\u1eb1m mang l\u1ea1i tr\u1ea3i nghi\u1ec7m t\u1ed1t nh\u1ea5t. V\u00ec v\u1eady th\u00e0nh vi\u00ean c\u00f3 th\u1ec3 l\u00e0m theo y\u00eau c\u1ea7u ho\u1eb7c kh\u00f4ng c\u1ea7n cung c\u1ea5p n\u1ebfu kh\u00f4ng mu\u1ed1n.<\/span><\/p>\n<h3><b>Quy \u0111\u1ecbnh chia s\u1ebb th\u00f4ng tin<\/b><\/h3>\n<p><span style=\"font-weight: 400;\">S\u00e2n ch\u01a1i ch\u1ec9 chia s\u1ebb c\u00e1c th\u00f4ng tin c\u1ea7n thi\u1ebft cho c\u01a1 quan ch\u1ee9c n\u0103ng khi c\u00f3 y\u00eau c\u1ea7u. L\u00fac n\u00e0y \u0111\u01a1n v\u1ecb gi\u1ea3i tr\u00ed c\u0169ng th\u00f4ng b\u00e1o cho kh\u00e1ch h\u00e0ng \u0111\u1ec3 h\u1ecd c\u00f3 th\u1ec3 n\u1eafm r\u00f5 h\u01a1n t\u00ecnh h\u00ecnh. T\u1ea5t c\u1ea3 d\u1eef li\u1ec7u kh\u00f4ng chia s\u1ebb cho b\u00ean th\u1ee9 ba nh\u1eb1m m\u1ee5c \u0111\u00edch th\u01b0\u01a1ng m\u1ea1i khi ch\u01b0a c\u00f3 s\u1ef1 \u0111\u1ed3ng \u00fd c\u1ee7a kh\u00e1ch h\u00e0ng. Do \u0111\u00f3 ng\u01b0\u1eddi ch\u01a1i ho\u00e0n to\u00e0n an t\u00e2m, tin t\u01b0\u1edfng d\u1eef li\u1ec7u c\u00e1 nh\u00e2n c\u1ee7a m\u00ecnh kh\u00f4ng b\u1ecb l\u1ed9 ra ngo\u00e0i.<\/span><\/p>\n<h3><b>Ch\u00ednh s\u00e1ch b\u1ea3o m\u1eadt h\u1ec7 th\u1ed1ng t\u00e0i kho\u1ea3n<\/b><\/h3>\n<p><span style=\"font-weight: 400;\">M\u1ed9t khi c\u00f3 s\u1ef1 thay \u0111\u1ed5i th\u00f4ng tin ng\u01b0\u1eddi ch\u01a1i c\u00f3 th\u1ec3 c\u1eadp nh\u1eadt b\u1eb1ng c\u00e1ch th\u00eam hay thay \u0111\u1ed5i. Nh\u1eefng d\u1eef li\u1ec7u n\u00e0y s\u1ebd \u0111\u01b0\u1ee3c l\u01b0u tr\u1eef l\u1ea1i gi\u00fap b\u1ea1n c\u00f3 th\u1ec3 \u0111\u0103ng nh\u1eadp v\u00e0 giao d\u1ecbch \u0111\u01b0\u1ee3c thu\u1eadn ti\u1ec7n h\u01a1n. H\u01a1n n\u1eefa, vi\u1ec7c c\u1eadp nh\u1eadt m\u1edbi c\u00e1c d\u1eef li\u1ec7u li\u00ean quan gi\u00fap cho \u0111\u01a1n v\u1ecb gi\u1ea3i tr\u00ed d\u1ec5 d\u00e0ng qu\u1ea3n l\u00fd v\u00e0 x\u00e1c th\u1ef1c.<\/span><\/p>\n<h3><b>Quy \u0111\u1ecbnh l\u01b0u tr\u1eef th\u00f4ng tin<\/b><\/h3>\n<p><span style=\"font-weight: 400;\">\u0110\u01a1n v\u1ecb gi\u1ea3i tr\u00ed ch\u1ec9 l\u01b0u tr\u1eef c\u00e1c th\u00f4ng tin c\u1ee7a kh\u00e1ch h\u00e0ng trong qu\u00e1 tr\u00ecnh tham gia tr\u1ea3i nghi\u1ec7m c\u00e1c t\u1ef1a game. Khi h\u1ed9i vi\u00ean\u00a0 kh\u00f4ng mu\u1ed1n tham gia n\u1eefa c\u00f3 th\u1ec3 h\u1ee7y t\u00e0i kho\u1ea3n v\u00e0 x\u00f3a b\u1ecf th\u00f4ng tin c\u1ee7a m\u00ecnh. \u0110i\u1ec1u n\u00e0y gi\u00fap cho <\/span><b>b\u1ea3o m\u1eadt an to\u00e0n<\/b><span style=\"font-weight: 400;\"> c\u0169ng nh\u01b0 kh\u00f4ng \u0111\u1ec3 k\u1ebb x\u1ea5u \u0111\u1ed9t nh\u1eadp v\u00e0o \u0111\u00e1nh c\u1eafp.<\/span><\/p>\n<figure id=\"attachment_54\" aria-describedby=\"caption-attachment-54\" style=\"width: 800px\" class=\"wp-caption aligncenter\"><img loading=\"lazy\" decoding=\"async\" class=\"size-full wp-image-54\" src=\"https:\/\/inpasila.ru.com\/wp-content\/uploads\/2026\/04\/luu-tru-du-lieu-he-thong-duoc-dam-bao-an-toan.jpg\" alt=\"L\u01b0u tr\u1eef d\u1eef li\u1ec7u h\u1ec7 th\u1ed1ng \u0111\u01b0\u1ee3c \u0111\u1ea3m b\u1ea3o an to\u00e0n\" width=\"800\" height=\"400\" srcset=\"https:\/\/inpasila.ru.com\/wp-content\/uploads\/2026\/04\/luu-tru-du-lieu-he-thong-duoc-dam-bao-an-toan.jpg 800w, https:\/\/inpasila.ru.com\/wp-content\/uploads\/2026\/04\/luu-tru-du-lieu-he-thong-duoc-dam-bao-an-toan-300x150.jpg 300w, https:\/\/inpasila.ru.com\/wp-content\/uploads\/2026\/04\/luu-tru-du-lieu-he-thong-duoc-dam-bao-an-toan-768x384.jpg 768w\" sizes=\"auto, (max-width: 800px) 100vw, 800px\" \/><figcaption id=\"caption-attachment-54\" class=\"wp-caption-text\">L\u01b0u tr\u1eef d\u1eef li\u1ec7u h\u1ec7 th\u1ed1ng \u0111\u01b0\u1ee3c \u0111\u1ea3m b\u1ea3o an to\u00e0n<\/figcaption><\/figure>\n<h2><b>M\u1ed9t s\u1ed1 l\u01b0u \u00fd nh\u1eb1m gi\u00fap ch\u00ednh s\u00e1ch b\u1ea3o m\u1eadt 789P hi\u1ec7u qu\u1ea3<\/b><\/h2>\n<p><span style=\"font-weight: 400;\">Ngo\u00e0i vi\u1ec7c tu\u00e2n th\u1ee7 c\u00e1c quy \u0111\u1ecbnh v\u1ec1 <\/span><b>ch\u00ednh s\u00e1ch b\u1ea3o m\u1eadt<\/b><span style=\"font-weight: 400;\"> m\u00e0 \u0111\u01a1n v\u1ecb gi\u1ea3i tr\u00ed \u0111\u01b0a ra. Ng\u01b0\u1eddi ch\u01a1i c\u1ea7n n\u1eafm v\u1eefng m\u1ed9t s\u1ed1 l\u01b0u \u00fd khi l\u01b0u tr\u1eef th\u00f4ng tin c\u1ee7a m\u00ecnh tr\u00ean kh\u00f4ng gian m\u1ea1ng g\u1ed3m:<\/span><\/p>\n<h3><b>Lu\u00f4n \u0111\u1eb7t m\u1eadt kh\u1ea9u \u0111\u1ee7 m\u1ea1nh<\/b><\/h3>\n<p><span style=\"font-weight: 400;\">\u0110i\u1ec1u \u0111\u1ea7u ti\u00ean th\u00e0nh vi\u00ean c\u1ea7n l\u00e0m \u0111\u1ec3 b\u1ea3o v\u1ec7 th\u00f4ng tin c\u1ee7a m\u00ecnh \u0111\u00f3 l\u00e0 \u0111\u1eb7t m\u1eadt kh\u1ea9u \u0111\u1ee7 m\u1ea1nh. Ng\u01b0\u1eddi ch\u01a1i n\u00ean \u0111\u1eb7t kho\u1ea3ng 10 k\u00fd t\u1ef1 g\u1ed3m s\u1ed1, ch\u1eef hoa, ch\u1eef th\u01b0\u1eddng v\u00e0 k\u00fd t\u1ef1 \u0111\u1eb7c bi\u1ec7t. Tr\u00e1nh \u0111\u1eb7t m\u1eadt kh\u1ea9u theo s\u1ed1 th\u1ee9 t\u1ef1, ng\u00e0y th\u00e1ng n\u0103m sinh \u0111\u1ec3 ng\u01b0\u1eddi kh\u00e1c d\u1ec5 \u0111o\u00e1n ra. \u0110\u1ed3ng th\u1eddi, \u0111\u1ecbnh k\u1ef3 kho\u1ea3ng 2 \u0111\u1ebfn 3 th\u00e1ng thay \u0111\u1ed5i m\u1eadt kh\u1ea9u l\u1ea7n nh\u1eb1m t\u0103ng <\/span><b>m\u1ee9c \u0111\u1ed9 an to\u00e0n<\/b><span style=\"font-weight: 400;\">.<\/span><\/p>\n<h3><b>S\u1eed d\u1ee5ng thi\u1ebft b\u1ecb an to\u00e0n<\/b><\/h3>\n<p><span style=\"font-weight: 400;\">Theo c\u00e1c chuy\u00ean gia th\u00ec ng\u01b0\u1eddi ch\u01a1i n\u00ean s\u1eed d\u1ee5ng c\u00e1c thi\u1ebft b\u1ecb c\u00e1 nh\u00e2n khi truy c\u1eadp v\u00e0o t\u00e0i kho\u1ea3n. Tr\u00e1nh tr\u01b0\u1eddng h\u1ee3p s\u1eed d\u1ee5ng thi\u1ebft b\u1ecb l\u1ea1, thi\u1ebft b\u1ecb c\u00f4ng c\u1ed9ng d\u1ec5 b\u1ecb virus, k\u1ebb x\u1ea5u \u0111o\u00e1n \u0111\u01b0\u1ee3c khi \u0111\u0103ng nh\u1eadp. \u0110i\u1ec1u n\u00e0y d\u1ec5 l\u00e0m l\u1ed9 th\u00f4ng tin ra ngo\u00e0i v\u00e0 b\u1ecb hacker chi\u1ebfm quy\u1ec1n \u0111i\u1ec1u khi\u1ec3n g\u00e2y thi\u1ec7t h\u1ea1i khi tham gia.<\/span><\/p>\n<h3><b>Kh\u00f4ng chia s\u1ebb cung c\u1ea5p th\u00f4ng tin cho b\u1ea5t c\u1ee9 ai<\/b><\/h3>\n<p><b>Ch\u00ednh s\u00e1ch b\u1ea3o m\u1eadt <\/b><span style=\"font-weight: 400;\">khuy\u1ebfn c\u00e1o ng\u01b0\u1eddi ch\u01a1i kh\u00f4ng n\u00ean chia s\u1ebb hay cung c\u1ea5p b\u1ea5t c\u1ee9 d\u1eef li\u1ec7u v\u1ec1 t\u00e0i kho\u1ea3n c\u1ee7a m\u00ecnh k\u1ec3 c\u1ea3 ng\u01b0\u1eddi th\u00e2n v\u00e0 b\u1ea1n b\u00e8. L\u00fac n\u00e0y th\u00f4ng tin c\u00e1 nh\u00e2n d\u1ec5 b\u1ecb l\u1ed9 ra ngo\u00e0i \u1ea3nh h\u01b0\u1edfng \u0111\u1ebfn qu\u00e1 tr\u00ecnh ch\u01a1i c\u0169ng nh\u01b0 giao d\u1ecbch.<\/span><\/p>\n<figure id=\"attachment_56\" aria-describedby=\"caption-attachment-56\" style=\"width: 800px\" class=\"wp-caption aligncenter\"><img loading=\"lazy\" decoding=\"async\" class=\"size-full wp-image-56\" src=\"https:\/\/inpasila.ru.com\/wp-content\/uploads\/2026\/04\/tuyet-doi-giu-bi-mat-moi-du-lieu-he-thong-o-thuong-hieu.jpg\" alt=\"Tuy\u1ec7t \u0111\u1ed1i gi\u1eef b\u00ed m\u1eadt m\u1ecdi d\u1eef li\u1ec7u h\u1ec7 th\u1ed1ng \u1edf th\u01b0\u01a1ng hi\u1ec7u\" width=\"800\" height=\"400\" srcset=\"https:\/\/inpasila.ru.com\/wp-content\/uploads\/2026\/04\/tuyet-doi-giu-bi-mat-moi-du-lieu-he-thong-o-thuong-hieu.jpg 800w, https:\/\/inpasila.ru.com\/wp-content\/uploads\/2026\/04\/tuyet-doi-giu-bi-mat-moi-du-lieu-he-thong-o-thuong-hieu-300x150.jpg 300w, https:\/\/inpasila.ru.com\/wp-content\/uploads\/2026\/04\/tuyet-doi-giu-bi-mat-moi-du-lieu-he-thong-o-thuong-hieu-768x384.jpg 768w\" sizes=\"auto, (max-width: 800px) 100vw, 800px\" \/><figcaption id=\"caption-attachment-56\" class=\"wp-caption-text\">Tuy\u1ec7t \u0111\u1ed1i gi\u1eef b\u00ed m\u1eadt m\u1ecdi d\u1eef li\u1ec7u h\u1ec7 th\u1ed1ng \u1edf th\u01b0\u01a1ng hi\u1ec7u<\/figcaption><\/figure>\n<h2><b>L\u1eddi k\u1ebft<\/b><\/h2>\n<p><span style=\"font-weight: 400;\">Vi\u1ec7c n\u1eafm r\u00f5 c\u00e1c n\u1ed9i dung v\u1ec1 <\/span><b>ch\u00ednh s\u00e1ch b\u1ea3o m\u1eadt<\/b><span style=\"font-weight: 400;\"> gi\u00fap h\u1ed9i vi\u1ec7c tr\u1ea3i nghi\u1ec7m t\u1ed1i \u01b0u v\u00e0 hi\u1ec7u qu\u1ea3 nh\u1ea5t. S\u00e2n ch\u01a1i cung c\u1ea5p \u0111a d\u1ea1ng c\u00e1c quy \u0111\u1ecbnh \u0111\u1ec3 quy\u1ec1n l\u1ee3i c\u00e1c b\u00ean tham gia 789P. Hi v\u1ecdng qua b\u00e0i vi\u1ebft n\u00e0y ph\u1ea7n n\u00e0o gi\u00fap b\u1ea1n n\u1eafm r\u00f5 h\u01a1n \u0111\u1ec3 b\u1ea3o m\u1eadt th\u00f4ng tin c\u00e1 nh\u00e2n kh\u00f4ng b\u1ecb l\u1ed9 ra ngo\u00e0i.<\/span><\/p>\n","protected":false},"excerpt":{"rendered":"<p>Ch\u00ednh S\u00e1ch B\u1ea3o M\u1eadt &#8211; Bi\u1ec7n Ph\u00e1p T\u1ed1i \u01afu An To\u00e0n\u00a0 H\u1ed9i Vi\u00ean Ch\u00ednh s\u00e1ch b\u1ea3o m\u1eadt \u0111\u01b0\u1ee3c x\u00e2y d\u1ef1ng nh\u1eb1m \u0111\u1ea3m b\u1ea3o quy\u1ec1n v\u00e0 l\u1ee3i \u00edch gi\u1eefa c\u00e1c b\u00ean tr\u00ean kh\u00f4ng gian m\u1ea1ng. 789P t\u1ea1o m\u00f4i tr\u01b0\u1eddng ch\u01a1i l\u00e0nh m\u1ea1nh, c\u00f4ng b\u1eb1ng n\u01a1i m\u00e0 ai c\u0169ng c\u00f3 th\u1ec3 tham gia m\u00e0 kh\u00f4ng s\u1ee3 b\u1ea5t [&#8230;]\n","protected":false},"author":1,"featured_media":57,"parent":0,"menu_order":0,"comment_status":"closed","ping_status":"closed","template":"","meta":{"footnotes":""},"class_list":["post-53","page","type-page","status-publish","has-post-thumbnail","hentry"],"_links":{"self":[{"href":"https:\/\/inpasila.ru.com\/index.php\/wp-json\/wp\/v2\/pages\/53","targetHints":{"allow":["GET"]}}],"collection":[{"href":"https:\/\/inpasila.ru.com\/index.php\/wp-json\/wp\/v2\/pages"}],"about":[{"href":"https:\/\/inpasila.ru.com\/index.php\/wp-json\/wp\/v2\/types\/page"}],"author":[{"embeddable":true,"href":"https:\/\/inpasila.ru.com\/index.php\/wp-json\/wp\/v2\/users\/1"}],"replies":[{"embeddable":true,"href":"https:\/\/inpasila.ru.com\/index.php\/wp-json\/wp\/v2\/comments?post=53"}],"version-history":[{"count":2,"href":"https:\/\/inpasila.ru.com\/index.php\/wp-json\/wp\/v2\/pages\/53\/revisions"}],"predecessor-version":[{"id":59,"href":"https:\/\/inpasila.ru.com\/index.php\/wp-json\/wp\/v2\/pages\/53\/revisions\/59"}],"wp:featuredmedia":[{"embeddable":true,"href":"https:\/\/inpasila.ru.com\/index.php\/wp-json\/wp\/v2\/media\/57"}],"wp:attachment":[{"href":"https:\/\/inpasila.ru.com\/index.php\/wp-json\/wp\/v2\/media?parent=53"}],"curies":[{"name":"wp","href":"https:\/\/api.w.org\/{rel}","templated":true}]}}