{"id":60,"date":"2026-04-04T07:06:20","date_gmt":"2026-04-04T07:06:20","guid":{"rendered":"https:\/\/hn.sa.com\/?page_id=60"},"modified":"2026-04-04T07:06:20","modified_gmt":"2026-04-04T07:06:20","slug":"dieu-khoan-dieu-kien","status":"publish","type":"page","link":"https:\/\/inpasila.ru.com\/index.php\/dieu-khoan-dieu-kien\/","title":{"rendered":"\u0110i\u1ec1u Kho\u1ea3n \u0110i\u1ec1u Ki\u1ec7n &#8211; Quy\u1ec1n L\u1ee3i &#038; Tr\u00e1ch Nhi\u1ec7m H\u1ed9i Vi\u00ean"},"content":{"rendered":"<h1 style=\"text-align: center;\"><b>\u0110i\u1ec1u Kho\u1ea3n \u0110i\u1ec1u Ki\u1ec7n &#8211; Quy\u1ec1n L\u1ee3i &amp; Tr\u00e1ch Nhi\u1ec7m H\u1ed9i Vi\u00ean<\/b><\/h1>\n<p><b>\u0110i\u1ec1u kho\u1ea3n \u0111i\u1ec1u ki\u1ec7n <\/b><span style=\"font-weight: 400;\">quy \u0111\u1ecbnh chi ti\u1ebft quy\u1ec1n l\u1ee3i, tr\u00e1ch nhi\u1ec7m v\u00e0 ngh\u0129a v\u1ee5 c\u1ee7a ng\u01b0\u1eddi ch\u01a1i khi tham gia <\/span><b>789P<\/b><span style=\"font-weight: 400;\">. Vi\u1ec7c n\u1eafm v\u1eefng c\u00e1c kho\u1ea3n n\u00e0y gi\u00fap h\u1ed9i vi\u00ean tham gia s\u1eed d\u1ee5ng d\u1ecbch v\u1ee5 hi\u1ec7u qu\u1ea3. Khi h\u1ed9i vi\u00ean tu\u00e2n th\u1ee7 t\u1ed1t s\u1ebd c\u00f3 c\u01a1 h\u1ed9i nh\u1eadn c\u00e1c \u01b0u \u0111\u00e3i h\u1ea5p d\u1eabn, \u0111\u1ea3m b\u1ea3o tr\u1ea3i nghi\u1ec7m an to\u00e0n, minh b\u1ea1ch.<\/span><\/p>\n<h2><b>Gi\u1edbi thi\u1ec7u t\u1ed5ng quan v\u1ec1 \u0111i\u1ec1u kho\u1ea3n \u0111i\u1ec1u ki\u1ec7n tham gia<\/b><\/h2>\n<p><b>789P <\/b><span style=\"font-weight: 400;\">thi\u1ebft l\u1eadp c\u00e1c quy \u0111\u1ecbnh nh\u1eb1m \u0111\u1ea3m b\u1ea3o m\u1ecdi th\u00e0nh vi\u00ean tham gia \u0111\u1ec1u c\u00f4ng b\u1eb1ng v\u00e0 minh b\u1ea1ch. N\u1ed9i dung c\u00e1c quy \u0111\u1ecbnh bao g\u1ed3m quy\u1ec1n l\u1ee3i, tr\u00e1ch nhi\u1ec7m c\u0169ng nh\u01b0 ngh\u0129a v\u1ee5 c\u1ee7a ng\u01b0\u1eddi ch\u01a1i. Tu\u00e2n th\u1ee7 c\u00e1c quy \u0111\u1ecbnh n\u00e0y gi\u00fap m\u1ecdi giao d\u1ecbch di\u1ec5n ra su\u00f4n s\u1ebb v\u00e0 h\u1ea1n ch\u1ebf r\u1ee7i ro.<\/span><\/p>\n<figure id=\"attachment_63\" aria-describedby=\"caption-attachment-63\" style=\"width: 800px\" class=\"wp-caption aligncenter\"><img loading=\"lazy\" decoding=\"async\" class=\"size-full wp-image-63\" src=\"https:\/\/inpasila.ru.com\/wp-content\/uploads\/2026\/04\/dieu-khoan-va-dieu-kien-giup-nguoi-choi-nam-quy-dinh-789p.jpg\" alt=\"\u0110i\u1ec1u kho\u1ea3n v\u00e0 \u0111i\u1ec1u ki\u1ec7n gi\u00fap ng\u01b0\u1eddi ch\u01a1i n\u1eafm quy \u0111\u1ecbnh 789P\" width=\"800\" height=\"400\" srcset=\"https:\/\/inpasila.ru.com\/wp-content\/uploads\/2026\/04\/dieu-khoan-va-dieu-kien-giup-nguoi-choi-nam-quy-dinh-789p.jpg 800w, https:\/\/inpasila.ru.com\/wp-content\/uploads\/2026\/04\/dieu-khoan-va-dieu-kien-giup-nguoi-choi-nam-quy-dinh-789p-300x150.jpg 300w, https:\/\/inpasila.ru.com\/wp-content\/uploads\/2026\/04\/dieu-khoan-va-dieu-kien-giup-nguoi-choi-nam-quy-dinh-789p-768x384.jpg 768w\" sizes=\"auto, (max-width: 800px) 100vw, 800px\" \/><figcaption id=\"caption-attachment-63\" class=\"wp-caption-text\">\u0110i\u1ec1u kho\u1ea3n v\u00e0 \u0111i\u1ec1u ki\u1ec7n gi\u00fap ng\u01b0\u1eddi ch\u01a1i n\u1eafm quy \u0111\u1ecbnh 789P<\/figcaption><\/figure>\n<p><b>\u0110i\u1ec1u kho\u1ea3n \u0111i\u1ec1u ki\u1ec7n<\/b><span style=\"font-weight: 400;\"> l\u00e0 vi\u1ec7c ng\u01b0\u1eddi ch\u01a1i c\u1ea7n n\u1eafm r\u00f5 khi tham gia \u0111\u1ec3 tr\u00e1nh sai s\u00f3t kh\u00f4ng mong mu\u1ed1n. Nh\u1eefng kho\u1ea3n n\u00e0y c\u0169ng h\u01b0\u1edbng d\u1eabn c\u00e1ch b\u1ea3o v\u1ec7 t\u00e0i kho\u1ea3n v\u00e0 th\u00f4ng tin c\u00e1 nh\u00e2n. Hi\u1ec3u r\u00f5 c\u00e1c quy \u0111\u1ecbnh l\u00e0 n\u1ec1n t\u1ea3ng \u0111\u1ec3 h\u1ed9i vi\u00ean khai th\u00e1c t\u1ed1i \u0111a \u01b0u \u0111\u00e3i c\u0169ng nh\u01b0 tr\u1ea3i nghi\u1ec7m d\u1ecbch v\u1ee5 tr\u1ecdn v\u1eb9n.<\/span><\/p>\n<h2><b>C\u00e1c \u0111i\u1ec1u kho\u1ea3n \u0111i\u1ec1u ki\u1ec7n quan tr\u1ecdng khi tham gia h\u1ec7 th\u1ed1ng<\/b><\/h2>\n<p><span style=\"font-weight: 400;\">Khi tham gia, h\u1ed9i vi\u00ean c\u1ea7n n\u1eafm v\u1eefng c\u00e1c <\/span><b>\u0111i\u1ec1u kho\u1ea3n \u0111i\u1ec1u ki\u1ec7n<\/b><span style=\"font-weight: 400;\"> quan tr\u1ecdng. \u0110\u00e2y l\u00e0 c\u01a1 s\u1edf \u0111\u1ec3 s\u1eed d\u1ee5ng d\u1ecbch v\u1ee5 an to\u00e0n, nh\u1eadn \u01b0u \u0111\u00e3i h\u1ee3p ph\u00e1p c\u0169ng nh\u01b0 tr\u00e1nh vi ph\u1ea1m. M\u1ed7i quy \u0111\u1ecbnh \u0111\u1ec1u \u0111\u01b0\u1ee3c thi\u1ebft k\u1ebf nh\u1eb1m b\u1ea3o v\u1ec7 quy\u1ec1n l\u1ee3i c\u1ee7a c\u1ea3 h\u1ed9i vi\u00ean v\u00e0 h\u1ec7 th\u1ed1ng. Tu\u00e2n th\u1ee7 c\u00e1c ch\u00ednh s\u00e1ch gi\u00fap tr\u1ea3i nghi\u1ec7m tr\u1edf n\u00ean minh b\u1ea1ch h\u01a1n.<\/span><\/p>\n<h3><b>\u0110\u0103ng k\u00fd t\u00e0i kho\u1ea3n h\u1ee3p ph\u00e1p<\/b><\/h3>\n<p><b>Ch\u00ednh s\u00e1ch \u0111i\u1ec1u kho\u1ea3n v\u00e0 \u0111i\u1ec1u ki\u1ec7n<\/b><span style=\"font-weight: 400;\"> quy \u0111\u1ecbnh m\u1ecdi th\u00e0nh vi\u00ean khi tham gia c\u1ea7n cung c\u1ea5p th\u00f4ng tin ch\u00ednh x\u00e1c, h\u1ee3p ph\u00e1p c\u0169ng nh\u01b0 \u0111\u1ea7y \u0111\u1ee7 theo y\u00eau c\u1ea7u. Tu\u1ed5i ph\u1ea3i t\u1eeb 18 tr\u1edf l\u00ean c\u0169ng nh\u01b0 c\u00e1c gi\u1ea5y t\u1edd x\u00e1c minh c\u1ea7n \u0111\u01b0\u1ee3c chu\u1ea9n b\u1ecb h\u1ee3p l\u1ec7. H\u1ec7 th\u1ed1ng c\u00f3 quy\u1ec1n t\u1eeb ch\u1ed1i ho\u1eb7c y\u00eau c\u1ea7u b\u1ed5 sung th\u00f4ng tin n\u1ebfu ph\u00e1t hi\u1ec7n sai l\u1ec7ch nh\u1eb1m \u0111\u1ea3m b\u1ea3o an to\u00e0n v\u00e0 minh b\u1ea1ch.<\/span><\/p>\n<p><span style=\"font-weight: 400;\">Vi\u1ec7c \u0111\u0103ng k\u00fd h\u1ee3p ph\u00e1p l\u00e0 b\u01b0\u1edbc \u0111\u1ea7u ti\u00ean \u0111\u1ec3 nh\u1eadn th\u01b0\u1edfng, tham gia c\u00e1c ch\u01b0\u01a1ng tr\u00ecnh khuy\u1ebfn m\u00e3i, khai th\u00e1c \u01b0u \u0111\u00e3i \u0111\u1ea7y \u0111\u1ee7. Ng\u01b0\u1eddi ch\u01a1i n\u00ean ki\u1ec3m tra k\u1ef9 m\u1ecdi th\u00f4ng tin tr\u01b0\u1edbc khi x\u00e1c nh\u1eadn t\u00e0i kho\u1ea3n \u0111\u1ec3 tr\u00e1nh l\u1ed7i ph\u00e1t sinh. Th\u1ef1c hi\u1ec7n \u0111\u00fang quy \u0111\u1ecbnh gi\u00fap b\u1ea3o v\u1ec7 quy\u1ec1n l\u1ee3i trong m\u1ecdi giao d\u1ecbch v\u00e0 ho\u1ea1t \u0111\u1ed9ng.<\/span><\/p>\n<h3><b>B\u1ea3o m\u1eadt t\u00e0i kho\u1ea3n c\u00e1 nh\u00e2n<\/b><\/h3>\n<p><span style=\"font-weight: 400;\">Theo quy \u0111\u1ecbnh <\/span><b>\u0111i\u1ec1u kho\u1ea3n \u0111i\u1ec1u ki\u1ec7n<\/b><span style=\"font-weight: 400;\">, h\u1ed9i vi\u00ean c\u1ea7n gi\u1eef b\u1ea3o m\u1eadt tuy\u1ec7t \u0111\u1ed1i th\u00f4ng tin \u0111\u0103ng nh\u1eadp v\u00e0 m\u1eadt kh\u1ea9u. Kh\u00f4ng chia s\u1ebb t\u00e0i kho\u1ea3n v\u1edbi b\u1ea5t k\u1ef3 ai \u0111\u1ec3 tr\u00e1nh r\u1ee7i ro m\u1ea5t quy\u1ec1n l\u1ee3i. H\u1ec7 th\u1ed1ng s\u1ebd x\u1eed l\u00fd nghi\u00eam c\u00e1c h\u00e0nh vi vi ph\u1ea1m nh\u1eb1m \u0111\u1ea3m b\u1ea3o an to\u00e0n d\u1eef li\u1ec7u.<\/span><\/p>\n<figure id=\"attachment_61\" aria-describedby=\"caption-attachment-61\" style=\"width: 800px\" class=\"wp-caption aligncenter\"><img loading=\"lazy\" decoding=\"async\" class=\"size-full wp-image-61\" src=\"https:\/\/inpasila.ru.com\/wp-content\/uploads\/2026\/04\/tai-khoan-ca-nhan-duoc-bao-mat-tuyet-doi-khi-tham-gia.jpg\" alt=\"T\u00e0i kho\u1ea3n c\u00e1 nh\u00e2n \u0111\u01b0\u1ee3c b\u1ea3o m\u1eadt tuy\u1ec7t \u0111\u1ed1i khi tham gia\" width=\"800\" height=\"400\" srcset=\"https:\/\/inpasila.ru.com\/wp-content\/uploads\/2026\/04\/tai-khoan-ca-nhan-duoc-bao-mat-tuyet-doi-khi-tham-gia.jpg 800w, https:\/\/inpasila.ru.com\/wp-content\/uploads\/2026\/04\/tai-khoan-ca-nhan-duoc-bao-mat-tuyet-doi-khi-tham-gia-300x150.jpg 300w, https:\/\/inpasila.ru.com\/wp-content\/uploads\/2026\/04\/tai-khoan-ca-nhan-duoc-bao-mat-tuyet-doi-khi-tham-gia-768x384.jpg 768w\" sizes=\"auto, (max-width: 800px) 100vw, 800px\" \/><figcaption id=\"caption-attachment-61\" class=\"wp-caption-text\">T\u00e0i kho\u1ea3n c\u00e1 nh\u00e2n \u0111\u01b0\u1ee3c b\u1ea3o m\u1eadt tuy\u1ec7t \u0111\u1ed1i khi tham gia<\/figcaption><\/figure>\n<h3><b>Kh\u00f4ng th\u1ef1c hi\u1ec7n h\u00e0nh vi gian l\u1eadn<\/b><\/h3>\n<p><span style=\"font-weight: 400;\">Trong <\/span><b>\u0111i\u1ec1u kho\u1ea3n \u0111i\u1ec1u ki\u1ec7n<\/b><span style=\"font-weight: 400;\">, m\u1ecdi h\u00e0nh vi gian l\u1eadn, s\u1eed d\u1ee5ng ph\u1ea7n m\u1ec1m can thi\u1ec7p, hay thao t\u00e1c kh\u00f4ng minh b\u1ea1ch \u0111\u1ec1u b\u1ecb nghi\u00eam c\u1ea5m. H\u1ec7 th\u1ed1ng c\u00f3 quy\u1ec1n kh\u00f3a, t\u1ea1m ng\u1eebng ho\u1eb7c h\u1ee7y t\u00e0i kho\u1ea3n khi ph\u00e1t hi\u1ec7n vi ph\u1ea1m nh\u1eb1m duy tr\u00ec t\u00ednh c\u00f4ng b\u1eb1ng, minh b\u1ea1ch v\u00e0 \u1ed5n \u0111\u1ecbnh cho t\u1ea5t c\u1ea3 th\u00e0nh vi\u00ean.<\/span><\/p>\n<p><span style=\"font-weight: 400;\">Ng\u01b0\u1eddi ch\u01a1i c\u1ea7n trung th\u1ef1c trong m\u1ecdi giao d\u1ecbch, c\u01b0\u1ee3c c\u0169ng nh\u01b0 tham gia tr\u00f2 ch\u01a1i. C\u00e1c h\u00e0nh vi gian l\u1eadn kh\u00f4ng ch\u1ec9 \u1ea3nh h\u01b0\u1edfng quy\u1ec1n l\u1ee3i c\u00e1 nh\u00e2n m\u00e0 c\u00f2n gi\u00e1n \u0111o\u1ea1n ho\u1ea1t \u0111\u1ed9ng chung c\u1ee7a c\u1ed9ng \u0111\u1ed3ng. Vi\u1ec7c t\u00f4n tr\u1ecdng c\u00e1c quy t\u1eafc n\u00e0y \u0111\u1ea3m b\u1ea3o m\u00f4i tr\u01b0\u1eddng ch\u01a1i an to\u00e0n, minh b\u1ea1ch v\u00e0 l\u00e2u d\u00e0i cho t\u1ea5t c\u1ea3 h\u1ed9i vi\u00ean.<\/span><\/p>\n<h3><b>Tu\u00e2n th\u1ee7 quy \u0111\u1ecbnh h\u1ec7 th\u1ed1ng<\/b><\/h3>\n<p><span style=\"font-weight: 400;\">H\u1ed9i vi\u00ean ph\u1ea3i th\u1ef1c hi\u1ec7n \u0111\u1ea7y \u0111\u1ee7 c\u00e1c h\u01b0\u1edbng d\u1eabn v\u1ec1 giao d\u1ecbch, tham gia tr\u00f2 ch\u01a1i v\u00e0 nh\u1eadn th\u01b0\u1edfng theo \u0111\u00fang quy \u0111\u1ecbnh. M\u1ecdi thay \u0111\u1ed5i, c\u1eadp nh\u1eadt ho\u1eb7c b\u1ed5 sung <\/span><b>\u0111i\u1ec1u kho\u1ea3n \u0111i\u1ec1u ki\u1ec7n<\/b><span style=\"font-weight: 400;\"> c\u1ea7n \u0111\u01b0\u1ee3c theo d\u00f5i th\u01b0\u1eddng xuy\u00ean. Vi\u1ec7c tu\u00e2n th\u1ee7 gi\u00fap c\u00e1c giao d\u1ecbch di\u1ec5n ra su\u00f4n s\u1ebb, h\u1ea1n ch\u1ebf sai s\u00f3t, tr\u00e1nh nh\u1eefng phi\u1ec1n ph\u1ee9c.<\/span><\/p>\n<h2><b>Ph\u00fac l\u1ee3i d\u00e0nh cho h\u1ed9i vi\u00ean khi tu\u00e2n th\u1ee7 \u0111i\u1ec1u kho\u1ea3n \u0111i\u1ec1u ki\u1ec7n<\/b><\/h2>\n<p><span style=\"font-weight: 400;\">Tu\u00e2n th\u1ee7 \u0111\u1ea7y \u0111\u1ee7 <\/span><b>\u0111i\u1ec1u kho\u1ea3n \u0111i\u1ec1u ki\u1ec7n<\/b><span style=\"font-weight: 400;\"> gi\u00fap h\u1ed9i vi\u00ean khai th\u00e1c t\u1ed1i \u0111a quy\u1ec1n l\u1ee3i. Nh\u1eefng ph\u00fac l\u1ee3i n\u00e0y kh\u00f4ng ch\u1ec9 gia t\u0103ng tr\u1ea3i nghi\u1ec7m m\u00e0 c\u00f2n \u0111\u1ea3m b\u1ea3o m\u1ecdi giao d\u1ecbch \u0111\u01b0\u1ee3c x\u1eed l\u00fd nhanh ch\u00f3ng. Ng\u01b0\u1eddi ch\u01a1i tu\u00e2n th\u1ee7 c\u00f2n nh\u1eadn th\u00eam \u01b0u \u0111\u00e3i, khuy\u1ebfn m\u00e3i v\u00e0 quy\u1ec1n l\u1ee3i \u0111\u1ed9c quy\u1ec1n nh\u01b0 trong <\/span><b>ch\u00ednh s\u00e1ch ng\u01b0\u1eddi d\u00f9ng<\/b><span style=\"font-weight: 400;\">.<\/span><\/p>\n<h3><b>H\u1ed7 tr\u1ee3 kh\u00e1ch h\u00e0ng \u01b0u ti\u00ean<\/b><\/h3>\n<p><span style=\"font-weight: 400;\">H\u1ed9i vi\u00ean tu\u00e2n th\u1ee7 \u0111\u1ea7y \u0111\u1ee7 <\/span><b>\u0111i\u1ec1u kho\u1ea3n \u0111i\u1ec1u ki\u1ec7n<\/b><span style=\"font-weight: 400;\"> s\u1ebd \u0111\u01b0\u1ee3c ti\u1ebfp c\u1eadn k\u00eanh h\u1ed7 tr\u1ee3 VIP nhanh ch\u00f3ng v\u00e0 tr\u1ef1c ti\u1ebfp. M\u1ecdi th\u1eafc m\u1eafc, s\u1ef1 c\u1ed1 hay y\u00eau c\u1ea7u x\u1eed l\u00fd \u0111\u01b0\u1ee3c gi\u1ea3i quy\u1ebft k\u1ecbp th\u1eddi, gi\u00fap gi\u1ea3m t\u1ed1i \u0111a th\u1eddi gian ch\u1edd. Nh\u1edd v\u1eady, b\u1ea1n lu\u00f4n \u0111\u01b0\u1ee3c \u0111\u1ed3ng h\u00e0nh c\u00f9ng \u0111\u1ed9i ng\u0169 h\u1ed7 tr\u1ee3 chuy\u00ean nghi\u1ec7p, n\u00e2ng cao tr\u1ea3i nghi\u1ec7m c\u00e1 c\u01b0\u1ee3c.<\/span><\/p>\n<figure id=\"attachment_62\" aria-describedby=\"caption-attachment-62\" style=\"width: 800px\" class=\"wp-caption aligncenter\"><img loading=\"lazy\" decoding=\"async\" class=\"size-full wp-image-62\" src=\"https:\/\/inpasila.ru.com\/wp-content\/uploads\/2026\/04\/hoi-vien-duoc-tiep-can-kenh-ho-tro-nhanh-chong-hieu-qua.jpg\" alt=\"H\u1ed9i vi\u00ean \u0111\u01b0\u1ee3c ti\u1ebfp c\u1eadn k\u00eanh h\u1ed7 tr\u1ee3 nhanh ch\u00f3ng &amp; hi\u1ec7u qu\u1ea3\" width=\"800\" height=\"400\" srcset=\"https:\/\/inpasila.ru.com\/wp-content\/uploads\/2026\/04\/hoi-vien-duoc-tiep-can-kenh-ho-tro-nhanh-chong-hieu-qua.jpg 800w, https:\/\/inpasila.ru.com\/wp-content\/uploads\/2026\/04\/hoi-vien-duoc-tiep-can-kenh-ho-tro-nhanh-chong-hieu-qua-300x150.jpg 300w, https:\/\/inpasila.ru.com\/wp-content\/uploads\/2026\/04\/hoi-vien-duoc-tiep-can-kenh-ho-tro-nhanh-chong-hieu-qua-768x384.jpg 768w\" sizes=\"auto, (max-width: 800px) 100vw, 800px\" \/><figcaption id=\"caption-attachment-62\" class=\"wp-caption-text\">H\u1ed9i vi\u00ean \u0111\u01b0\u1ee3c ti\u1ebfp c\u1eadn k\u00eanh h\u1ed7 tr\u1ee3 nhanh ch\u00f3ng &amp; hi\u1ec7u qu\u1ea3<\/figcaption><\/figure>\n<h3><b>Tu\u00e2n th\u1ee7 \u0111i\u1ec1u kho\u1ea3n \u0111i\u1ec1u ki\u1ec7n gi\u00fap b\u1ea3o v\u1ec7 quy\u1ec1n l\u1ee3i t\u1ed1i \u0111a<\/b><\/h3>\n<p><span style=\"font-weight: 400;\">Tu\u00e2n th\u1ee7 <\/span><b>\u0111i\u1ec1u kho\u1ea3n \u0111i\u1ec1u ki\u1ec7n<\/b><span style=\"font-weight: 400;\"> l\u00e0 c\u00e1ch \u0111\u01a1n gi\u1ea3n nh\u1ea5t \u0111\u1ec3 \u0111\u1ea3m b\u1ea3o m\u1ecdi ho\u1ea1t \u0111\u1ed9ng giao d\u1ecbch di\u1ec5n ra an to\u00e0n v\u00e0 minh b\u1ea1ch. H\u1ed9i vi\u00ean kh\u00f4ng ch\u1ec9 nh\u1eadn th\u01b0\u1edfng h\u1ee3p l\u1ec7 m\u00e0 c\u00f2n tr\u00e1nh r\u1ee7i ro b\u1ecb h\u1ee7y quy\u1ec1n l\u1ee3i ho\u1eb7c ph\u1ea1m vi quy \u0111\u1ecbnh. Vi\u1ec7c n\u00e0y gi\u00fap b\u1ea3o v\u1ec7 l\u1ee3i \u00edch c\u00e1 nh\u00e2n trong su\u1ed1t qu\u00e1 tr\u00ecnh tham gia h\u1ec7 th\u1ed1ng.<\/span><\/p>\n<p><span style=\"font-weight: 400;\">Ngo\u00e0i ra, vi\u1ec7c tu\u00e2n th\u1ee7 c\u00f2n gi\u00fap h\u1ed9i vi\u00ean nhanh ch\u00f3ng n\u00e2ng h\u1ea1ng VIP c\u0169ng nh\u01b0 ti\u1ebfp c\u1eadn c\u00e1c ch\u01b0\u01a1ng tr\u00ecnh \u01b0u \u0111\u00e3i \u0111\u1eb7c quy\u1ec1n. Nh\u1eefng quy\u1ec1n l\u1ee3i n\u00e0y bao g\u1ed3m th\u01b0\u1edfng b\u1ed5 sung, khuy\u1ebfn m\u00e3i \u0111\u1ed9c quy\u1ec1n c\u0169ng nh\u01b0 tr\u1ea3i nghi\u1ec7m d\u1ecbch v\u1ee5 cao c\u1ea5p. Tu\u00e2n th\u1ee7 quy \u0111\u1ecbnh l\u00e0 b\u01b0\u1edbc c\u01a1 b\u1ea3n nh\u01b0ng quan tr\u1ecdng \u0111\u1ec3 khai th\u00e1c t\u1ed1i \u0111a ph\u00fac l\u1ee3i.<\/span><\/p>\n<h3><b>\u01afu ti\u00ean tr\u1ea3i nghi\u1ec7m t\u00ednh n\u0103ng m\u1edbi<\/b><\/h3>\n<p><span style=\"font-weight: 400;\">Ng\u01b0\u1eddi ch\u01a1i tu\u00e2n th\u1ee7 <\/span><b>\u0111i\u1ec1u kho\u1ea3n \u0111i\u1ec1u ki\u1ec7n<\/b><span style=\"font-weight: 400;\"> \u0111\u01b0\u1ee3c quy\u1ec1n truy c\u1eadp s\u1edbm c\u00e1c t\u00ednh n\u0103ng, tr\u00f2 ch\u01a1i v\u00e0 b\u1ea3n c\u1eadp nh\u1eadt m\u1edbi tr\u01b0\u1edbc khi ra m\u1eaft c\u00f4ng khai. Vi\u1ec7c n\u00e0y gi\u00fap th\u1eed nghi\u1ec7m c\u00e1c c\u1ea3i ti\u1ebfn, tr\u1ea3i nghi\u1ec7m d\u1ecbch v\u1ee5 n\u00e2ng c\u1ea5p, tham gia ho\u1ea1t \u0111\u1ed9ng \u0111\u1ed9c quy\u1ec1n. Vi\u1ec7c ti\u1ebfp c\u1eadn s\u1edbm c\u00f2n k\u00e8m theo \u01b0u \u0111\u00e3i c\u00f9ng ph\u1ea7n th\u01b0\u1edfng \u0111\u1eb7c bi\u1ec7t.<\/span><\/p>\n<h3><b>Tham gia \u0111\u1ea7y \u0111\u1ee7 c\u00e1c ch\u01b0\u01a1ng tr\u00ecnh khuy\u1ebfn m\u00e3i h\u1ea5p d\u1eabn<\/b><\/h3>\n<p><span style=\"font-weight: 400;\">Ng\u01b0\u1eddi ch\u01a1i tu\u00e2n th\u1ee7 s\u1ebd \u0111\u01b0\u1ee3c tham gia t\u1ea5t c\u1ea3 c\u00e1c ch\u01b0\u01a1ng tr\u00ecnh khuy\u1ebfn m\u00e3i, ho\u00e0n ti\u1ec1n, bonus v\u00e0 \u01b0u \u0111\u00e3i \u0111\u1ecbnh k\u1ef3 theo \u0111\u00fang v\u1edbi <\/span><b>\u0111i\u1ec1u kho\u1ea3n h\u1ee3p \u0111\u1ed3ng<\/b><span style=\"font-weight: 400;\">. C\u00e1c ch\u01b0\u01a1ng tr\u00ecnh n\u00e0y \u0111\u01b0\u1ee3c c\u1eadp nh\u1eadt li\u00ean t\u1ee5c \u0111\u1ec3 t\u1ed1i \u01b0u tr\u1ea3i nghi\u1ec7m ng\u01b0\u1eddi ch\u01a1i. \u0110\u1ed3ng th\u1eddi gi\u00fap t\u00edch l\u0169y \u0111i\u1ec3m th\u01b0\u1edfng nhanh h\u01a1n.<\/span><\/p>\n<p><span style=\"font-weight: 400;\">\u0110\u00e2y l\u00e0 c\u01a1 h\u1ed9i \u0111\u1ec3 ng\u01b0\u1eddi ch\u01a1i khai th\u00e1c t\u1ed1i \u0111a quy\u1ec1n l\u1ee3i khi s\u1eed d\u1ee5ng d\u1ecbch v\u1ee5. T\u1eeb c\u00e1c ch\u01b0\u01a1ng tr\u00ecnh th\u01b0\u1edfng n\u1ea1p ti\u1ec1n \u0111\u1ebfn \u01b0u \u0111\u00e3i \u0111\u1ed9c quy\u1ec1n theo t\u1eebng s\u1ef1 ki\u1ec7n. Tu\u00e2n th\u1ee7 \u0111\u1ea7y \u0111\u1ee7 kh\u00f4ng ch\u1ec9 gi\u00fap nh\u1eadn th\u01b0\u1edfng h\u1ee3p l\u1ec7 m\u00e0 c\u00f2n \u0111\u1ea3m b\u1ea3o m\u1ecdi tr\u1ea3i nghi\u1ec7m di\u1ec5n ra minh b\u1ea1ch.<\/span><\/p>\n<h2><b>L\u1eddi k\u1ebft<\/b><\/h2>\n<p><b>\u0110i\u1ec1u kho\u1ea3n \u0111i\u1ec1u ki\u1ec7n <\/b><span style=\"font-weight: 400;\">gi\u00fap ng\u01b0\u1eddi ch\u01a1i n\u1eafm r\u00f5 quy\u1ec1n l\u1ee3i, tr\u00e1ch nhi\u1ec7m v\u00e0 ngh\u0129a v\u1ee5 khi tham gia h\u1ec7 th\u1ed1ng <\/span><b>789P<\/b><span style=\"font-weight: 400;\">. Tu\u00e2n th\u1ee7 \u0111\u1ea7y \u0111\u1ee7 c\u00e1c quy \u0111\u1ecbnh n\u00e0y \u0111\u1ea3m b\u1ea3o m\u1ecdi giao d\u1ecbch di\u1ec5n ra minh b\u1ea1ch, an to\u00e0n v\u00e0 h\u1ea1n ch\u1ebf r\u1ee7i ro kh\u00f4ng mong mu\u1ed1n.<\/span><\/p>\n","protected":false},"excerpt":{"rendered":"<p>\u0110i\u1ec1u Kho\u1ea3n \u0110i\u1ec1u Ki\u1ec7n &#8211; Quy\u1ec1n L\u1ee3i &amp; Tr\u00e1ch Nhi\u1ec7m H\u1ed9i Vi\u00ean \u0110i\u1ec1u kho\u1ea3n \u0111i\u1ec1u ki\u1ec7n quy \u0111\u1ecbnh chi ti\u1ebft quy\u1ec1n l\u1ee3i, tr\u00e1ch nhi\u1ec7m v\u00e0 ngh\u0129a v\u1ee5 c\u1ee7a ng\u01b0\u1eddi ch\u01a1i khi tham gia 789P. Vi\u1ec7c n\u1eafm v\u1eefng c\u00e1c kho\u1ea3n n\u00e0y gi\u00fap h\u1ed9i vi\u00ean tham gia s\u1eed d\u1ee5ng d\u1ecbch v\u1ee5 hi\u1ec7u qu\u1ea3. Khi h\u1ed9i vi\u00ean tu\u00e2n [&#8230;]\n","protected":false},"author":1,"featured_media":64,"parent":0,"menu_order":0,"comment_status":"closed","ping_status":"closed","template":"","meta":{"footnotes":""},"class_list":["post-60","page","type-page","status-publish","has-post-thumbnail","hentry"],"_links":{"self":[{"href":"https:\/\/inpasila.ru.com\/index.php\/wp-json\/wp\/v2\/pages\/60","targetHints":{"allow":["GET"]}}],"collection":[{"href":"https:\/\/inpasila.ru.com\/index.php\/wp-json\/wp\/v2\/pages"}],"about":[{"href":"https:\/\/inpasila.ru.com\/index.php\/wp-json\/wp\/v2\/types\/page"}],"author":[{"embeddable":true,"href":"https:\/\/inpasila.ru.com\/index.php\/wp-json\/wp\/v2\/users\/1"}],"replies":[{"embeddable":true,"href":"https:\/\/inpasila.ru.com\/index.php\/wp-json\/wp\/v2\/comments?post=60"}],"version-history":[{"count":2,"href":"https:\/\/inpasila.ru.com\/index.php\/wp-json\/wp\/v2\/pages\/60\/revisions"}],"predecessor-version":[{"id":66,"href":"https:\/\/inpasila.ru.com\/index.php\/wp-json\/wp\/v2\/pages\/60\/revisions\/66"}],"wp:featuredmedia":[{"embeddable":true,"href":"https:\/\/inpasila.ru.com\/index.php\/wp-json\/wp\/v2\/media\/64"}],"wp:attachment":[{"href":"https:\/\/inpasila.ru.com\/index.php\/wp-json\/wp\/v2\/media?parent=60"}],"curies":[{"name":"wp","href":"https:\/\/api.w.org\/{rel}","templated":true}]}}