{"id":67,"date":"2026-04-05T04:20:47","date_gmt":"2026-04-05T04:20:47","guid":{"rendered":"https:\/\/hn.sa.com\/?page_id=67"},"modified":"2026-04-05T04:20:47","modified_gmt":"2026-04-05T04:20:47","slug":"choi-co-trach-nhiem","status":"publish","type":"page","link":"https:\/\/inpasila.ru.com\/index.php\/choi-co-trach-nhiem\/","title":{"rendered":"Ch\u01a1i C\u00f3 Tr\u00e1ch Nhi\u1ec7m &#8211; H\u01b0\u1edbng D\u1eabn C\u00e1 C\u01b0\u1ee3c To\u00e0n Di\u1ec7n Cho Newbie"},"content":{"rendered":"<h1 style=\"text-align: center;\"><b>Ch\u01a1i C\u00f3 Tr\u00e1ch Nhi\u1ec7m &#8211; H\u01b0\u1edbng D\u1eabn C\u00e1 C\u01b0\u1ee3c To\u00e0n Di\u1ec7n Cho Newbie<\/b><\/h1>\n<p><b>Ch\u01a1i c\u00f3 tr\u00e1ch nhi\u1ec7m<\/b><span style=\"font-weight: 400;\"> l\u00e0 y\u1ebfu t\u1ed1 c\u1ed1t l\u00f5i gi\u00fap h\u1ed9i vi\u00ean c\u00e1 c\u01b0\u1ee3c t\u1ea1i <\/span><b>789P<\/b><span style=\"font-weight: 400;\"> c\u00f3 th\u1ec3 duy tr\u00ec s\u1ef1 ki\u1ec3m so\u00e1t v\u1ec1 m\u1eb7t t\u00e0i ch\u00ednh, tr\u00e1nh \u0111\u01b0\u1ee3c nh\u1eefng r\u1ee7i ro kh\u00f4ng mong mu\u1ed1n. Vi\u1ec7c \u00e1p d\u1ee5ng th\u00eam c\u00e1c chi\u1ebfn l\u01b0\u1ee3c h\u1ee3p l\u00fd s\u1ebd h\u1ed7 tr\u1ee3 kh\u00e1ch h\u00e0ng t\u1ed1i \u0111a ho\u00e1 c\u01a1 h\u1ed9i tr\u1ea3i nghi\u1ec7m, kh\u00f4ng t\u1ea1o \u00e1p l\u1ef1c v\u1ec1 m\u1eb7t t\u00e0i ch\u00ednh hay c\u1ea3m x\u00fac c\u00e1 nh\u00e2n.<\/span><\/p>\n<h2><b>T\u1ea1i sao ch\u01a1i c\u00f3 tr\u00e1ch nhi\u1ec7m l\u1ea1i quan tr\u1ecdng khi c\u00e1 c\u01b0\u1ee3c?<\/b><\/h2>\n<p><b>789P<\/b><span style=\"font-weight: 400;\"> \u0111\u00e3 v\u00e0 \u0111ang \u0111\u1ea9y m\u1ea1nh quy \u0111\u1ecbnh <\/span><b>ch\u01a1i c\u00f3 tr\u00e1ch nhi\u1ec7m<\/b><span style=\"font-weight: 400;\">, gi\u00fap kh\u00e1ch h\u00e0ng h\u1ea1n ch\u1ebf \u0111\u01b0\u1ee3c nh\u1eefng t\u1ed5n th\u1ea5t kh\u00f4ng \u0111\u00e1ng c\u00f3. \u0110\u1ed3ng th\u1eddi ch\u00ednh s\u00e1ch n\u00e0y c\u0169ng g\u00f3p ph\u1ea7n l\u1edbn trong vi\u1ec7c t\u1ea1o n\u00ean nh\u1eefng tr\u1ea3i nghi\u1ec7m c\u00e1 c\u01b0\u1ee3c \u0111\u1ed5i th\u01b0\u1edfng an to\u00e0n, b\u1ec1n v\u1eefng cho ng\u01b0\u1eddi ch\u01a1i.<\/span><\/p>\n<figure id=\"attachment_71\" aria-describedby=\"caption-attachment-71\" style=\"width: 800px\" class=\"wp-caption aligncenter\"><img loading=\"lazy\" decoding=\"async\" class=\"size-full wp-image-71\" src=\"https:\/\/inpasila.ru.com\/wp-content\/uploads\/2026\/04\/choi-co-trach-nhiem-dac-biet-quan-trong-khi-ca-cuoc.jpg\" alt=\"Ch\u01a1i c\u00f3 tr\u00e1ch nhi\u1ec7m \u0111\u1eb7c bi\u1ec7t quan tr\u1ecdng khi c\u00e1 c\u01b0\u1ee3c\" width=\"800\" height=\"400\" srcset=\"https:\/\/inpasila.ru.com\/wp-content\/uploads\/2026\/04\/choi-co-trach-nhiem-dac-biet-quan-trong-khi-ca-cuoc.jpg 800w, https:\/\/inpasila.ru.com\/wp-content\/uploads\/2026\/04\/choi-co-trach-nhiem-dac-biet-quan-trong-khi-ca-cuoc-300x150.jpg 300w, https:\/\/inpasila.ru.com\/wp-content\/uploads\/2026\/04\/choi-co-trach-nhiem-dac-biet-quan-trong-khi-ca-cuoc-768x384.jpg 768w\" sizes=\"auto, (max-width: 800px) 100vw, 800px\" \/><figcaption id=\"caption-attachment-71\" class=\"wp-caption-text\">Ch\u01a1i c\u00f3 tr\u00e1ch nhi\u1ec7m \u0111\u1eb7c bi\u1ec7t quan tr\u1ecdng khi c\u00e1 c\u01b0\u1ee3c<\/figcaption><\/figure>\n<p><span style=\"font-weight: 400;\">Kh\u00f4ng ki\u1ec3m so\u00e1t \u0111\u01b0\u1ee3c c\u1ea3m x\u00fac c\u00e1 nh\u00e2n v\u00e0 chi ti\u00eau c\u00f3 th\u1ec3 s\u1ebd d\u1eabn \u0111\u1ebfn nh\u1eefng quy\u1ebft \u0111\u1ecbnh h\u1ea5p t\u1ea5p, g\u00e2y \u00e1p l\u1ef1c t\u00e0i ch\u00ednh v\u00f4 c\u00f9ng n\u1eb7ng n\u1ec1 cho b\u1ea1n. V\u00ec v\u1eady, c\u00f3 tr\u00e1ch nhi\u1ec7m khi c\u00e1 c\u01b0\u1ee3c s\u1ebd gi\u00fap th\u00e0nh vi\u00ean ph\u00e1t tri\u1ec3n th\u00f3i quen qu\u1ea3n l\u00fd ng\u00e2n s\u00e1ch h\u1ee3p l\u00fd, th\u00f4ng minh v\u00e0 \u0111\u1ed3ng th\u1eddi duy tr\u00ec tr\u1ea3i nghi\u1ec7m t\u1ed1t nh\u1ea5t.<\/span><\/p>\n<p><span style=\"font-weight: 400;\">Th\u1ef1c hi\u1ec7n \u0111\u01b0\u1ee3c nh\u1eefng nguy\u00ean t\u1eafc m\u00e0 nh\u00e0 c\u00e1i \u0111\u1ec1 ra s\u1ebd mang \u0111\u1ebfn l\u1ee3i \u00edch l\u00e2u d\u00e0i v\u00e0 gi\u00fap m\u1ecdi tr\u1ea3i nghi\u1ec7m c\u00e1 c\u01b0\u1ee3c c\u1ee7a h\u1ed9i vi\u00ean tr\u1edf n\u00ean t\u00edch c\u1ef1c h\u01a1n. Do \u0111\u00f3, quy \u0111\u1ecbnh <\/span><b>ch\u01a1i game c\u00f3 tr\u00e1ch nhi\u1ec7m<\/b><span style=\"font-weight: 400;\"> \u0111ang \u0111\u01b0\u1ee3c th\u01b0\u01a1ng hi\u1ec7u tri\u1ec3n khai r\u1ed9ng r\u00e3i, cung c\u1ea5p \u0111\u1ebfn to\u00e0n th\u1ec3 ng\u01b0\u1eddi d\u00f9ng tr\u00ean h\u1ec7 th\u1ed1ng.<\/span><\/p>\n<h2><b>Chi\u1ebfn l\u01b0\u1ee3c ch\u01a1i c\u00f3 tr\u00e1ch nhi\u1ec7m mang \u0111\u1ebfn hi\u1ec7u qu\u1ea3 khi c\u00e1 c\u01b0\u1ee3c<\/b><\/h2>\n<p><span style=\"font-weight: 400;\">\u0110\u1ec3 th\u1ef1c hi\u1ec7n qu\u00e1 tr\u00ecnh gi\u1ea3i tr\u00ed v\u1edbi tr\u00e1ch nhi\u1ec7m t\u1ed1i \u0111a, th\u00e0nh vi\u00ean c\u1ea7n \u00e1p d\u1ee5ng nhi\u1ec1u chi\u1ebfn l\u01b0\u1ee3c th\u00f4ng minh, c\u00f3 s\u1ef1 k\u1ebft h\u1ee3p linh ho\u1ea1t. D\u01b0\u1edbi \u0111\u00e2y s\u1ebd l\u00e0 m\u1ed9t v\u00e0i ph\u01b0\u01a1ng ph\u00e1p ng\u01b0\u1eddi ch\u01a1i c\u00e1 c\u01b0\u1ee3c c\u1ea7n \u00e1p d\u1ee5ng, gi\u00fap b\u1ea1n ki\u1ec3m so\u00e1t t\u1ed1t qu\u00e1 tr\u00ecnh s\u0103n th\u01b0\u1edfng c\u1ee7a b\u1ea3n th\u00e2n m\u00ecnh:<\/span><\/p>\n<h3><b>\u0110\u1ea1t gi\u1edbi h\u1ea1n ng\u00e2n s\u00e1ch c\u00e1 c\u01b0\u1ee3c ph\u00f9 h\u1ee3p v\u1edbi t\u00e0i ch\u00ednh<\/b><\/h3>\n<p><span style=\"font-weight: 400;\">Thi\u1ebft l\u1eadp ng\u00e2n s\u00e1ch c\u00e1 c\u01b0\u1ee3c c\u1ed1 \u0111\u1ecbnh m\u1ed7i ng\u00e0y s\u1ebd gi\u00fap bet th\u1ee7 c\u00f3 th\u1ec3 ki\u1ec3m so\u00e1t chi ti\u00eau m\u1ed9t c\u00e1ch h\u1ee3p l\u00fd, hi\u1ec7u qu\u1ea3 v\u00e0 h\u1ea1n ch\u1ebf r\u01a1i v\u00e0o t\u00ecnh tr\u1ea1ng thua l\u1ed7. Ng\u00e2n s\u00e1ch n\u00ean d\u1ef1a tr\u00ean m\u1ee9c thu nh\u1eadp c\u00e1 nh\u00e2n v\u00e0 chi ph\u00ed sinh ho\u1ea1t kh\u00e1c \u0111\u1ec3 \u0111\u1ea3m b\u1ea3o kh\u00f4ng g\u00e2y \u1ea3nh h\u01b0\u1edfng \u0111\u1ebfn cu\u1ed9c s\u1ed1ng h\u00e0ng ng\u00e0y c\u1ee7a b\u1ea1n.<\/span><\/p>\n<figure id=\"attachment_69\" aria-describedby=\"caption-attachment-69\" style=\"width: 800px\" class=\"wp-caption aligncenter\"><img loading=\"lazy\" decoding=\"async\" class=\"size-full wp-image-69\" src=\"https:\/\/inpasila.ru.com\/wp-content\/uploads\/2026\/04\/dat-ngan-sach-ca-cuoc-hop-ly-giup-ban-choi-789p-an-toan.jpg\" alt=\"\u0110\u1eb7t ng\u00e2n s\u00e1ch c\u00e1 c\u01b0\u1ee3c h\u1ee3p l\u00fd gi\u00fap b\u1ea1n ch\u01a1i 789P an to\u00e0n\" width=\"800\" height=\"400\" srcset=\"https:\/\/inpasila.ru.com\/wp-content\/uploads\/2026\/04\/dat-ngan-sach-ca-cuoc-hop-ly-giup-ban-choi-789p-an-toan.jpg 800w, https:\/\/inpasila.ru.com\/wp-content\/uploads\/2026\/04\/dat-ngan-sach-ca-cuoc-hop-ly-giup-ban-choi-789p-an-toan-300x150.jpg 300w, https:\/\/inpasila.ru.com\/wp-content\/uploads\/2026\/04\/dat-ngan-sach-ca-cuoc-hop-ly-giup-ban-choi-789p-an-toan-768x384.jpg 768w\" sizes=\"auto, (max-width: 800px) 100vw, 800px\" \/><figcaption id=\"caption-attachment-69\" class=\"wp-caption-text\">\u0110\u1eb7t ng\u00e2n s\u00e1ch c\u00e1 c\u01b0\u1ee3c h\u1ee3p l\u00fd gi\u00fap b\u1ea1n ch\u01a1i 789P an to\u00e0n<\/figcaption><\/figure>\n<p><span style=\"font-weight: 400;\">Ng\u01b0\u1eddi ch\u01a1i n\u00ean ti\u1ebfn h\u00e0nh ghi l\u1ea1i m\u1ecdi kho\u1ea3n ti\u1ec1n c\u01b0\u1ee3c \u0111\u00e3 b\u1ecf ra \u0111\u1ec3 \u0111\u00e1nh gi\u00e1 k\u1ebft qu\u1ea3 v\u00e0 ti\u1ebfn h\u00e0nh \u0111i\u1ec1u ch\u1ec9nh ng\u00e2n s\u00e1ch gi\u1ea3i tr\u00ed khi c\u1ea7n thi\u1ebft. Th\u1ef1c hi\u1ec7n \u0111\u01b0\u1ee3c nguy\u00ean t\u1eafc <\/span><b>ch\u01a1i c\u00f3 tr\u00e1ch nhi\u1ec7m<\/b><span style=\"font-weight: 400;\"> n\u00e0y s\u1ebd gi\u00fap h\u1ed9i vi\u00ean h\u00ecnh th\u00e0nh th\u00f3i quen qu\u1ea3n l\u00fd t\u00e0i ch\u00ednh, c\u00f3 k\u1ef7 lu\u1eadt khi c\u00e1 c\u01b0\u1ee3c v\u00e0 gi\u1ea3m thi\u1ec3u r\u1ee7i ro l\u00e2u d\u00e0i.<\/span><\/p>\n<h3><b>X\u00e1c \u0111\u1ecbnh th\u1eddi gian ch\u01a1i game h\u1ee3p l\u00fd cho b\u1ea3n th\u00e2n<\/b><\/h3>\n<p><span style=\"font-weight: 400;\">Qu\u1ea3n l\u00fd th\u1eddi gian ch\u01a1i game l\u00e0 m\u1ed9t y\u1ebfu t\u1ed1 \u0111\u1eb7c bi\u1ec7t quan tr\u1ecdng \u0111\u1ec3 th\u1ef1c hi\u1ec7n ch\u00ednh s\u00e1ch <\/span><b>c\u00e1 c\u01b0\u1ee3c c\u00f3 k\u1ef7 lu\u1eadt<\/b><span style=\"font-weight: 400;\">. H\u1ed9i vi\u00ean n\u00ean tr\u00e1nh vi\u1ec7c d\u00e0nh qu\u00e1 nhi\u1ec1u th\u1eddi gian cho ho\u1ea1t \u0111\u1ed9ng gi\u1ea3i tr\u00ed tr\u1ef1c tuy\u1ebfn m\u00e0 \u1ea3nh h\u01b0\u1edfng \u0111\u1ebfn cu\u1ed9c s\u1ed1ng c\u00e1 nh\u00e2n, c\u00e1c m\u1ed1i quan h\u1ec7 b\u00ean ngo\u00e0i.<\/span><\/p>\n<p><span style=\"font-weight: 400;\">Bet th\u1ee7 n\u00ean \u0111\u1eb7t ra gi\u1edbi h\u1ea1n th\u1eddi gian ch\u01a1i game m\u1ed7i ng\u00e0y, m\u1ed7i tu\u1ea7n v\u00e0 \u0111\u1ed3ng th\u1eddi c\u00f3 kho\u1ea3ng ngh\u1ec9 ng\u01a1i h\u1ee3p l\u00fd gi\u1eefa c\u00e1c phi\u00ean c\u01b0\u1ee3c. Vi\u1ec7c n\u00e0y s\u1ebd gi\u00fap b\u1ea1n duy tr\u00ec \u0111\u01b0\u1ee3c tinh th\u1ea7n t\u1ec9nh cao, <\/span><b>ch\u01a1i c\u00f3 tr\u00e1ch nhi\u1ec7m<\/b><span style=\"font-weight: 400;\"> v\u00e0 \u0111\u01b0a ra c\u00e1c quy\u1ebft \u0111\u1ecbnh c\u00e1 c\u01b0\u1ee3c ch\u00ednh x\u00e1c h\u01a1n trong t\u1eebng phi\u00ean game.\u00a0<\/span><\/p>\n<h3><b>C\u00f4ng c\u1ee5 h\u1ed7 tr\u1ee3 ki\u1ec3m so\u00e1t c\u00e1 c\u01b0\u1ee3c nh\u00e0 c\u00e1i cung c\u1ea5p<\/b><\/h3>\n<p><span style=\"font-weight: 400;\">Nhi\u1ec1u nh\u00e0 c\u00e1i trong \u0111\u00f3 c\u00f3 <\/span><b>789P<\/b><span style=\"font-weight: 400;\"> hi\u1ec7n \u0111ang cung c\u1ea5p c\u00e1c c\u00f4ng c\u1ee5 h\u1ed7 tr\u1ee3 nh\u01b0 t\u1ef1 gi\u1edbi h\u1ea1n kho\u1ea3n ti\u1ec1n \u0111\u1eb7t c\u01b0\u1ee3c, c\u1ea3nh b\u00e1o thua l\u1ed7 hay kho\u00e1 t\u00e0i kho\u1ea3n t\u1ea1m th\u1eddi,&#8230; T\u1ea5t c\u1ea3 \u0111\u1ec1u nh\u1eb1m m\u1ee5c \u0111\u00edch gi\u00fap th\u00e0nh vi\u00ean <\/span><b>ch\u01a1i c\u00f3 tr\u00e1ch nhi\u1ec7m<\/b><span style=\"font-weight: 400;\">, tham gia gi\u1ea3i tr\u00ed thu\u1eadn l\u1ee3i v\u00e0 d\u1ec5 d\u00e0ng h\u01a1n m\u1ed7i ng\u00e0y.<\/span><\/p>\n<p><span style=\"font-weight: 400;\">\u00c1p d\u1ee5ng nh\u1eefng c\u00f4ng c\u1ee5 h\u1ed7 tr\u1ee3 n\u00e0y s\u1ebd gi\u00fap bet th\u1ee7 ki\u1ec3m so\u00e1t h\u00e0nh vi, tr\u00e1nh \u0111\u01b0a ra c\u00e1c quy\u1ebft \u0111\u1ecbnh sai l\u1ea7m d\u1ef1a tr\u00ean c\u1ea3m x\u00fac nh\u1ea5t th\u1eddi. Ng\u01b0\u1eddi ch\u01a1i n\u00ean bi\u1ebft k\u1ebft h\u1ee3p chi\u1ebfn l\u01b0\u1ee3c c\u00e1 c\u01b0\u1ee3c c\u00e1 nh\u00e2n v\u00e0 c\u00f4ng c\u1ee5 nh\u00e0 c\u00e1i cung c\u1ea5p \u0111\u1ec3 n\u00e2ng cao hi\u1ec7u qu\u1ea3 gi\u1ea3i tr\u00ed cho b\u1ea3n th\u00e2n.<\/span><\/p>\n<h3><b>Ch\u01a1i c\u00f3 tr\u00e1ch nhi\u1ec7m khi \u0111\u1eb7t c\u01b0\u1ee3c v\u1edbi c\u1ea3m x\u00fac \u1ed5n \u0111\u1ecbnh<\/b><\/h3>\n<p><span style=\"font-weight: 400;\">Vi\u1ec7c ki\u1ec3m so\u00e1t c\u1ea3m x\u00fac c\u0169ng l\u00e0 y\u1ebfu t\u1ed1 quan tr\u1ecdng gi\u00fap bet th\u1ee7 duy tr\u00ec tr\u1ea3i nghi\u1ec7m <\/span><b>ch\u01a1i game tr\u1ef1c tuy\u1ebfn m\u1ed9t c\u00e1ch an to\u00e0n<\/b><span style=\"font-weight: 400;\">. \u0110\u1eb7c bi\u1ec7t, gi\u00fap th\u00e0nh vi\u00ean tr\u00e1nh \u0111\u01b0a ra nh\u1eefng quy\u1ebft \u0111\u1ecbnh sai l\u1ea7m, thi\u1ebfu ch\u1eafc ch\u1eafn d\u1eabn \u0111\u1ebfn thua l\u1ed7 n\u1eb7ng n\u1ec1 v\u1ec1 m\u1eb7t t\u00e0i ch\u00ednh.<\/span><\/p>\n<figure id=\"attachment_68\" aria-describedby=\"caption-attachment-68\" style=\"width: 800px\" class=\"wp-caption aligncenter\"><img loading=\"lazy\" decoding=\"async\" class=\"size-full wp-image-68\" src=\"https:\/\/inpasila.ru.com\/wp-content\/uploads\/2026\/04\/kiem-soat-cam-xuc-ca-nhan-khi-tham-gia-ca-cuoc-doi-thuong.jpg\" alt=\"Ki\u1ec3m so\u00e1t c\u1ea3m x\u00fac c\u00e1 nh\u00e2n khi tham gia c\u00e1 c\u01b0\u1ee3c \u0111\u1ed5i th\u01b0\u1edfng\" width=\"800\" height=\"400\" srcset=\"https:\/\/inpasila.ru.com\/wp-content\/uploads\/2026\/04\/kiem-soat-cam-xuc-ca-nhan-khi-tham-gia-ca-cuoc-doi-thuong.jpg 800w, https:\/\/inpasila.ru.com\/wp-content\/uploads\/2026\/04\/kiem-soat-cam-xuc-ca-nhan-khi-tham-gia-ca-cuoc-doi-thuong-300x150.jpg 300w, https:\/\/inpasila.ru.com\/wp-content\/uploads\/2026\/04\/kiem-soat-cam-xuc-ca-nhan-khi-tham-gia-ca-cuoc-doi-thuong-768x384.jpg 768w\" sizes=\"auto, (max-width: 800px) 100vw, 800px\" \/><figcaption id=\"caption-attachment-68\" class=\"wp-caption-text\">Ki\u1ec3m so\u00e1t c\u1ea3m x\u00fac c\u00e1 nh\u00e2n khi tham gia c\u00e1 c\u01b0\u1ee3c \u0111\u1ed5i th\u01b0\u1edfng<\/figcaption><\/figure>\n<p><span style=\"font-weight: 400;\">Khi th\u1eafng c\u01b0\u1ee3c ho\u1eb7c b\u1ecb thua li\u00ean ti\u1ebfp, c\u1ea3m x\u00fac c\u1ee7a ng\u01b0\u1eddi ch\u01a1i r\u1ea5t d\u1ec5 b\u1ecb \u1ea3nh h\u01b0\u1edfng v\u00e0 d\u1eabn \u0111\u1ebfn nhi\u1ec1u h\u00e0nh \u0111\u1ed9ng v\u01b0\u1ee3t qu\u00e1 m\u1ee9c cho ph\u00e9p. L\u00fac n\u00e0y, h\u1ed9i vi\u00ean n\u00ean d\u1eebng l\u1ea1i ngay khi c\u1ea3m th\u1ea5y c\u0103ng th\u1eb3ng ho\u1eb7c c\u00f3 d\u1ea5u hi\u1ec7u c\u00e1 c\u01b0\u1ee3c m\u1ea5t ki\u1ec3m so\u00e1t, t\u1ea1o th\u00f3i quen <\/span><b>ch\u01a1i c\u00f3 tr\u00e1ch nhi\u1ec7m<\/b><span style=\"font-weight: 400;\">.<\/span><\/p>\n<p><span style=\"font-weight: 400;\">B\u1edfi n\u00f3 c\u00f3 th\u1ec3 gi\u00fap kh\u00e1ch h\u00e0ng \u0111\u1ea3m b\u1ea3o y\u1ebfu t\u1ed1 t\u1ec9nh t\u00e1o khi v\u00e0o ti\u1ec1n c\u00e1 c\u01b0\u1ee3c, \u0111\u01b0a ra \u0111\u01b0\u1ee3c cho m\u00ecnh nh\u1eefng quy\u1ebft \u0111\u1ecbnh s\u00e1ng su\u1ed1t v\u00e0 h\u1ee3p l\u00fd nh\u1ea5t. Gi\u1eef cho m\u00ecnh m\u1ed9t t\u00e2m l\u00fd \u1ed5n \u0111\u1ecbnh s\u1ebd gi\u00fap kh\u00e1ch h\u00e0ng n\u00e2ng cao hi\u1ec7u qu\u1ea3 ch\u01a1i game \u0111\u1ed5i th\u01b0\u1edfng, gi\u00e0nh \u0111\u01b0\u1ee3c nhi\u1ec1u chi\u1ebfn th\u1eafng v\u00e0 h\u1ea1n ch\u1ebf t\u1ed1i \u0111a r\u1ee7i ro kh\u00f4ng \u0111\u00e1ng c\u00f3.<\/span><\/p>\n<h2><b>L\u1eddi k\u1ebft<\/b><\/h2>\n<p><span style=\"font-weight: 400;\">Th\u1ef1c h\u00e0nh quy \u0111\u1ecbnh <\/span><b>ch\u01a1i c\u00f3 tr\u00e1ch nhi\u1ec7m<\/b><span style=\"font-weight: 400;\"> ch\u00ednh l\u00e0 y\u1ebfu t\u1ed1 c\u1ed1t l\u00f5i gi\u00fap h\u1ed9i vi\u00ean b\u1ea3o v\u1ec7 t\u00e0i ch\u00ednh c\u00e1 nh\u00e2n, duy tr\u00ec tinh th\u1ea7n t\u1ec9nh cao v\u00e0 t\u1eadn h\u01b0\u1edfng gi\u1ea3i tr\u00ed an to\u00e0n. Vi\u1ec7c \u00e1p d\u1ee5ng \u0111\u1ebfn c\u00e1c chi\u1ebfn l\u01b0\u1ee3c h\u1ee3p l\u00fd v\u00e0 c\u00f4ng c\u1ee5 nh\u00e0 c\u00e1i <\/span><b>789P<\/b><span style=\"font-weight: 400;\"> cung c\u1ea5p c\u0169ng r\u1ea5t c\u1ea7n thi\u1ebft, g\u00f3p ph\u1ea7n gi\u1ea3m thi\u1ec3u t\u1ed1i \u0111a r\u1ee7i ro thua l\u1ed7 n\u1eb7ng n\u1ec1 cho t\u1ea5t c\u1ea3 bet th\u1ee7.<\/span><\/p>\n<p>&nbsp;<\/p>\n","protected":false},"excerpt":{"rendered":"<p>Ch\u01a1i C\u00f3 Tr\u00e1ch Nhi\u1ec7m &#8211; H\u01b0\u1edbng D\u1eabn C\u00e1 C\u01b0\u1ee3c To\u00e0n Di\u1ec7n Cho Newbie Ch\u01a1i c\u00f3 tr\u00e1ch nhi\u1ec7m l\u00e0 y\u1ebfu t\u1ed1 c\u1ed1t l\u00f5i gi\u00fap h\u1ed9i vi\u00ean c\u00e1 c\u01b0\u1ee3c t\u1ea1i 789P c\u00f3 th\u1ec3 duy tr\u00ec s\u1ef1 ki\u1ec3m so\u00e1t v\u1ec1 m\u1eb7t t\u00e0i ch\u00ednh, tr\u00e1nh \u0111\u01b0\u1ee3c nh\u1eefng r\u1ee7i ro kh\u00f4ng mong mu\u1ed1n. Vi\u1ec7c \u00e1p d\u1ee5ng th\u00eam c\u00e1c chi\u1ebfn l\u01b0\u1ee3c [&#8230;]\n","protected":false},"author":1,"featured_media":70,"parent":0,"menu_order":0,"comment_status":"closed","ping_status":"closed","template":"","meta":{"footnotes":""},"class_list":["post-67","page","type-page","status-publish","has-post-thumbnail","hentry"],"_links":{"self":[{"href":"https:\/\/inpasila.ru.com\/index.php\/wp-json\/wp\/v2\/pages\/67","targetHints":{"allow":["GET"]}}],"collection":[{"href":"https:\/\/inpasila.ru.com\/index.php\/wp-json\/wp\/v2\/pages"}],"about":[{"href":"https:\/\/inpasila.ru.com\/index.php\/wp-json\/wp\/v2\/types\/page"}],"author":[{"embeddable":true,"href":"https:\/\/inpasila.ru.com\/index.php\/wp-json\/wp\/v2\/users\/1"}],"replies":[{"embeddable":true,"href":"https:\/\/inpasila.ru.com\/index.php\/wp-json\/wp\/v2\/comments?post=67"}],"version-history":[{"count":2,"href":"https:\/\/inpasila.ru.com\/index.php\/wp-json\/wp\/v2\/pages\/67\/revisions"}],"predecessor-version":[{"id":73,"href":"https:\/\/inpasila.ru.com\/index.php\/wp-json\/wp\/v2\/pages\/67\/revisions\/73"}],"wp:featuredmedia":[{"embeddable":true,"href":"https:\/\/inpasila.ru.com\/index.php\/wp-json\/wp\/v2\/media\/70"}],"wp:attachment":[{"href":"https:\/\/inpasila.ru.com\/index.php\/wp-json\/wp\/v2\/media?parent=67"}],"curies":[{"name":"wp","href":"https:\/\/api.w.org\/{rel}","templated":true}]}}