{"id":74,"date":"2026-04-05T04:22:22","date_gmt":"2026-04-05T04:22:22","guid":{"rendered":"https:\/\/hn.sa.com\/?page_id=74"},"modified":"2026-04-05T04:22:22","modified_gmt":"2026-04-05T04:22:22","slug":"review-nha-cai-789p","status":"publish","type":"page","link":"https:\/\/inpasila.ru.com\/index.php\/review-nha-cai-789p\/","title":{"rendered":"Review Nh\u00e0 C\u00e1i 789P &#8211; \u0110\u00e1nh Gi\u00e1 Uy T\u00edn Trang Game To\u00e0n Di\u1ec7n"},"content":{"rendered":"<h1 style=\"text-align: center;\"><b>Review Nh\u00e0 C\u00e1i 789P &#8211; \u0110\u00e1nh Gi\u00e1 Uy T\u00edn Trang Game To\u00e0n Di\u1ec7n<\/b><\/h1>\n<p><b>Review nh\u00e0 c\u00e1i 789P<\/b><span style=\"font-weight: 400;\"> gi\u00fap th\u00e0nh vi\u00ean hi\u1ec3u r\u00f5 v\u1ec1 n\u1ec1n t\u1ea3ng qua c\u00e1c ti\u00eau ch\u00ed quan tr\u1ecdng nh\u01b0 m\u1ee9c \u0111\u1ed9 uy t\u00edn, h\u1ec7 th\u1ed1ng game v\u00e0 c\u00e1c d\u1ecbch v\u1ee5 k\u00e8m theo. B\u00e0i vi\u1ebft cung c\u1ea5p nh\u1eefng th\u00f4ng tin \u0111\u1ea7y \u0111\u1ee7 nh\u1ea5t v\u1ec1 <\/span><b>789P<\/b><span style=\"font-weight: 400;\"> theo h\u01b0\u1edbng d\u1ec5 ti\u1ebfp c\u1eadn, ph\u00f9 h\u1ee3p cho c\u1ea3 ng\u01b0\u1eddi ch\u01a1i m\u1edbi l\u1eabn bet th\u1ee7 l\u00e2u n\u0103m.<\/span><\/p>\n<h2><b>Review nh\u00e0 c\u00e1i 789P n\u1ed5i ti\u1ebfng gi\u1edbi c\u00e1 c\u01b0\u1ee3c online<\/b><\/h2>\n<p><span style=\"font-weight: 400;\">Gi\u1edbi thi\u1ec7u v\u1ec1 nh\u00e0 c\u00e1i <\/span><b>789P<\/b><span style=\"font-weight: 400;\"> uy t\u00edn mang \u0111\u1ebfn g\u00f3c nh\u00ecn to\u00e0n di\u1ec7n v\u1ec1 m\u1ed9t n\u1ec1n t\u1ea3ng c\u00e1 c\u01b0\u1ee3c \u0111ang \u0111\u01b0\u1ee3c nhi\u1ec1u kh\u00e1ch quan t\u00e2m, ch\u00fa \u00fd trong th\u1eddi gian g\u1ea7n \u0111\u00e2y. H\u1ec7 th\u1ed1ng \u0111\u01b0\u1ee3c x\u00e2y d\u1ef1ng v\u1edbi m\u1ee5c ti\u00eau cung c\u1ea5p nh\u1eefng d\u1ecbch v\u1ee5 gi\u1ea3i tr\u00ed \u0111\u1ed5i th\u01b0\u1edfng \u0111a d\u1ea1ng, \u0111i k\u00e8m v\u1edbi \u0111\u00f3 l\u00e0 qu\u00e1 tr\u00ecnh v\u1eadn h\u00e0nh minh b\u1ea1ch, ch\u1ea5t l\u01b0\u1ee3ng.<\/span><\/p>\n<p><span style=\"font-weight: 400;\">Th\u00f4ng qua tin t\u1ee9c <\/span><b>review nh\u00e0 c\u00e1i 789P<\/b><span style=\"font-weight: 400;\">, ng\u01b0\u1eddi ch\u01a1i c\u00f3 th\u1ec3 \u0111\u00e1nh gi\u00e1 t\u1ed5ng quan v\u1ec1 c\u00e1c y\u1ebfu t\u1ed1 nh\u01b0 giao di\u1ec7n h\u00ecnh \u1ea3nh, t\u1ed1c \u0111\u1ed9 giao d\u1ecbch v\u00e0 m\u1ee9c \u0111\u1ed9 \u1ed5n \u0111\u1ecbnh c\u1ee7a h\u1ec7 th\u1ed1ng. Nh\u1eefng ti\u00eau ch\u00ed n\u00e0y s\u1ebd \u0111\u00f3ng vai tr\u00f2 h\u1ebft s\u1ee9c quan tr\u1ecdng trong vi\u1ec7c t\u1ea1o d\u1ef1ng th\u01b0\u01a1ng hi\u1ec7u, ni\u1ec1m tin t\u1eeb kh\u00e1ch h\u00e0ng v\u00e0 gi\u1eef ch\u00e2n h\u1ed9i vi\u00ean d\u00e0i l\u00e2u.<\/span><\/p>\n<figure id=\"attachment_75\" aria-describedby=\"caption-attachment-75\" style=\"width: 800px\" class=\"wp-caption aligncenter\"><img loading=\"lazy\" decoding=\"async\" class=\"size-full wp-image-75\" src=\"https:\/\/inpasila.ru.com\/wp-content\/uploads\/2026\/04\/thong-tin-review-nha-cai-789p-cho-nguoi-choi-moi.jpg\" alt=\"Th\u00f4ng tin review nh\u00e0 c\u00e1i 789P cho ng\u01b0\u1eddi ch\u01a1i m\u1edbi\" width=\"800\" height=\"400\" srcset=\"https:\/\/inpasila.ru.com\/wp-content\/uploads\/2026\/04\/thong-tin-review-nha-cai-789p-cho-nguoi-choi-moi.jpg 800w, https:\/\/inpasila.ru.com\/wp-content\/uploads\/2026\/04\/thong-tin-review-nha-cai-789p-cho-nguoi-choi-moi-300x150.jpg 300w, https:\/\/inpasila.ru.com\/wp-content\/uploads\/2026\/04\/thong-tin-review-nha-cai-789p-cho-nguoi-choi-moi-768x384.jpg 768w\" sizes=\"auto, (max-width: 800px) 100vw, 800px\" \/><figcaption id=\"caption-attachment-75\" class=\"wp-caption-text\">Th\u00f4ng tin review nh\u00e0 c\u00e1i 789P cho ng\u01b0\u1eddi ch\u01a1i m\u1edbi<\/figcaption><\/figure>\n<p><span style=\"font-weight: 400;\">B\u00ean c\u1ea1nh \u0111\u00f3, nh\u1eefng b\u00e0i vi\u1ebft <\/span><b>gi\u1edbi thi\u1ec7u trang game 789P<\/b><span style=\"font-weight: 400;\"> s\u1ebd c\u00f2n gi\u00fap kh\u00e1ch h\u00e0ng hi\u1ec3u r\u00f5 c\u00e1ch n\u1ec1n t\u1ea3ng game x\u00e2y d\u1ef1ng h\u1ec7 th\u1ed1ng gi\u1ea3i tr\u00ed \u0111a d\u1ea1ng. T\u1eeb c\u00e1 \u0111\u1ed9 th\u1ec3 thao, b\u1eafn c\u00e1 \u0111\u1ea1i d\u01b0\u01a1ng, casino ng\u01b0\u1eddi th\u1eadt cho \u0111\u1ebfn nhi\u1ec1u c\u00e1c game n\u1ed5 h\u0169 \u0111\u1ed5i th\u01b0\u1edfng \u1ea5n t\u01b0\u1ee3ng,&#8230;<\/span><\/p>\n<h2><b>Review nh\u00e0 c\u00e1i 789P t\u1eeb g\u00f3c nh\u00ecn c\u1ee7a kh\u00e1ch h\u00e0ng<\/b><\/h2>\n<p><span style=\"font-weight: 400;\">\u0110\u1ec3 hi\u1ec3u r\u00f5 h\u01a1n v\u1ec1 n\u1ec1n t\u1ea3ng game, ng\u01b0\u1eddi ch\u01a1i c\u0169ng c\u1ea7n xem x\u00e9t th\u00f4ng tin <\/span><b>review nh\u00e0 c\u00e1i 789P<\/b><span style=\"font-weight: 400;\"> \u0111\u1ebfn t\u1eeb kh\u00e1ch h\u00e0ng th\u1ef1c t\u1ebf. Nh\u1eefng n\u1ed9i dung d\u01b0\u1edbi \u0111\u00e2y s\u1ebd gi\u00fap b\u1ea1n c\u00f3 th\u00eam c\u00e1i nh\u00ecn r\u00f5 r\u00e0ng h\u01a1n v\u1ec1 trang c\u01b0\u1ee3c, t\u1eeb \u0111\u00f3 t\u1ef1 tin v\u00e0 an t\u00e2m h\u01a1n khi l\u1ef1a ch\u1ecdn tham gia:<\/span><\/p>\n<h3><b>Kho game c\u00e1 c\u01b0\u1ee3c t\u1ea1i trang web r\u1ea5t \u0111a d\u1ea1ng<\/b><\/h3>\n<p><b>Review nh\u00e0 c\u00e1i 789P<\/b><span style=\"font-weight: 400;\"> cho th\u1ea5y h\u1ec7 th\u1ed1ng tr\u00f2 ch\u01a1i t\u1ea1i \u0111\u00e2y \u0111\u00e3 v\u00e0 \u0111ang \u0111\u01b0\u1ee3c ph\u00e1t tri\u1ec3n v\u1edbi r\u1ea5t nhi\u1ec1u danh m\u1ee5c kh\u00e1c nhau. Nh\u1eb1m m\u1ee5c \u0111\u00edch \u0111\u00e1p \u1ee9ng \u0111a s\u1ed1 nhu c\u1ea7u gi\u1ea3i tr\u00ed c\u00e1 c\u01b0\u1ee3c phong ph\u00fa c\u1ee7a kh\u00e1ch h\u00e0ng tr\u00ean h\u1ec7 th\u1ed1ng game.<\/span><\/p>\n<figure id=\"attachment_77\" aria-describedby=\"caption-attachment-77\" style=\"width: 800px\" class=\"wp-caption aligncenter\"><img loading=\"lazy\" decoding=\"async\" class=\"size-full wp-image-77\" src=\"https:\/\/inpasila.ru.com\/wp-content\/uploads\/2026\/04\/gioi-thieu-kho-game-ca-cuoc-noi-tieng-va-da-dang-tai-789p.jpg\" alt=\"Gi\u1edbi thi\u1ec7u kho game c\u00e1 c\u01b0\u1ee3c n\u1ed5i ti\u1ebfng v\u00e0 \u0111a d\u1ea1ng t\u1ea1i 789P\" width=\"800\" height=\"400\" srcset=\"https:\/\/inpasila.ru.com\/wp-content\/uploads\/2026\/04\/gioi-thieu-kho-game-ca-cuoc-noi-tieng-va-da-dang-tai-789p.jpg 800w, https:\/\/inpasila.ru.com\/wp-content\/uploads\/2026\/04\/gioi-thieu-kho-game-ca-cuoc-noi-tieng-va-da-dang-tai-789p-300x150.jpg 300w, https:\/\/inpasila.ru.com\/wp-content\/uploads\/2026\/04\/gioi-thieu-kho-game-ca-cuoc-noi-tieng-va-da-dang-tai-789p-768x384.jpg 768w\" sizes=\"auto, (max-width: 800px) 100vw, 800px\" \/><figcaption id=\"caption-attachment-77\" class=\"wp-caption-text\">Gi\u1edbi thi\u1ec7u kho game c\u00e1 c\u01b0\u1ee3c n\u1ed5i ti\u1ebfng v\u00e0 \u0111a d\u1ea1ng t\u1ea1i 789P<\/figcaption><\/figure>\n<ul>\n<li style=\"font-weight: 400;\" aria-level=\"1\"><span style=\"font-weight: 400;\">Casino: \u0110\u00e2y \u0111\u01b0\u1ee3c xem l\u00e0 s\u1ea3nh game ch\u1ee7 l\u1ef1c c\u1ee7a nh\u00e0 c\u00e1i, s\u1edf h\u1eefu s\u1ed1 l\u01b0\u1ee3ng truy c\u1eadp m\u1ed7i ng\u00e0y c\u1ef1c \u0111\u00f4ng \u0111\u1ea3o v\u00e0 \u1ed5n \u0111\u1ecbnh t\u1eeb kh\u00e1ch h\u00e0ng. Chuy\u00ean m\u1ee5c cung c\u1ea5p \u0111a d\u1ea1ng c\u00e1c tr\u00f2 ch\u01a1i \u0111\u1ecf \u0111en \u0111\u00ecnh \u0111\u00e1m t\u1ea1i nhi\u1ec1u s\u00f2ng b\u1ea1c casino l\u1edbn nh\u01b0: Poker, Sicbo, Blackjack,&#8230;<\/span><\/li>\n<li style=\"font-weight: 400;\" aria-level=\"1\"><span style=\"font-weight: 400;\">Th\u1ec3 thao: S\u1ea3nh th\u1ec3 thao c\u1ee7a n\u1ec1n t\u1ea3ng \u0111ang cung c\u1ea5p nhi\u1ec1u b\u1ed9 m\u00f4n thi \u0111\u1ea5u n\u1ed5i ti\u1ebfng v\u1edbi h\u00e0ng tr\u0103m tr\u1eadn so t\u00e0i gay c\u1ea5n m\u1ed7i ng\u00e0y. H\u1ec7 th\u1ed1ng k\u00e8o c\u01b0\u1ee3c c\u0169ng \u0111\u01b0\u1ee3c c\u1eadp nh\u1eadt li\u00ean t\u1ee5c, ch\u00ednh x\u00e1c theo \u0111\u00fang t\u00ecnh h\u00ecnh th\u1ef1c t\u1ebf gi\u00fap bet th\u1ee7 d\u1ec5 d\u00e0ng v\u00e0o ti\u1ec1n c\u00e1 c\u01b0\u1ee3c.<\/span><\/li>\n<li style=\"font-weight: 400;\" aria-level=\"1\"><span style=\"font-weight: 400;\">B\u1eafn c\u00e1: Th\u1ebf gi\u1edbi \u0111\u1ea1i d\u01b0\u01a1ng \u0111ang \u0111\u01b0\u1ee3c nh\u00e0 c\u00e1i kh\u1eafc h\u1ecda m\u1ed9t c\u00e1ch ch\u00e2n th\u1ef1c, s\u1ed1ng \u0111\u1ed9ng v\u1edbi nhi\u1ec1u lo\u00e0i sinh v\u1eadt bi\u1ec3n \u0111\u1ed9c \u0111\u00e1o. B\u1ea1n ch\u1ec9 c\u1ea7n l\u1ef1a ch\u1ecdn lo\u1ea1i s\u00fang ph\u00f9 h\u1ee3p, ng\u1eafm b\u1eafn th\u1eadt chu\u1ea9n v\u00e0o c\u00e1c m\u1ee5c ti\u00eau tr\u00ean m\u00e0n h\u00ecnh l\u00e0 s\u1ebd c\u00f3 th\u1ec3 ki\u1ebfm v\u1ec1 r\u1ea5t nhi\u1ec1u ti\u1ec1n th\u01b0\u1edfng.<\/span><\/li>\n<\/ul>\n<h3><b>Review nh\u00e0 c\u00e1i 789P c\u00f3 thi\u1ebft k\u1ebf giao di\u1ec7n game \u0111\u1eb9p m\u1eaft<\/b><\/h3>\n<p><span style=\"font-weight: 400;\">Giao di\u1ec7n tr\u00f2 ch\u01a1i \u0111\u01b0\u1ee3c nh\u00e0 c\u00e1i thi\u1ebft k\u1ebf v\u00f4 c\u00f9ng tr\u1ef1c quan, gi\u00fap th\u00e0nh vi\u00ean d\u1ec5 d\u00e0ng thao t\u00e1c v\u00e0 l\u00e0m quen v\u1edbi h\u1ec7 th\u1ed1ng ngay t\u1eeb l\u1ea7n \u0111\u1ea7u ti\u00ean tham gia tr\u1ea3i nghi\u1ec7m. \u0110\u00e2y l\u00e0 m\u1ed9t y\u1ebfu t\u1ed1 h\u1ebft s\u1ee9c quan tr\u1ecdng khi <\/span><b>review nh\u00e0 c\u00e1i 789P<\/b><span style=\"font-weight: 400;\">, gi\u00fap n\u00e2ng cao m\u1ee9c \u0111\u1ed9 h\u00e0i l\u00f2ng c\u1ee7a bet th\u1ee7 trong qu\u00e1 tr\u00ecnh c\u00e1 c\u01b0\u1ee3c \u0111\u1ed5i th\u01b0\u1edfng c\u00f9ng n\u1ec1n t\u1ea3ng.<\/span><\/p>\n<p><span style=\"font-weight: 400;\">Kh\u00f4ng ch\u1ec9 c\u00f3 v\u1eady, theo th\u00f4ng tin <\/span><b>review nh\u00e0 c\u00e1i c\u00e1 c\u01b0\u1ee3c 789P<\/b><span style=\"font-weight: 400;\"> t\u1eeb kh\u00e1ch h\u00e0ng c\u00f2n bi\u1ebft \u0111\u01b0\u1ee3c t\u00ednh \u1ed5n \u0111\u1ecbnh c\u1ee7a h\u1ec7 th\u1ed1ng r\u1ea5t cao, \u0111\u1ea3m b\u1ea3o v\u1eadn h\u00e0nh m\u01b0\u1ee3t m\u00e0. \u0110i\u1ec1u n\u00e0y c\u0169ng s\u1ebd g\u00f3p ph\u1ea7n r\u1ea5t l\u1edbn trong vi\u1ec7c t\u1ea1o n\u00ean tr\u1ea3i nghi\u1ec7m gi\u1ea3i tr\u00ed \u0111\u1ed5i th\u01b0\u1edfng li\u1ec1n m\u1ea1ch, \u0111\u00e1ng tin c\u1eady cho bet th\u1ee7.<\/span><\/p>\n<h3><b>H\u1ec7 th\u1ed1ng thanh to\u00e1n n\u1ea1p c\u01b0\u1ee3c\/r\u00fat th\u01b0\u1edfng nhanh ch\u00f3ng<\/b><\/h3>\n<p><span style=\"font-weight: 400;\">M\u1ed9t trong s\u1ed1 nh\u1eefng y\u1ebfu t\u1ed1 quan tr\u1ecdng ch\u1eafc ch\u1eafn s\u1ebd \u0111\u01b0\u1ee3c nhi\u1ec1u bet th\u1ee7 \u0111\u1ec1 c\u1eadp t\u1ea1i nh\u1eefng b\u00e0i <\/span><b>review nh\u00e0 c\u00e1i 789P<\/b><span style=\"font-weight: 400;\"> ch\u00ednh l\u00e0 c\u01a1 ch\u1ebf thanh to\u00e1n nhanh ch\u00f3ng. Ng\u01b0\u1eddi ch\u01a1i c\u00f3 th\u1ec3 th\u1ef1c hi\u1ec7n c\u00f4ng \u0111o\u1ea1n n\u1ea1p c\u01b0\u1ee3c, r\u00fat th\u01b0\u1edfng th\u00f4ng qua nhi\u1ec1u ph\u01b0\u01a1ng th\u1ee9c kh\u00e1c nhau, m\u1ed9t c\u00e1ch ti\u1ec7n l\u1ee3i v\u00e0 an to\u00e0n.<\/span><\/p>\n<p><span style=\"font-weight: 400;\">Th\u1eddi gian n\u1ec1n t\u1ea3ng game x\u1eed l\u00fd giao d\u1ecbch cho kh\u00e1ch h\u00e0ng s\u1ebd ch\u1ec9 k\u00e9o d\u00e0i t\u1eeb 1 \u0111\u1ebfn 3 ph\u00fat n\u1ebfu b\u1ea1n l\u00e0m \u0111\u00fang theo quy tr\u00ecnh h\u01b0\u1edbng d\u1eabn c\u1ee7a h\u1ec7 th\u1ed1ng. \u0110i\u1ec1u n\u00e0y gi\u00fap n\u00e2ng cao tr\u1ea3i nghi\u1ec7m gi\u1ea3i tr\u00ed v\u00e0 t\u1ea1o n\u00ean c\u1ea3m gi\u00e1c an t\u00e2m cho bet th\u1ee7 khi tham gia c\u00e1 c\u01b0\u1ee3c \u0111\u1ed5i th\u01b0\u1edfng tr\u1ef1c tuy\u1ebfn.<\/span><\/p>\n<figure id=\"attachment_78\" aria-describedby=\"caption-attachment-78\" style=\"width: 800px\" class=\"wp-caption aligncenter\"><img loading=\"lazy\" decoding=\"async\" class=\"size-full wp-image-78\" src=\"https:\/\/inpasila.ru.com\/wp-content\/uploads\/2026\/04\/danh-gia-thuong-hieu-voi-dich-vu-thanh-toan-nhanh-chong.jpg\" alt=\"\u0110\u00e1nh gi\u00e1 th\u01b0\u01a1ng hi\u1ec7u v\u1edbi d\u1ecbch v\u1ee5 thanh to\u00e1n nhanh ch\u00f3ng\" width=\"800\" height=\"400\" srcset=\"https:\/\/inpasila.ru.com\/wp-content\/uploads\/2026\/04\/danh-gia-thuong-hieu-voi-dich-vu-thanh-toan-nhanh-chong.jpg 800w, https:\/\/inpasila.ru.com\/wp-content\/uploads\/2026\/04\/danh-gia-thuong-hieu-voi-dich-vu-thanh-toan-nhanh-chong-300x150.jpg 300w, https:\/\/inpasila.ru.com\/wp-content\/uploads\/2026\/04\/danh-gia-thuong-hieu-voi-dich-vu-thanh-toan-nhanh-chong-768x384.jpg 768w\" sizes=\"auto, (max-width: 800px) 100vw, 800px\" \/><figcaption id=\"caption-attachment-78\" class=\"wp-caption-text\">\u0110\u00e1nh gi\u00e1 th\u01b0\u01a1ng hi\u1ec7u v\u1edbi d\u1ecbch v\u1ee5 thanh to\u00e1n nhanh ch\u00f3ng<\/figcaption><\/figure>\n<p><span style=\"font-weight: 400;\">Theo th\u00f4ng tin <\/span><b>gi\u1edbi thi\u1ec7u nh\u00e0 c\u00e1i 789P<\/b><span style=\"font-weight: 400;\">, vi\u1ec7c \u0111a d\u1ea1ng ho\u00e1 c\u00e1c k\u00eanh thanh to\u00e1n t\u1ea1i nh\u00e0 c\u00e1i c\u0169ng gi\u00fap th\u00e0nh vi\u00ean linh ho\u1ea1t h\u01a1n trong c\u00f4ng t\u00e1c qu\u1ea3n l\u00fd t\u00e0i ch\u00ednh c\u00e1 nh\u00e2n. T\u1eeb \u0111\u00f3, g\u00f3p ph\u1ea7n n\u00e2ng cao t\u00ednh ti\u1ec7n l\u1ee3i cho qu\u00e1 tr\u00ecnh gi\u1ea3i tr\u00ed, \u0111\u1ea3m b\u1ea3o hi\u1ec7u qu\u1ea3 khi tham gia c\u00e1 c\u01b0\u1ee3c \u0111\u1ed5i th\u01b0\u1edfng cho ng\u01b0\u1eddi ch\u01a1i.<\/span><\/p>\n<h2><b>L\u1eddi k\u1ebft<\/b><\/h2>\n<p><b>Review nh\u00e0 c\u00e1i 789P<\/b><span style=\"font-weight: 400;\"> mang \u0111\u1ebfn c\u00e1i nh\u00ecn t\u1ed5ng th\u1ec3 v\u1ec1 n\u1ec1n t\u1ea3ng game v\u1edbi nhi\u1ec1u y\u1ebfu t\u1ed1 \u0111\u00e1ng \u0111\u1ec3 b\u1ea1n c\u00e2n nh\u1eafc tr\u01b0\u1edbc khi l\u1ef1a ch\u1ecdn tham gia. Ng\u01b0\u1eddi ch\u01a1i khi \u0111\u00e3 hi\u1ec3u h\u1ebft v\u1ec1 nh\u00e0 c\u00e1i, ch\u1eafc ch\u1eafn s\u1ebd c\u00f3 th\u1ec3 \u0111\u01b0a ra s\u1ef1 l\u1ef1a ch\u1ecdn ph\u00f9 h\u1ee3p, gi\u00fap qu\u00e1 tr\u00ecnh gi\u1ea3i tr\u00ed c\u1ee7a b\u1ea3n th\u00e2n tr\u1edf n\u00ean an to\u00e0n. N\u1ebfu tin t\u01b0\u1edfng <\/span><b>789P<\/b><span style=\"font-weight: 400;\">, ngay b\u00e2y gi\u1edd h\u00e3y \u0111\u0103ng k\u00fd v\u00e0 n\u1ea1p ti\u1ec1n \u0111\u1ec3 c\u00f9ng ch\u01a1i game c\u00e1 c\u01b0\u1ee3c \u0111\u1ed5i th\u01b0\u1edfng ngay b\u1ea1n nh\u00e9.<\/span><\/p>\n<p>&nbsp;<\/p>\n","protected":false},"excerpt":{"rendered":"<p>Review Nh\u00e0 C\u00e1i 789P &#8211; \u0110\u00e1nh Gi\u00e1 Uy T\u00edn Trang Game To\u00e0n Di\u1ec7n Review nh\u00e0 c\u00e1i 789P gi\u00fap th\u00e0nh vi\u00ean hi\u1ec3u r\u00f5 v\u1ec1 n\u1ec1n t\u1ea3ng qua c\u00e1c ti\u00eau ch\u00ed quan tr\u1ecdng nh\u01b0 m\u1ee9c \u0111\u1ed9 uy t\u00edn, h\u1ec7 th\u1ed1ng game v\u00e0 c\u00e1c d\u1ecbch v\u1ee5 k\u00e8m theo. B\u00e0i vi\u1ebft cung c\u1ea5p nh\u1eefng th\u00f4ng tin \u0111\u1ea7y \u0111\u1ee7 nh\u1ea5t [&#8230;]\n","protected":false},"author":1,"featured_media":76,"parent":0,"menu_order":0,"comment_status":"closed","ping_status":"closed","template":"","meta":{"footnotes":""},"class_list":["post-74","page","type-page","status-publish","has-post-thumbnail","hentry"],"_links":{"self":[{"href":"https:\/\/inpasila.ru.com\/index.php\/wp-json\/wp\/v2\/pages\/74","targetHints":{"allow":["GET"]}}],"collection":[{"href":"https:\/\/inpasila.ru.com\/index.php\/wp-json\/wp\/v2\/pages"}],"about":[{"href":"https:\/\/inpasila.ru.com\/index.php\/wp-json\/wp\/v2\/types\/page"}],"author":[{"embeddable":true,"href":"https:\/\/inpasila.ru.com\/index.php\/wp-json\/wp\/v2\/users\/1"}],"replies":[{"embeddable":true,"href":"https:\/\/inpasila.ru.com\/index.php\/wp-json\/wp\/v2\/comments?post=74"}],"version-history":[{"count":2,"href":"https:\/\/inpasila.ru.com\/index.php\/wp-json\/wp\/v2\/pages\/74\/revisions"}],"predecessor-version":[{"id":80,"href":"https:\/\/inpasila.ru.com\/index.php\/wp-json\/wp\/v2\/pages\/74\/revisions\/80"}],"wp:featuredmedia":[{"embeddable":true,"href":"https:\/\/inpasila.ru.com\/index.php\/wp-json\/wp\/v2\/media\/76"}],"wp:attachment":[{"href":"https:\/\/inpasila.ru.com\/index.php\/wp-json\/wp\/v2\/media?parent=74"}],"curies":[{"name":"wp","href":"https:\/\/api.w.org\/{rel}","templated":true}]}}