{"id":81,"date":"2026-04-05T04:25:01","date_gmt":"2026-04-05T04:25:01","guid":{"rendered":"https:\/\/hn.sa.com\/?page_id=81"},"modified":"2026-04-05T04:25:01","modified_gmt":"2026-04-05T04:25:01","slug":"giay-phep-hoat-dong","status":"publish","type":"page","link":"https:\/\/inpasila.ru.com\/index.php\/giay-phep-hoat-dong\/","title":{"rendered":"Gi\u1ea5y Ph\u00e9p Ho\u1ea1t \u0110\u1ed9ng &#8211; B\u1ea3o Ch\u1ee9ng Ph\u00e1p L\u00fd V\u00e0 Ni\u1ec1m Tin Ch\u01a1i"},"content":{"rendered":"<h1 style=\"text-align: center;\"><b>Gi\u1ea5y Ph\u00e9p Ho\u1ea1t \u0110\u1ed9ng &#8211; B\u1ea3o Ch\u1ee9ng Ph\u00e1p L\u00fd V\u00e0 Ni\u1ec1m Tin Ch\u01a1i<\/b><\/h1>\n<p><b>Gi\u1ea5y ph\u00e9p ho\u1ea1t \u0111\u1ed9ng<\/b><span style=\"font-weight: 400;\"> kh\u00f4ng ch\u1ec9 l\u00e0 minh ch\u1ee9ng h\u1ee3p ph\u00e1p, n\u00f3 l\u00e0 n\u1ec1n t\u1ea3ng t\u1ea1o ni\u1ec1m tin cho kh\u00e1ch h\u00e0ng. C\u00e1c gi\u1ea5y ph\u00e9p m\u00e0 s\u00e2n ch\u01a1i s\u1edf h\u1eefu mang l\u1ea1i nhi\u1ec1u l\u1ee3i \u00edch thi\u1ebft th\u1ef1c cho c\u1ea3 ng\u01b0\u1eddi tham gia l\u1eabn <\/span><b>789P<\/b><span style=\"font-weight: 400;\">. Nh\u1eefng ch\u1ee9ng nh\u1eadn n\u00e0y \u0111\u1ea3m b\u1ea3o mang l\u1ea1i s\u1ef1 c\u00f4ng b\u1eb1ng, an to\u00e0n v\u00e0 h\u1ed7 tr\u1ee3 th\u00e0nh vi\u00ean khi\u1ebfu n\u1ea1i hi\u1ec7u qu\u1ea3.<\/span><\/p>\n<h2><b>Gi\u1edbi thi\u1ec7u v\u1ec1 gi\u1ea5y ph\u00e9p ho\u1ea1t \u0111\u1ed9ng m\u00e0 s\u00e2n ch\u01a1i s\u1edf h\u1eefu<\/b><\/h2>\n<p><b>789P <\/b><span style=\"font-weight: 400;\">cung c\u1ea5p d\u1ecbch v\u1ee5 tr\u00f2 ch\u01a1i \u0111i\u1ec7n t\u1eed tr\u1ef1c tuy\u1ebfn \u0111\u01b0\u1ee3c ch\u1ee9ng th\u1ef1c b\u1eb1ng gi\u1ea5y ph\u00e9p h\u1ee3p ph\u00e1p. Ch\u1ee9ng t\u1eeb n\u00e0y l\u00e0 minh ch\u1ee9ng ph\u00e1p l\u00fd do c\u00e1c c\u01a1 quan qu\u1ea3n l\u00fd uy t\u00edn c\u1ea5p. Nh\u1edd ch\u1ee9ng nh\u1eadn, trang ch\u1ee7 tr\u00e1nh \u0111\u01b0\u1ee3c r\u1ee7i ro ph\u00e1p l\u00fd c\u0169ng nh\u01b0 t\u1ea1o ni\u1ec1m tin v\u1eefng ch\u1eafc cho ng\u01b0\u1eddi tham gia trong n\u01b0\u1edbc v\u00e0 qu\u1ed1c t\u1ebf.<\/span><\/p>\n<figure id=\"attachment_84\" aria-describedby=\"caption-attachment-84\" style=\"width: 800px\" class=\"wp-caption aligncenter\"><img loading=\"lazy\" decoding=\"async\" class=\"size-full wp-image-84\" src=\"https:\/\/inpasila.ru.com\/wp-content\/uploads\/2026\/04\/giay-phep-hoat-dong-giup-xac-nhan-tinh-hop-phap-cua-789p.jpg\" alt=\"Gi\u1ea5y ph\u00e9p ho\u1ea1t \u0111\u1ed9ng gi\u00fap x\u00e1c nh\u1eadn t\u00ednh h\u1ee3p ph\u00e1p c\u1ee7a 789P\" width=\"800\" height=\"400\" srcset=\"https:\/\/inpasila.ru.com\/wp-content\/uploads\/2026\/04\/giay-phep-hoat-dong-giup-xac-nhan-tinh-hop-phap-cua-789p.jpg 800w, https:\/\/inpasila.ru.com\/wp-content\/uploads\/2026\/04\/giay-phep-hoat-dong-giup-xac-nhan-tinh-hop-phap-cua-789p-300x150.jpg 300w, https:\/\/inpasila.ru.com\/wp-content\/uploads\/2026\/04\/giay-phep-hoat-dong-giup-xac-nhan-tinh-hop-phap-cua-789p-768x384.jpg 768w\" sizes=\"auto, (max-width: 800px) 100vw, 800px\" \/><figcaption id=\"caption-attachment-84\" class=\"wp-caption-text\">Gi\u1ea5y ph\u00e9p ho\u1ea1t \u0111\u1ed9ng gi\u00fap x\u00e1c nh\u1eadn t\u00ednh h\u1ee3p ph\u00e1p c\u1ee7a 789P<\/figcaption><\/figure>\n<p><b>Gi\u1ea5y ph\u00e9p ho\u1ea1t \u0111\u1ed9ng<\/b><span style=\"font-weight: 400;\"> kh\u00f4ng ch\u1ec9 l\u00e0 c\u01a1 s\u1edf ph\u00e1p l\u00fd b\u1eaft bu\u1ed9c m\u00e0 c\u00f2n \u0111\u1ea3m b\u1ea3o m\u1ecdi tr\u00f2 ch\u01a1i v\u1eadn h\u00e0nh minh b\u1ea1ch v\u00e0 c\u00f4ng b\u1eb1ng. C\u00e1c c\u01a1 quan c\u1ea5p ph\u00e9p \u0111\u1eb7t ra ti\u00eau chu\u1ea9n nghi\u00eam ng\u1eb7t v\u1ec1 b\u1ea3o m\u1eadt c\u0169ng nh\u01b0 ki\u1ec3m so\u00e1t k\u1ebft qu\u1ea3. Vi\u1ec7c s\u1edf h\u1eefu ch\u1ee9ng nh\u1eadn ch\u1ee9ng t\u1ecf ch\u00fang t\u00f4i \u0111\u00e3 \u0111\u00e1p \u1ee9ng \u0111\u1ea7y \u0111\u1ee7 y\u00eau c\u1ea7u qu\u1ea3n l\u00fd v\u00e0 an to\u00e0n cho h\u1ed9i vi\u00ean.<\/span><\/p>\n<h2><b>T\u1ed5ng h\u1ee3p c\u00e1c lo\u1ea1i gi\u1ea5y ph\u00e9p ho\u1ea1t \u0111\u1ed9ng s\u00e2n ch\u01a1i \u0111\u01b0\u1ee3c c\u1ea5p<\/b><\/h2>\n<p><span style=\"font-weight: 400;\">Nh\u1eefng <\/span><b>gi\u1ea5y ph\u00e9p ho\u1ea1t \u0111\u1ed9ng <\/b><span style=\"font-weight: 400;\">n\u00e0y nh\u1eb1m x\u00e1c nh\u1eadn quy\u1ec1n cung c\u1ea5p s\u1ea3n ph\u1ea9m d\u1ecbch v\u1ee5 c\u1ee7a nh\u00e0 c\u00e1i. \u0110\u1ed3ng th\u1eddi, h\u1ec7 th\u1ed1ng c\u0169ng ph\u1ea3i cam k\u1ebft tu\u00e2n th\u1ee7 c\u00e1c ti\u00eau chu\u1ea9n qu\u1ed1c t\u1ebf v\u1ec1 b\u1ea3o m\u1eadt, c\u00f4ng b\u1eb1ng v\u00e0 an to\u00e0n ng\u01b0\u1eddi tham gia. <\/span><b>Gi\u1ea5y ph\u00e9p kinh doanh casino<\/b><span style=\"font-weight: 400;\"> m\u00e0 nh\u00e0 c\u00e1i s\u1edf h\u1eefu, m\u1ed7i lo\u1ea1i \u0111\u1ec1u mang l\u1ea1i gi\u00e1 tr\u1ecb ph\u00e1p l\u00fd v\u00e0 qu\u1ea3n l\u00fd ri\u00eang bi\u1ec7t.\u00a0<\/span><\/p>\n<h3><b>Malta Gaming Authority<\/b><\/h3>\n<p><span style=\"font-weight: 400;\">Malta Gaming Authority l\u00e0 c\u01a1 quan qu\u1ea3n l\u00fd c\u1ea5p ph\u00e9p uy t\u00edn v\u00e0 \u0111\u01b0\u1ee3c c\u00f4ng nh\u1eadn r\u1ed9ng kh\u1eafp cho c\u00e1c s\u00e2n ch\u01a1i tr\u1ef1c tuy\u1ebfn. <\/span><b>Gi\u1ea5y ph\u00e9p ho\u1ea1t \u0111\u1ed9ng <\/b><span style=\"font-weight: 400;\">n\u00e0y x\u00e1c nh\u1eadn r\u1eb1ng h\u1ec7 th\u1ed1ng tu\u00e2n th\u1ee7 c\u00e1c ti\u00eau chu\u1ea9n nghi\u00eam ng\u1eb7t v\u1ec1 qu\u1ea3n l\u00fd quy tr\u00ecnh tham gia. Ngo\u00e0i ra, ch\u00fang t\u00f4i ph\u1ea3i th\u1ec3 hi\u1ec7n cam k\u1ebft v\u1eadn h\u00e0nh r\u00f5 r\u00e0ng v\u00e0 an to\u00e0n cho h\u1ed9i vi\u00ean.<\/span><\/p>\n<h3><b>Curacao eGaming License<\/b><\/h3>\n<p><span style=\"font-weight: 400;\">Khi s\u1edf h\u1eefu <\/span><b>gi\u1ea5y ph\u00e9p ho\u1ea1t \u0111\u1ed9ng <\/b><span style=\"font-weight: 400;\">Curacao eGaming License, h\u1ec7 th\u1ed1ng \u0111\u01b0\u1ee3c ph\u00e9p v\u1eadn h\u00e0nh m\u1ecdi d\u1ecbch v\u1ee5 tr\u00f2 ch\u01a1i \u0111i\u1ec7n t\u1eed tr\u00ean ph\u1ea1m vi qu\u1ed1c t\u1ebf. Ch\u1ee9ng nh\u1eadn \u0111\u1ea3m b\u1ea3o h\u1ec7 th\u1ed1ng tu\u00e2n th\u1ee7 c\u00e1c ti\u00eau chu\u1ea9n nghi\u00eam ng\u1eb7t. C\u00e1c ti\u00eau ch\u00ed nh\u01b0 b\u1ea3o m\u1eadt d\u1eef li\u1ec7u, ki\u1ec3m so\u00e1t giao d\u1ecbch t\u00e0i ch\u00ednh v\u00e0 gi\u00e1m s\u00e1t ho\u1ea1t \u0111\u1ed9ng.<\/span><\/p>\n<p><span style=\"font-weight: 400;\">Curacao eGaming License c\u00f2n cung c\u1ea5p c\u01a1 ch\u1ebf x\u1eed l\u00fd tranh ch\u1ea5p minh b\u1ea1ch gi\u1eefa h\u1ed9i vi\u00ean v\u00e0 nh\u00e0 c\u00e1i. \u0110\u00e2y l\u00e0 m\u1ed9t trong nh\u1eefng ch\u1ee9ng nh\u1eadn \u0111\u01b0\u1ee3c \u01b0a chu\u1ed9ng nh\u1ea5t nh\u1edd t\u00ednh linh ho\u1ea1t, chi ph\u00ed \u0111\u0103ng k\u00fd c\u0169ng nh\u01b0 kh\u1ea3 n\u0103ng th\u00edch \u1ee9ng. Vi\u1ec7c trang ch\u1ee7 \u0111\u01b0\u1ee3c c\u1ea5p quy\u1ec1n c\u0169ng gi\u00fap n\u00e2ng cao uy t\u00edn, ch\u1ee9ng minh h\u1ec7 th\u1ed1ng minh b\u1ea1ch.<\/span><\/p>\n<figure id=\"attachment_85\" aria-describedby=\"caption-attachment-85\" style=\"width: 800px\" class=\"wp-caption aligncenter\"><img loading=\"lazy\" decoding=\"async\" class=\"size-full wp-image-85\" src=\"https:\/\/inpasila.ru.com\/wp-content\/uploads\/2026\/04\/curacao-egaming-la-co-quan-cap-phep-uy-tin-hang-dau.jpg\" alt=\"Curacao eGaming l\u00e0 c\u01a1 quan c\u1ea5p ph\u00e9p uy t\u00edn h\u00e0ng \u0111\u1ea7u\" width=\"800\" height=\"400\" srcset=\"https:\/\/inpasila.ru.com\/wp-content\/uploads\/2026\/04\/curacao-egaming-la-co-quan-cap-phep-uy-tin-hang-dau.jpg 800w, https:\/\/inpasila.ru.com\/wp-content\/uploads\/2026\/04\/curacao-egaming-la-co-quan-cap-phep-uy-tin-hang-dau-300x150.jpg 300w, https:\/\/inpasila.ru.com\/wp-content\/uploads\/2026\/04\/curacao-egaming-la-co-quan-cap-phep-uy-tin-hang-dau-768x384.jpg 768w\" sizes=\"auto, (max-width: 800px) 100vw, 800px\" \/><figcaption id=\"caption-attachment-85\" class=\"wp-caption-text\">Curacao eGaming l\u00e0 c\u01a1 quan c\u1ea5p ph\u00e9p uy t\u00edn h\u00e0ng \u0111\u1ea7u<\/figcaption><\/figure>\n<h3><b>UK Gambling Commission License<\/b><\/h3>\n<p><b>Gi\u1ea5y ph\u00e9p ho\u1ea1t \u0111\u1ed9ng <\/b><span style=\"font-weight: 400;\">c\u1ee7a UK Gambling Commission l\u00e0 m\u1ed9t trong nh\u1eefng ch\u1ee9ng nh\u1eadn c\u00f3 gi\u00e1 tr\u1ecb cao nh\u1ea5t. Khi s\u1edf h\u1eefu, h\u1ec7 th\u1ed1ng ph\u1ea3i tu\u00e2n th\u1ee7 nh\u1eefng quy \u0111\u1ecbnh nghi\u00eam ng\u1eb7t v\u1ec1 b\u1ea3o v\u1ec7 h\u1ed9i vi\u00ean, ng\u0103n ch\u1eb7n h\u00e0nh vi l\u1ea1m d\u1ee5ng v\u00e0 minh b\u1ea1ch. UKGC \u0111\u1eb7t tr\u1ecdng t\u00e2m v\u00e0o tr\u00e1ch nhi\u1ec7m x\u00e3 h\u1ed9i, h\u1ea1n ch\u1ebf r\u1ee7i ro cho h\u1ed9i vi\u00ean.<\/span><\/p>\n<h3><b>Isle of Man Gambling Supervision Commission License<\/b><\/h3>\n<p><span style=\"font-weight: 400;\">Khi s\u1edf h\u1eefu <\/span><b>gi\u1ea5y ph\u00e9p ho\u1ea1t \u0111\u1ed9ng <\/b><span style=\"font-weight: 400;\">n\u00e0y, s\u00e2n ch\u01a1i ph\u1ea3i duy tr\u00ec h\u1ec7 th\u1ed1ng ki\u1ec3m so\u00e1t n\u1ed9i b\u1ed9 nghi\u00eam ng\u1eb7t. H\u1ec7 th\u1ed1ng ph\u1ea3i b\u1ea3o v\u1ec7 d\u1eef li\u1ec7u ng\u01b0\u1eddi tham gia v\u00e0 thi\u1ebft l\u1eadp quy tr\u00ecnh x\u1eed l\u00fd khi\u1ebfu n\u1ea1i hi\u1ec7u qu\u1ea3. \u0110\u00e2y l\u00e0 ti\u00eau chu\u1ea9n cao h\u01a1n so v\u1edbi nhi\u1ec1u gi\u1ea5y t\u1edd th\u00f4ng th\u01b0\u1eddng, gi\u00fap n\u00e2ng cao \u0111\u1ed9 tin c\u1eady c\u1ee7a h\u1ec7 th\u1ed1ng.<\/span><\/p>\n<p><span style=\"font-weight: 400;\">Isle of Man License y\u00eau c\u1ea7u b\u00e1o c\u00e1o \u0111\u1ecbnh k\u1ef3, tu\u00e2n th\u1ee7 c\u00e1c ti\u00eau chu\u1ea9n \u0111\u1ed9c l\u1eadp v\u00e0 ki\u1ec3m tra k\u1ebft qu\u1ea3 tr\u00f2 ch\u01a1i. <\/span><b>Gi\u1ea5y ph\u00e9p ho\u1ea1t \u0111\u1ed9ng s\u00f2ng b\u1ea1c<\/b><span style=\"font-weight: 400;\"> gi\u00fap \u0111\u1ea3m b\u1ea3o m\u1ecdi v\u00e1n c\u01b0\u1ee3c \u0111\u01b0\u1ee3c gi\u00e1m s\u00e1t c\u00f4ng b\u1eb1ng, minh b\u1ea1ch. Nh\u1edd s\u1edf h\u1eefu ch\u1ee9ng nh\u1eadn, s\u00e2n ch\u01a1i x\u00e2y d\u1ef1ng m\u00f4i tr\u01b0\u1eddng \u0111\u00e1ng tin c\u1eady, g\u00f3p ph\u1ea7n c\u1ee7ng c\u1ed1 ni\u1ec1m tin l\u00e2u d\u00e0i t\u1eeb h\u1ed9i vi\u00ean.<\/span><\/p>\n<h2><b>L\u1ee3i \u00edch s\u1edf h\u1eefu gi\u1ea5y ph\u00e9p ho\u1ea1t \u0111\u1ed9ng \u0111\u1ed1i v\u1edbi s\u00e2n ch\u01a1i v\u00e0 h\u1ed9i vi\u00ean<\/b><\/h2>\n<p><span style=\"font-weight: 400;\">Khi s\u1edf h\u1eefu <\/span><b>gi\u1ea5y ph\u00e9p ho\u1ea1t \u0111\u1ed9ng<\/b><span style=\"font-weight: 400;\">, h\u1ec7 th\u1ed1ng v\u00e0 c\u1ea3 h\u1ed9i vi\u00ean \u0111\u1ec1u nh\u1eadn \u0111\u01b0\u1ee3c nhi\u1ec1u l\u1ee3i \u00edch r\u00f5 r\u1ec7t. Nh\u1eefng ch\u1ee9ng nh\u1eadn n\u00e0y kh\u00f4ng ch\u1ec9 l\u00e0m r\u00f5 quy\u1ec1n l\u1ee3i v\u1eadn h\u00e0nh h\u1ee3p ph\u00e1p m\u00e0 c\u00f2n \u0111\u1ea3m b\u1ea3o c\u00e1c ti\u00eau chu\u1ea9n an to\u00e0n, c\u00f4ng b\u1eb1ng v\u00e0 ph\u1ea3n h\u1ed3i khi\u1ebfu n\u1ea1i minh b\u1ea1ch. \u0110i\u1ec1u n\u00e0y gi\u00fap n\u00e2ng cao tr\u1ea3i nghi\u1ec7m c\u0169ng nh\u01b0 s\u1ef1 \u1ed5n \u0111\u1ecbnh trong v\u1eadn h\u00e0nh.<\/span><\/p>\n<h3><b>T\u0103ng uy t\u00edn th\u01b0\u01a1ng hi\u1ec7u<\/b><\/h3>\n<p><b>Gi\u1ea5y ph\u00e9p ho\u1ea1t \u0111\u1ed9ng <\/b><span style=\"font-weight: 400;\">gi\u00fap s\u00e2n ch\u01a1i kh\u1eb3ng \u0111\u1ecbnh v\u1ecb th\u1ebf th\u1ecb tr\u01b0\u1eddng game tr\u1ef1c tuy\u1ebfn. Khi \u0111\u01b0\u1ee3c c\u00e1c c\u01a1 quan c\u1ea5p quy\u1ec1n, s\u00e2n ch\u01a1i x\u00e2y d\u1ef1ng \u0111\u01b0\u1ee3c s\u1ef1 tin c\u1eady m\u1ea1nh m\u1ebd v\u1edbi ng\u01b0\u1eddi m\u1edbi v\u00e0 hi\u1ec7n t\u1ea1i. \u0110\u00e2y c\u0169ng l\u00e0 c\u01a1 s\u1edf \u0111\u1ec3 h\u1ee3p t\u00e1c v\u1edbi c\u00e1c \u0111\u1ed1i t\u00e1c qu\u1ed1c t\u1ebf trong ch\u01b0\u01a1ng tr\u00ecnh li\u00ean k\u1ebft, s\u1ef1 ki\u1ec7n hay qu\u1ea3ng b\u00e1 r\u1ed9ng r\u00e3i.<\/span><\/p>\n<figure id=\"attachment_82\" aria-describedby=\"caption-attachment-82\" style=\"width: 800px\" class=\"wp-caption aligncenter\"><img loading=\"lazy\" decoding=\"async\" class=\"size-full wp-image-82\" src=\"https:\/\/inpasila.ru.com\/wp-content\/uploads\/2026\/04\/so-huu-giay-phep-giup-nang-cao-uy-tin-va-niem-tin-hoi-vien.jpg\" alt=\"S\u1edf h\u1eefu gi\u1ea5y ph\u00e9p gi\u00fap n\u00e2ng cao uy t\u00edn v\u00e0 ni\u1ec1m tin h\u1ed9i vi\u00ean\" width=\"800\" height=\"400\" srcset=\"https:\/\/inpasila.ru.com\/wp-content\/uploads\/2026\/04\/so-huu-giay-phep-giup-nang-cao-uy-tin-va-niem-tin-hoi-vien.jpg 800w, https:\/\/inpasila.ru.com\/wp-content\/uploads\/2026\/04\/so-huu-giay-phep-giup-nang-cao-uy-tin-va-niem-tin-hoi-vien-300x150.jpg 300w, https:\/\/inpasila.ru.com\/wp-content\/uploads\/2026\/04\/so-huu-giay-phep-giup-nang-cao-uy-tin-va-niem-tin-hoi-vien-768x384.jpg 768w\" sizes=\"auto, (max-width: 800px) 100vw, 800px\" \/><figcaption id=\"caption-attachment-82\" class=\"wp-caption-text\">S\u1edf h\u1eefu gi\u1ea5y ph\u00e9p gi\u00fap n\u00e2ng cao uy t\u00edn v\u00e0 ni\u1ec1m tin h\u1ed9i vi\u00ean<\/figcaption><\/figure>\n<h3><b>Gi\u1ea5y ph\u00e9p ho\u1ea1t \u0111\u1ed9ng gi\u00fap s\u00e2n ch\u01a1i ho\u1ea1t \u0111\u1ed9ng h\u1ee3p ph\u00e1p<\/b><\/h3>\n<p><span style=\"font-weight: 400;\">Khi \u0111\u01b0\u1ee3c c\u1ea5p quy\u1ec1n t\u1eeb c\u00e1c c\u01a1 quan uy t\u00edn, h\u1ec7 th\u1ed1ng ch\u00ednh th\u1ee9c \u0111\u01b0\u1ee3c v\u1eadn h\u00e0nh h\u1ee3p ph\u00e1p tr\u00ean h\u1ec7 th\u1ed1ng tr\u1ef1c tuy\u1ebfn. \u0110\u1ed3ng th\u1eddi, ch\u1ee9ng nh\u1eadn m\u1ecdi ho\u1ea1t \u0111\u1ed9ng \u0111\u1ec1u tu\u00e2n th\u1ee7 ti\u00eau chu\u1ea9n qu\u1ed1c t\u1ebf, \u0111\u1ea3m b\u1ea3o kh\u00f4ng vi ph\u1ea1m c\u00e1c quy \u0111\u1ecbnh qu\u1ea3n l\u00fd. Nh\u1edd \u0111\u00f3, trang ch\u1ee7 tr\u00e1nh \u0111\u01b0\u1ee3c c\u00e1c r\u1ee7i ro v\u1ec1 ph\u1ea1t h\u00e0nh ch\u00ednh hay ph\u1ea3i ng\u1eebng ho\u1ea1t \u0111\u1ed9ng.<\/span><\/p>\n<p><span style=\"font-weight: 400;\">Ngo\u00e0i ra, <\/span><b>gi\u1ea5y ph\u00e9p ho\u1ea1t \u0111\u1ed9ng <\/b><span style=\"font-weight: 400;\">c\u00f2n thi\u1ebft l\u1eadp r\u00f5 r\u00e0ng quy\u1ec1n l\u1ee3i v\u00e0 tr\u00e1ch nhi\u1ec7m gi\u1eefa nh\u00e0 c\u00e1i v\u1edbi h\u1ed9i vi\u00ean. C\u00e1c quy tr\u00ecnh x\u1eed l\u00fd giao d\u1ecbch, th\u01b0\u1edfng c\u0169ng nh\u01b0 khi\u1ebfu n\u1ea1i \u0111\u01b0\u1ee3c gi\u00e1m s\u00e1t ch\u1eb7t ch\u1ebd, gi\u00fap gi\u1ea3m thi\u1ec3u tranh ch\u1ea5p. \u0110i\u1ec1u n\u00e0y t\u1ea1o ni\u1ec1m tin v\u1eefng ch\u1eafc cho ng\u01b0\u1eddi ch\u01a1i, n\u00e2ng cao uy t\u00edn v\u1edbi \u0111\u1ed9 tin c\u1eady cao.<\/span><\/p>\n<h3><b>\u0110\u1ea3m b\u1ea3o c\u00f4ng b\u1eb1ng<\/b><\/h3>\n<p><b>Gi\u1ea5y ph\u00e9p ho\u1ea1t \u0111\u1ed9ng <\/b><span style=\"font-weight: 400;\">b\u1eaft bu\u1ed9c nh\u00e0 c\u00e1i ph\u1ea3i tri\u1ec3n khai m\u1ecdi tr\u00f2 ch\u01a1i theo quy tr\u00ecnh c\u00f4ng b\u1eb1ng, kh\u00f4ng can thi\u1ec7p k\u1ebft qu\u1ea3. C\u00e1c c\u01a1 quan c\u1ea5p quy\u1ec1n y\u00eau c\u1ea7u \u00e1p d\u1ee5ng c\u00f4ng ngh\u1ec7 ki\u1ec3m \u0111\u1ecbnh \u0111\u1ed9c l\u1eadp, \u0111\u1ea3m b\u1ea3o m\u1ecdi v\u00e1n c\u01b0\u1ee3c tr\u1ea3 th\u01b0\u1edfng minh b\u1ea1ch. H\u1ed9i vi\u00ean c\u00f3 quy\u1ec1n tin t\u01b0\u1edfng r\u1eb1ng k\u1ebft qu\u1ea3 \u0111\u01b0\u1ee3c x\u00e1c \u0111\u1ecbnh c\u00f4ng b\u1eb1ng.<\/span><\/p>\n<p><b>Gi\u1ea5y ph\u00e9p casino tr\u1ef1c tuy\u1ebfn<\/b><span style=\"font-weight: 400;\"> c\u0169ng bu\u1ed9c h\u1ec7 th\u1ed1ng c\u1eadp nh\u1eadt li\u00ean t\u1ee5c c\u00e1c thu\u1eadt to\u00e1n ki\u1ec3m so\u00e1t gian l\u1eadn v\u00e0 b\u1ea3o m\u1eadt d\u1eef li\u1ec7u. Nh\u1edd \u0111\u00f3, m\u00f4i tr\u01b0\u1eddng ch\u01a1i tr\u1edf n\u00ean an to\u00e0n, l\u00e0nh m\u1ea1nh c\u0169ng nh\u01b0 m\u1ed7i h\u1ed9i vi\u00ean \u0111\u1ec1u c\u00f3 c\u01a1 h\u1ed9i ngang nhau. Vi\u1ec7c \u0111\u1ea3m b\u1ea3o c\u00f4ng b\u1eb1ng c\u0169ng n\u00e2ng cao tr\u1ea3i nghi\u1ec7m, h\u1ec7 th\u1ed1ng tr\u1edf th\u00e0nh \u0111i\u1ec3m \u0111\u1ebfn \u0111\u00e1ng tin c\u1eady.<\/span><\/p>\n<h2><b>L\u1eddi k\u1ebft<\/b><\/h2>\n<p><b>Gi\u1ea5y ph\u00e9p ho\u1ea1t \u0111\u1ed9ng<\/b><span style=\"font-weight: 400;\"> kh\u00f4ng ch\u1ec9 l\u00e0 v\u0103n b\u1ea3n ph\u00e1p l\u00fd, n\u00f3 l\u00e0 minh ch\u1ee9ng cam k\u1ebft v\u1eadn h\u00e0nh minh b\u1ea1ch, h\u1ee3p ph\u00e1p v\u00e0 an to\u00e0n. Vi\u1ec7c s\u1edf h\u1eefu ch\u1ee9ng nh\u1eadn t\u1eeb c\u00e1c c\u01a1 quan uy t\u00edn, <\/span><b>789P<\/b><span style=\"font-weight: 400;\"> kh\u1eb3ng \u0111\u1ecbnh ch\u1ea5t l\u01b0\u1ee3ng d\u1ecbch v\u1ee5 c\u0169ng nh\u01b0 mang \u0111\u1ebfn tr\u1ea3i nghi\u1ec7m \u0111\u00e1ng tin c\u1eady.<\/span><\/p>\n","protected":false},"excerpt":{"rendered":"<p>Gi\u1ea5y Ph\u00e9p Ho\u1ea1t \u0110\u1ed9ng &#8211; B\u1ea3o Ch\u1ee9ng Ph\u00e1p L\u00fd V\u00e0 Ni\u1ec1m Tin Ch\u01a1i Gi\u1ea5y ph\u00e9p ho\u1ea1t \u0111\u1ed9ng kh\u00f4ng ch\u1ec9 l\u00e0 minh ch\u1ee9ng h\u1ee3p ph\u00e1p, n\u00f3 l\u00e0 n\u1ec1n t\u1ea3ng t\u1ea1o ni\u1ec1m tin cho kh\u00e1ch h\u00e0ng. C\u00e1c gi\u1ea5y ph\u00e9p m\u00e0 s\u00e2n ch\u01a1i s\u1edf h\u1eefu mang l\u1ea1i nhi\u1ec1u l\u1ee3i \u00edch thi\u1ebft th\u1ef1c cho c\u1ea3 ng\u01b0\u1eddi tham gia l\u1eabn [&#8230;]\n","protected":false},"author":1,"featured_media":83,"parent":0,"menu_order":0,"comment_status":"closed","ping_status":"closed","template":"","meta":{"footnotes":""},"class_list":["post-81","page","type-page","status-publish","has-post-thumbnail","hentry"],"_links":{"self":[{"href":"https:\/\/inpasila.ru.com\/index.php\/wp-json\/wp\/v2\/pages\/81","targetHints":{"allow":["GET"]}}],"collection":[{"href":"https:\/\/inpasila.ru.com\/index.php\/wp-json\/wp\/v2\/pages"}],"about":[{"href":"https:\/\/inpasila.ru.com\/index.php\/wp-json\/wp\/v2\/types\/page"}],"author":[{"embeddable":true,"href":"https:\/\/inpasila.ru.com\/index.php\/wp-json\/wp\/v2\/users\/1"}],"replies":[{"embeddable":true,"href":"https:\/\/inpasila.ru.com\/index.php\/wp-json\/wp\/v2\/comments?post=81"}],"version-history":[{"count":1,"href":"https:\/\/inpasila.ru.com\/index.php\/wp-json\/wp\/v2\/pages\/81\/revisions"}],"predecessor-version":[{"id":86,"href":"https:\/\/inpasila.ru.com\/index.php\/wp-json\/wp\/v2\/pages\/81\/revisions\/86"}],"wp:featuredmedia":[{"embeddable":true,"href":"https:\/\/inpasila.ru.com\/index.php\/wp-json\/wp\/v2\/media\/83"}],"wp:attachment":[{"href":"https:\/\/inpasila.ru.com\/index.php\/wp-json\/wp\/v2\/media?parent=81"}],"curies":[{"name":"wp","href":"https:\/\/api.w.org\/{rel}","templated":true}]}}