{"id":87,"date":"2026-04-05T04:28:07","date_gmt":"2026-04-05T04:28:07","guid":{"rendered":"https:\/\/hn.sa.com\/?page_id=87"},"modified":"2026-04-05T04:28:07","modified_gmt":"2026-04-05T04:28:07","slug":"khuyen-mai-789p","status":"publish","type":"page","link":"https:\/\/inpasila.ru.com\/index.php\/khuyen-mai-789p\/","title":{"rendered":"Khuy\u1ebfn M\u00e3i 789P &#8211; T\u1ed5ng H\u1ee3p \u01afu \u0110\u00e3i Nh\u00e0 C\u00e1i H\u1ea5p D\u1eabn N\u0103m 2026"},"content":{"rendered":"<h1 style=\"text-align: center;\"><b>Khuy\u1ebfn M\u00e3i 789P &#8211; T\u1ed5ng H\u1ee3p \u01afu \u0110\u00e3i Nh\u00e0 C\u00e1i H\u1ea5p D\u1eabn N\u0103m 2026<\/b><\/h1>\n<p><b>Khuy\u1ebfn m\u00e3i 789P<\/b><span style=\"font-weight: 400;\"> mang \u0111\u1ebfn h\u1ec7 th\u1ed1ng \u01b0u \u0111\u00e3i v\u00f4 c\u00f9ng \u0111a d\u1ea1ng cho c\u1ea3 ng\u01b0\u1eddi m\u1edbi l\u1eabn h\u1ed9i vi\u00ean l\u00e2u n\u0103m tham gia gi\u1ea3i tr\u00ed tr\u1ef1c tuy\u1ebfn tr\u00ean n\u1ec1n t\u1ea3ng. T\u1eeb th\u01b0\u1edfng n\u1ea1p l\u1ea7n \u0111\u1ea7u, qu\u00e0 t\u1eb7ng \u0111\u0103ng k\u00fd cho \u0111\u1ebfn c\u00e1c s\u1ef1 ki\u1ec7n \u0111\u1ecbnh k\u1ef3, nh\u00e0 c\u00e1i <\/span><b>789P<\/b><span style=\"font-weight: 400;\"> s\u1ebd gi\u00fap b\u1ea1n t\u1ed1i \u01b0u ngu\u1ed3n v\u1ed1n c\u00e1 c\u01b0\u1ee3c hi\u1ec7u qu\u1ea3 nh\u1ea5t.<\/span><\/p>\n<h2><b>Nh\u00e0 c\u00e1i tung ra nhi\u1ec1u m\u00e3 khuy\u1ebfn m\u00e3i 789P h\u1ea5p d\u1eabn n\u0103m 2026<\/b><\/h2>\n<p><b>789P<\/b><span style=\"font-weight: 400;\"> hi\u1ec7n \u0111ang tri\u1ec3n khai nhi\u1ec1u m\u00e3 khuy\u1ebfn m\u00e3i h\u1ea5p d\u1eabn, \u0111\u00e1p \u1ee9ng \u0111a d\u1ea1ng nhu c\u1ea7u c\u1ee7a ng\u01b0\u1eddi ch\u01a1i trong qu\u00e1 tr\u00ecnh tham gia c\u00e1 c\u01b0\u1ee3c online. H\u1ec7 th\u1ed1ng \u01b0u \u0111\u00e3i li\u00ean t\u1ee5c c\u1eadp nh\u1eadt gi\u00fap th\u00e0nh vi\u00ean c\u00f3 nhi\u1ec1u c\u01a1 h\u1ed9i gia t\u0103ng gi\u00e1 tr\u1ecb ti\u1ec1n v\u1ed1n m\u1ed9t c\u00e1ch h\u1ee3p l\u00fd, th\u1ea3 ga tr\u1ea3i nghi\u1ec7m gi\u1ea3i tr\u00ed \u0111\u1ed5i th\u01b0\u1edfng.<\/span><\/p>\n<p><span style=\"font-weight: 400;\">C\u00e1c ch\u01b0\u01a1ng tr\u00ecnh <\/span><b>khuy\u1ebfn m\u00e3i 789P<\/b><span style=\"font-weight: 400;\"> ph\u1ed5 bi\u1ebfn t\u1ea1i nh\u00e0 c\u00e1i bao g\u1ed3m c\u00f3: th\u01b0\u1edfng n\u1ea1p \u0111\u1ea7u, ho\u00e0n tr\u1ea3 c\u00e1 c\u01b0\u1ee3c, \u0111\u0103ng k\u00fd t\u00e0i kho\u1ea3n m\u1edbi nh\u1eadn 58K hay ph\u1ea7n th\u01b0\u1edfng th\u00e1ng h\u1ea5p d\u1eabn,&#8230; M\u1ed7i s\u1ef1 ki\u1ec7n \u0111\u1ec1u c\u00f3 \u0111i\u1ec1u ki\u1ec7n \u00e1p d\u1ee5ng \u0111\u01b0\u1ee3c trang game quy \u0111\u1ecbnh ri\u00eang, nh\u01b0ng nh\u00ecn chung r\u1ea5t linh ho\u1ea1t v\u00e0 d\u1ec5 d\u00e0ng ti\u1ebfp c\u1eadn.<\/span><\/p>\n<figure id=\"attachment_90\" aria-describedby=\"caption-attachment-90\" style=\"width: 800px\" class=\"wp-caption aligncenter\"><img loading=\"lazy\" decoding=\"async\" class=\"size-full wp-image-90\" src=\"https:\/\/inpasila.ru.com\/wp-content\/uploads\/2026\/04\/khuyen-mai-789p-duoc-trien-khai-da-dang-cho-nguoi-choi.jpg\" alt=\"Khuy\u1ebfn m\u00e3i 789P \u0111\u01b0\u1ee3c tri\u1ec3n khai \u0111a d\u1ea1ng cho ng\u01b0\u1eddi ch\u01a1i\" width=\"800\" height=\"400\" srcset=\"https:\/\/inpasila.ru.com\/wp-content\/uploads\/2026\/04\/khuyen-mai-789p-duoc-trien-khai-da-dang-cho-nguoi-choi.jpg 800w, https:\/\/inpasila.ru.com\/wp-content\/uploads\/2026\/04\/khuyen-mai-789p-duoc-trien-khai-da-dang-cho-nguoi-choi-300x150.jpg 300w, https:\/\/inpasila.ru.com\/wp-content\/uploads\/2026\/04\/khuyen-mai-789p-duoc-trien-khai-da-dang-cho-nguoi-choi-768x384.jpg 768w\" sizes=\"auto, (max-width: 800px) 100vw, 800px\" \/><figcaption id=\"caption-attachment-90\" class=\"wp-caption-text\">Khuy\u1ebfn m\u00e3i 789P \u0111\u01b0\u1ee3c tri\u1ec3n khai \u0111a d\u1ea1ng cho ng\u01b0\u1eddi ch\u01a1i<\/figcaption><\/figure>\n<p><span style=\"font-weight: 400;\">\u0110i\u1ec1u n\u00e0y s\u1ebd gi\u00fap ng\u01b0\u1eddi ch\u01a1i d\u1ec5 d\u00e0ng l\u1ef1a ch\u1ecdn s\u1ef1 ki\u1ec7n <\/span><b>khuy\u1ebfn m\u00e3i nh\u00e0 c\u00e1i<\/b><span style=\"font-weight: 400;\"> ph\u00f9 h\u1ee3p v\u1edbi b\u1ea3n th\u00e2n m\u00ecnh \u0111\u1ec3 \u0111\u0103ng k\u00fd tham gia. T\u1eeb \u0111\u00f3, gi\u00fap qu\u00e1 tr\u00ecnh ch\u01a1i game c\u00e1 c\u01b0\u1ee3c c\u1ee7a bet th\u1ee7 tr\u1edf n\u00ean thu\u1eadn l\u1ee3i, vui v\u1ebb v\u00e0 h\u00e0o h\u1ee9ng h\u01a1n r\u1ea5t nhi\u1ec1u. \u0110\u00e2y c\u0169ng \u0111\u01b0\u1ee3c xem l\u00e0 y\u1ebfu t\u1ed1 \u0111\u1eb7c bi\u1ec7t quan tr\u1ecdng, gi\u00fap trang game thu h\u00fat kh\u00e1ch h\u00e0ng m\u1edbi m\u1ed7i ng\u00e0y.<\/span><\/p>\n<h2><b>M\u00e3 \u01b0u \u0111\u00e3i c\u00e1 c\u01b0\u1ee3c hot nh\u00e0 c\u00e1i \u0111ang cung c\u1ea5p cho th\u00e0nh vi\u00ean<\/b><\/h2>\n<p><span style=\"font-weight: 400;\">\u0110\u1ec3 t\u1eadn d\u1ee5ng hi\u1ec7u qu\u1ea3 h\u1ec7 th\u1ed1ng <\/span><b>khuy\u1ebfn m\u00e3i 789P<\/b><span style=\"font-weight: 400;\">, bet th\u1ee7 c\u1ea7n ph\u1ea3i hi\u1ec3u r\u00f5 t\u1eebng s\u1ef1 ki\u1ec7n \u0111ang \u0111\u01b0\u1ee3c h\u1ec7 th\u1ed1ng tri\u1ec3n khai th\u1eddi gian g\u1ea7n \u0111\u00e2y. M\u1ed7i \u01b0u \u0111\u00e3i t\u1ea1i nh\u00e0 c\u00e1i s\u1ebd c\u00f3 c\u00e1ch th\u1ee9c ho\u1ea1t \u0111\u1ed9ng ri\u00eang bi\u1ec7t, ph\u00f9 h\u1ee3p v\u1edbi t\u1eebng m\u1ee5c ti\u00eau c\u1ee5 th\u1ec3 \u0111\u1ec3 ng\u01b0\u1eddi ch\u01a1i l\u1ef1a ch\u1ecdn tham gia:<\/span><\/p>\n<h3><b>Th\u01b0\u1edfng n\u1ea1p l\u1ea7n \u0111\u1ea7u t\u1ea1i nh\u00e0 c\u00e1i c\u00e1 c\u01b0\u1ee3c l\u00ean \u0111\u1ebfn 8888K<\/b><\/h3>\n<p><span style=\"font-weight: 400;\">Ch\u01b0\u01a1ng tr\u00ecnh th\u01b0\u1edfng n\u1ea1p l\u1ea7n \u0111\u1ea7u trong h\u1ec7 th\u1ed1ng <\/span><b>khuy\u1ebfn m\u00e3i 789P<\/b><span style=\"font-weight: 400;\"> cho ph\u00e9p th\u00e0nh vi\u00ean n\u1ea1p t\u1ed1i thi\u1ec3u 50K v\u00e0 c\u00f3 th\u1ec3 nh\u1eadn qu\u00e0 t\u1eb7ng l\u00ean \u0111\u1ebfn 8888K. \u0110\u00e2y ch\u00ednh l\u00e0 m\u1ee9c \u01b0u \u0111\u00e3i l\u1edbn, gi\u00fap bet th\u1ee7 t\u0103ng nhanh s\u1ed1 d\u01b0 ban \u0111\u1ea7u \u0111\u1ec3 tr\u1ea3i nghi\u1ec7m \u0111\u01b0\u1ee3c nhi\u1ec1u tr\u00f2 ch\u01a1i gi\u1ea3i tr\u00ed kh\u00e1c nhau m\u00e0 kh\u00f4ng c\u1ea7n lo l\u1eafng v\u1ec1 ti\u1ec1n v\u1ed1n.<\/span><\/p>\n<p><span style=\"font-weight: 400;\">Ngo\u00e0i ra, \u0111i\u1ec1u ki\u1ec7n nh\u1eadn th\u01b0\u1edfng c\u1ee7a <\/span><b>m\u00e3 \u01b0u \u0111\u00e3i nh\u00e0 c\u00e1i<\/b><span style=\"font-weight: 400;\"> c\u0169ng \u0111\u01b0\u1ee3c thi\u1ebft k\u1ebf v\u00f4 c\u00f9ng h\u1ee3p l\u00fd nh\u1eb1m m\u1ee5c \u0111\u00edch \u0111\u1ea3m b\u1ea3o t\u00ednh ch\u1ea5t c\u00f4ng b\u1eb1ng cho t\u1ea5t c\u1ea3 ng\u01b0\u1eddi ch\u01a1i. Vi\u1ec7c ho\u00e0n th\u00e0nh y\u00eau c\u1ea7u h\u1ec7 th\u1ed1ng game \u0111\u01b0a ra c\u0169ng kh\u00f4ng qu\u00e1 ph\u1ee9c t\u1ea1p n\u1ebfu h\u1ed9i vi\u00ean c\u00f3 chi\u1ebfn l\u01b0\u1ee3c ph\u00f9 h\u1ee3p, nh\u1edd \u0111\u00f3 bet th\u1ee7 c\u0169ng d\u1ec5 d\u00e0ng c\u00f3 th\u1ec3 r\u00fat ti\u1ec1n th\u01b0\u1edfng.<\/span><\/p>\n<h3><b>Khuy\u1ebfn m\u00e3i 789P t\u1eb7ng 58K khi \u0111\u0103ng k\u00fd<\/b><\/h3>\n<p><span style=\"font-weight: 400;\">M\u1ed9t trong s\u1ed1 c\u00e1c \u01b0u \u0111\u00e3i n\u1ed5i b\u1eadt t\u1ea1i chuy\u00ean m\u1ee5c <\/span><b>khuy\u1ebfn m\u00e3i 789P<\/b><span style=\"font-weight: 400;\"> \u0111\u00f3 l\u00e0 s\u1ef1 ki\u1ec7n t\u1eb7ng 58K cho ng\u01b0\u1eddi ch\u01a1i m\u1edbi sau khi \u0111\u0103ng k\u00fd t\u00e0i kho\u1ea3n th\u00e0nh c\u00f4ng. Kho\u1ea3n ti\u1ec1n th\u01b0\u1edfng n\u00e0y c\u00f3 th\u1ec3 gi\u00fap th\u00e0nh vi\u00ean tr\u1ea3i nghi\u1ec7m d\u1ecbch v\u1ee5 gi\u1ea3i tr\u00ed m\u00e0 kh\u00f4ng c\u1ea7n n\u1ea1p ti\u1ec1n v\u1ed1n l\u00fac ban \u0111\u1ea7u. \u0110\u00e2y c\u00f3 th\u1ec3 \u0111\u01b0\u1ee3c xem l\u00e0 b\u01b0\u1edbc h\u1ed7 tr\u1ee3 quan tr\u1ecdng t\u1eeb nh\u00e0 c\u00e1i, gi\u00fap b\u1ea1n ti\u1ebfp c\u1eadn d\u1ecbch v\u1ee5 c\u00e1 c\u01b0\u1ee3c d\u1ec5 d\u00e0ng h\u01a1n.<\/span><\/p>\n<figure id=\"attachment_91\" aria-describedby=\"caption-attachment-91\" style=\"width: 800px\" class=\"wp-caption aligncenter\"><img loading=\"lazy\" decoding=\"async\" class=\"size-full wp-image-91\" src=\"https:\/\/inpasila.ru.com\/wp-content\/uploads\/2026\/04\/dang-ky-tang-58k-cho-nguoi-choi-ca-cuoc-moi-tai-nha-cai.jpg\" alt=\"\u0110\u0103ng k\u00fd t\u1eb7ng 58K cho ng\u01b0\u1eddi ch\u01a1i c\u00e1 c\u01b0\u1ee3c m\u1edbi t\u1ea1i nh\u00e0 c\u00e1i\" width=\"800\" height=\"400\" srcset=\"https:\/\/inpasila.ru.com\/wp-content\/uploads\/2026\/04\/dang-ky-tang-58k-cho-nguoi-choi-ca-cuoc-moi-tai-nha-cai.jpg 800w, https:\/\/inpasila.ru.com\/wp-content\/uploads\/2026\/04\/dang-ky-tang-58k-cho-nguoi-choi-ca-cuoc-moi-tai-nha-cai-300x150.jpg 300w, https:\/\/inpasila.ru.com\/wp-content\/uploads\/2026\/04\/dang-ky-tang-58k-cho-nguoi-choi-ca-cuoc-moi-tai-nha-cai-768x384.jpg 768w\" sizes=\"auto, (max-width: 800px) 100vw, 800px\" \/><figcaption id=\"caption-attachment-91\" class=\"wp-caption-text\">\u0110\u0103ng k\u00fd t\u1eb7ng 58K cho ng\u01b0\u1eddi ch\u01a1i c\u00e1 c\u01b0\u1ee3c m\u1edbi t\u1ea1i nh\u00e0 c\u00e1i<\/figcaption><\/figure>\n<p><span style=\"font-weight: 400;\">Ch\u01b0\u01a1ng tr\u00ecnh <\/span><b>khuy\u1ebfn m\u00e3i \u0111\u0103ng k\u00fd nh\u00e0 c\u00e1i<\/b><span style=\"font-weight: 400;\"> th\u01b0\u1eddng \u0111i k\u00e8m m\u1ed9t s\u1ed1 \u0111i\u1ec1u ki\u1ec7n \u0111\u01a1n gi\u1ea3n do trang game \u0111\u1ec1 ra, kh\u00f4ng g\u00e2y \u00e1p l\u1ef1c cho th\u00e0nh vi\u00ean m\u1edbi. Bet th\u1ee7 c\u00f3 th\u1ec3 d\u00f9ng s\u1ed1 ti\u1ec1n th\u01b0\u1edfng ch\u00e0o m\u1eebng n\u00e0y \u0111\u1ec3 l\u00e0m quen v\u1edbi m\u1ed9t v\u00e0i b\u1ed9 m\u00f4n c\u00e1 c\u01b0\u1ee3c m\u00ecnh y\u00eau th\u00edch t\u1ea1i s\u1ea3nh b\u1eafn c\u00e1 ho\u1eb7c n\u1ed5 h\u0169.<\/span><\/p>\n<h3><b>Ho\u00e0n tr\u1ea3 c\u00e1 c\u01b0\u1ee3c v\u00e0 ti\u1ec1n th\u01b0\u1edfng s\u1ef1 ki\u1ec7n \u0111\u1ecbnh k\u1ef3<\/b><\/h3>\n<p><span style=\"font-weight: 400;\">B\u00ean c\u1ea1nh c\u00e1c \u01b0u \u0111\u00e3i c\u01a1 b\u1ea3n, chuy\u00ean m\u1ee5c <\/span><b>khuy\u1ebfn m\u00e3i 789P<\/b><span style=\"font-weight: 400;\"> c\u00f2n tri\u1ec3n khai th\u00eam ch\u01b0\u01a1ng tr\u00ecnh ho\u00e0n tr\u1ea3 c\u00e1 c\u01b0\u1ee3c gi\u00fap h\u1ed9i vi\u00ean gi\u1ea3m thi\u1ec3u r\u1ee7i ro trong qu\u00e1 tr\u00ecnh ch\u01a1i. Bet th\u1ee7 s\u1ebd c\u00f3 th\u1ec3 nh\u1eadn l\u1ea1i cho m\u00ecnh m\u1ed9t ph\u1ea7n ti\u1ec1n c\u01b0\u1ee3c d\u00f9 k\u1ebft qu\u1ea3 v\u00e1n game b\u1ea1n c\u00f3 th\u1eafng hay thua. \u0110i\u1ec1u n\u00e0y gi\u00fap duy tr\u00ec ngu\u1ed3n v\u1ed1n \u1ed5n \u0111\u1ecbnh h\u01a1n khi ng\u01b0\u1eddi ch\u01a1i tham gia gi\u1ea3i tr\u00ed c\u00f9ng nh\u00e0 c\u00e1i m\u1ed7i ng\u00e0y.<\/span><\/p>\n<p><span style=\"font-weight: 400;\">Ngo\u00e0i ra, c\u00e1c s\u1ef1 ki\u1ec7n khuy\u1ebfn m\u00e3i<\/span> <span style=\"font-weight: 400;\">nh\u01b0 th\u01b0\u1edfng b\u00ed \u1ea9n v\u00e0o ng\u00e0y 11 h\u00e0ng th\u00e1ng v\u1edbi t\u1ed5ng gi\u00e1 tr\u1ecb l\u00ean \u0111\u1ebfn con s\u1ed1 8888 t\u1ef7 c\u00f2n t\u1ea1o th\u00eam c\u01a1 h\u1ed9i nh\u1eadn th\u01b0\u1edfng l\u1edbn h\u01a1n cho kh\u00e1ch h\u00e0ng. Ng\u00e0y h\u1ed9i th\u00e0nh vi\u00ean n\u00e0y mang \u0111\u1ebfn c\u01a1 h\u1ed9i r\u1ea5t cao cho nh\u1eefng ng\u01b0\u1eddi ch\u01a1i \u0111\u0103ng nh\u1eadp \u0111\u1ec1u \u0111\u1eb7n v\u00e0 tham gia c\u00e1 c\u01b0\u1ee3c m\u1ed7i ng\u00e0y, gi\u00fap b\u1ea1n gia t\u0103ng ngu\u1ed3n v\u1ed1n.<\/span><\/p>\n<h3><b>Gi\u1edbi thi\u1ec7u b\u1ea1n b\u00e8 nh\u1eadn th\u01b0\u1edfng l\u00ean \u0111\u1ebfn 88K t\u1ea1i nh\u00e0 c\u00e1i<\/b><\/h3>\n<p><span style=\"font-weight: 400;\">N\u1ebfu nh\u1eafc \u0111\u1ebfn c\u00e1c <\/span><b>khuy\u1ebfn m\u00e3i 789P<\/b><span style=\"font-weight: 400;\"> hot nh\u1ea5t t\u1ea1i nh\u00e0 c\u00e1i th\u00ec kh\u00f4ng th\u1ec3 n\u00e0o b\u1ecf qua s\u1ef1 ki\u1ec7n gi\u1edbi thi\u1ec7u b\u1ea1n b\u00e8 tham gia \u0111\u1ec3 nh\u1eadn th\u01b0\u1edfng l\u00ean \u0111\u1ebfn 88K. Ng\u01b0\u1eddi ch\u01a1i ch\u1ec9 c\u1ea7n th\u1ef1c hi\u1ec7n ho\u1ea1t \u0111\u1ed9ng chia s\u1ebb li\u00ean k\u1ebft gi\u1edbi thi\u1ec7u v\u1ec1 n\u1ec1n t\u1ea3ng game v\u00e0 khi b\u1ea1n b\u00e8 \u0111\u0103ng k\u00fd t\u1ea1o t\u00e0i kho\u1ea3n h\u1ee3p l\u1ec7 l\u00e0 s\u1ebd \u0111\u01b0\u1ee3c ghi nh\u1eadn ph\u1ea7n th\u01b0\u1edfng.<\/span><\/p>\n<figure id=\"attachment_88\" aria-describedby=\"caption-attachment-88\" style=\"width: 800px\" class=\"wp-caption aligncenter\"><img loading=\"lazy\" decoding=\"async\" class=\"size-full wp-image-88\" src=\"https:\/\/inpasila.ru.com\/wp-content\/uploads\/2026\/04\/khuyen-mai-gioi-thieu-ban-be-nhan-88k-tien-thuong.jpg\" alt=\"Khuy\u1ebfn m\u00e3i gi\u1edbi thi\u1ec7u b\u1ea1n b\u00e8 nh\u1eadn 88K ti\u1ec1n th\u01b0\u1edfng\" width=\"800\" height=\"400\" srcset=\"https:\/\/inpasila.ru.com\/wp-content\/uploads\/2026\/04\/khuyen-mai-gioi-thieu-ban-be-nhan-88k-tien-thuong.jpg 800w, https:\/\/inpasila.ru.com\/wp-content\/uploads\/2026\/04\/khuyen-mai-gioi-thieu-ban-be-nhan-88k-tien-thuong-300x150.jpg 300w, https:\/\/inpasila.ru.com\/wp-content\/uploads\/2026\/04\/khuyen-mai-gioi-thieu-ban-be-nhan-88k-tien-thuong-768x384.jpg 768w\" sizes=\"auto, (max-width: 800px) 100vw, 800px\" \/><figcaption id=\"caption-attachment-88\" class=\"wp-caption-text\">Khuy\u1ebfn m\u00e3i gi\u1edbi thi\u1ec7u b\u1ea1n b\u00e8 nh\u1eadn 88K ti\u1ec1n th\u01b0\u1edfng<\/figcaption><\/figure>\n<p><span style=\"font-weight: 400;\">Ngo\u00e0i ra, nh\u00e0 c\u00e1i c\u00f2n \u00e1p d\u1ee5ng c\u01a1 ch\u1ebf ho\u00e0n tr\u1ea3 ti\u1ec1n n\u1ea1p 1% kh\u00f4ng gi\u1edbi h\u1ea1n c\u00f9ng c\u01a1 h\u1ed9i th\u01b0\u1edfng ho\u00e0n tr\u1ea3 c\u00e1 c\u01b0\u1ee3c tr\u1ecdn \u0111\u1eddi cho ng\u01b0\u1eddi tham gia ch\u01b0\u01a1ng tr\u00ecnh. \u0110i\u1ec1u n\u00e0y gi\u00fap bet th\u1ee7 c\u00f3 th\u1ec3 duy tr\u00ec ngu\u1ed3n l\u1ee3i nhu\u1eadn \u1ed5n \u0111\u1ecbnh trong su\u1ed1t qu\u00e1 tr\u00ecnh ch\u01a1i game l\u00e2u d\u00e0i c\u1ee7a m\u00ecnh.<\/span><\/p>\n<h2><b>L\u1eddi k\u1ebft<\/b><\/h2>\n<p><b>Khuy\u1ebfn m\u00e3i 789P<\/b><span style=\"font-weight: 400;\"> mang \u0111\u1ebfn nhi\u1ec1u c\u01a1 h\u1ed9i gia t\u0103ng ti\u1ec1n v\u1ed1n cho kh\u00e1ch h\u00e0ng m\u1ed7i ng\u00e0y, gi\u00fap b\u1ea1n tho\u1ea3i m\u00e1i tham gia gi\u1ea3i tr\u00ed. N\u1ebfu ng\u01b0\u1eddi ch\u01a1i bi\u1ebft t\u1eadn d\u1ee5ng c\u01a1 h\u1ed9i t\u1ed1t n\u00e0y, qu\u00e1 tr\u00ecnh c\u00e1 c\u01b0\u1ee3c c\u1ee7a b\u1ea1n t\u1ea1i nh\u00e0 c\u00e1i <\/span><b>789P<\/b><span style=\"font-weight: 400;\"> s\u1ebd \u0111\u01b0\u1ee3c t\u1ed1i \u01b0u v\u00e0 thu\u1eadn l\u1ee3i h\u01a1n r\u1ea5t nhi\u1ec1u.<\/span><\/p>\n<p>&nbsp;<\/p>\n","protected":false},"excerpt":{"rendered":"<p>Khuy\u1ebfn M\u00e3i 789P &#8211; T\u1ed5ng H\u1ee3p \u01afu \u0110\u00e3i Nh\u00e0 C\u00e1i H\u1ea5p D\u1eabn N\u0103m 2026 Khuy\u1ebfn m\u00e3i 789P mang \u0111\u1ebfn h\u1ec7 th\u1ed1ng \u01b0u \u0111\u00e3i v\u00f4 c\u00f9ng \u0111a d\u1ea1ng cho c\u1ea3 ng\u01b0\u1eddi m\u1edbi l\u1eabn h\u1ed9i vi\u00ean l\u00e2u n\u0103m tham gia gi\u1ea3i tr\u00ed tr\u1ef1c tuy\u1ebfn tr\u00ean n\u1ec1n t\u1ea3ng. T\u1eeb th\u01b0\u1edfng n\u1ea1p l\u1ea7n \u0111\u1ea7u, qu\u00e0 t\u1eb7ng \u0111\u0103ng k\u00fd cho [&#8230;]\n","protected":false},"author":1,"featured_media":89,"parent":0,"menu_order":0,"comment_status":"closed","ping_status":"closed","template":"","meta":{"footnotes":""},"class_list":["post-87","page","type-page","status-publish","has-post-thumbnail","hentry"],"_links":{"self":[{"href":"https:\/\/inpasila.ru.com\/index.php\/wp-json\/wp\/v2\/pages\/87","targetHints":{"allow":["GET"]}}],"collection":[{"href":"https:\/\/inpasila.ru.com\/index.php\/wp-json\/wp\/v2\/pages"}],"about":[{"href":"https:\/\/inpasila.ru.com\/index.php\/wp-json\/wp\/v2\/types\/page"}],"author":[{"embeddable":true,"href":"https:\/\/inpasila.ru.com\/index.php\/wp-json\/wp\/v2\/users\/1"}],"replies":[{"embeddable":true,"href":"https:\/\/inpasila.ru.com\/index.php\/wp-json\/wp\/v2\/comments?post=87"}],"version-history":[{"count":1,"href":"https:\/\/inpasila.ru.com\/index.php\/wp-json\/wp\/v2\/pages\/87\/revisions"}],"predecessor-version":[{"id":92,"href":"https:\/\/inpasila.ru.com\/index.php\/wp-json\/wp\/v2\/pages\/87\/revisions\/92"}],"wp:featuredmedia":[{"embeddable":true,"href":"https:\/\/inpasila.ru.com\/index.php\/wp-json\/wp\/v2\/media\/89"}],"wp:attachment":[{"href":"https:\/\/inpasila.ru.com\/index.php\/wp-json\/wp\/v2\/media?parent=87"}],"curies":[{"name":"wp","href":"https:\/\/api.w.org\/{rel}","templated":true}]}}