{"id":93,"date":"2026-04-05T04:32:20","date_gmt":"2026-04-05T04:32:20","guid":{"rendered":"https:\/\/hn.sa.com\/?page_id=93"},"modified":"2026-04-05T04:32:20","modified_gmt":"2026-04-05T04:32:20","slug":"dang-ky-789p","status":"publish","type":"page","link":"https:\/\/inpasila.ru.com\/index.php\/dang-ky-789p\/","title":{"rendered":"\u0110\u0103ng K\u00fd 789P &#8211; Tham Gia Gi\u1ea3i Tr\u00ed C\u00f9ng Th\u01b0\u01a1ng Hi\u1ec7u \u0110\u1eb3ng C\u1ea5p"},"content":{"rendered":"<h1 style=\"text-align: center;\"><b>\u0110\u0103ng K\u00fd 789P &#8211; Tham Gia Gi\u1ea3i Tr\u00ed C\u00f9ng Th\u01b0\u01a1ng Hi\u1ec7u \u0110\u1eb3ng C\u1ea5p<\/b><\/h1>\n<p><b>\u0110\u0103ng k\u00fd 789P<\/b><span style=\"font-weight: 400;\"> l\u00e0 c\u01a1 h\u1ed9i \u0111\u1ec3 c\u00e1c b\u1ea1n b\u01b0\u1edbc ch\u00e2n v\u00e0o nh\u00e0 c\u00e1i tr\u1ef1c tuy\u1ebfn s\u1ed1 1 th\u1ecb tr\u01b0\u1eddng hi\u1ec7n nay. M\u1ecdi ng\u01b0\u1eddi tr\u1edf th\u00e0nh h\u1ed9i vi\u00ean th\u00ec c\u1ea7n th\u1ef1c hi\u1ec7n nh\u1eefng thao t\u00e1c n\u00e0o? H\u00e3y c\u00f9ng 789P \u0111i v\u00e0o b\u00e0i vi\u1ebft b\u00ean d\u01b0\u1edbi \u0111\u00e2y \u0111\u1ec3 t\u00ecm hi\u1ec3u t\u1ea5t t\u1ea7n t\u1eadt th\u00f4ng tin li\u00ean quan \u0111\u1ebfn vi\u1ec7c t\u1ea1o l\u1eadp t\u00e0i kho\u1ea3n.<\/span><\/p>\n<h2><b>Ti\u00eau ch\u00ed \u0111\u0103ng k\u00fd 789P l\u00e0 g\u00ec?<\/b><\/h2>\n<p><b>789P<\/b><span style=\"font-weight: 400;\"> mong mu\u1ed1n c\u00f3 th\u1ec3 mang \u0111\u1ebfn m\u00f4i tr\u01b0\u1eddng gi\u1ea3i tr\u00ed l\u00e0nh m\u1ea1nh, an to\u00e0n. \u0110\u00f3 l\u00e0 l\u00fd do \u0111\u1ecba ch\u1ec9 \u0111\u1eb7t ra nh\u1eefng nguy\u00ean t\u1eafc, ti\u00eau ch\u00ed c\u1ee5 th\u1ec3 v\u1ec1 \u0111\u1ed1i t\u01b0\u1ee3ng kh\u00e1ch h\u00e0ng tham gia:<\/span><\/p>\n<figure id=\"attachment_94\" aria-describedby=\"caption-attachment-94\" style=\"width: 800px\" class=\"wp-caption aligncenter\"><img loading=\"lazy\" decoding=\"async\" class=\"size-full wp-image-94\" src=\"https:\/\/inpasila.ru.com\/wp-content\/uploads\/2026\/04\/nhung-dieu-kien-can-dap-ung-de-mo-tai-khoan.jpg\" alt=\"Nh\u1eefng \u0111i\u1ec1u ki\u1ec7n c\u1ea7n \u0111\u00e1p \u1ee9ng \u0111\u1ec3 m\u1edf t\u00e0i kho\u1ea3n\" width=\"800\" height=\"400\" srcset=\"https:\/\/inpasila.ru.com\/wp-content\/uploads\/2026\/04\/nhung-dieu-kien-can-dap-ung-de-mo-tai-khoan.jpg 800w, https:\/\/inpasila.ru.com\/wp-content\/uploads\/2026\/04\/nhung-dieu-kien-can-dap-ung-de-mo-tai-khoan-300x150.jpg 300w, https:\/\/inpasila.ru.com\/wp-content\/uploads\/2026\/04\/nhung-dieu-kien-can-dap-ung-de-mo-tai-khoan-768x384.jpg 768w\" sizes=\"auto, (max-width: 800px) 100vw, 800px\" \/><figcaption id=\"caption-attachment-94\" class=\"wp-caption-text\">Nh\u1eefng \u0111i\u1ec1u ki\u1ec7n c\u1ea7n \u0111\u00e1p \u1ee9ng \u0111\u1ec3 m\u1edf t\u00e0i kho\u1ea3n<\/figcaption><\/figure>\n<table>\n<tbody>\n<tr>\n<td><span style=\"font-weight: 400;\">\u0110\u1ed9 tu\u1ed5i h\u1ee3p ph\u00e1p<\/span><\/td>\n<td><span style=\"font-weight: 400;\">Ng\u01b0\u1eddi ch\u01a1i ph\u1ea3i \u0111\u1ee7 t\u1eeb 18 tu\u1ed5i tr\u1edf l\u00ean. \u0110\u00e2y l\u00e0 quy \u0111\u1ecbnh b\u1eaft bu\u1ed9c \u0111\u1ec3 \u0111\u1ea3m b\u1ea3o n\u0103ng l\u1ef1c h\u00e0nh vi d\u00e2n s\u1ef1 v\u00e0 tr\u00e1ch nhi\u1ec7m c\u00e1 nh\u00e2n trong c\u00e1c ho\u1ea1t \u0111\u1ed9ng gi\u1ea3i tr\u00ed.<\/span><\/td>\n<\/tr>\n<tr>\n<td><span style=\"font-weight: 400;\">Th\u00f4ng tin ch\u00ednh ch\u1ee7<\/span><\/td>\n<td><span style=\"font-weight: 400;\">Nh\u00e0 c\u00e1i y\u00eau c\u1ea7u m\u1ecdi d\u1eef li\u1ec7u \u0111\u0103ng k\u00fd (H\u1ecd t\u00ean, S\u1ed1 \u0111i\u1ec7n tho\u1ea1i, Email) ph\u1ea3i l\u00e0 th\u00f4ng tin th\u1eadt. \u0110\u1eb7c bi\u1ec7t, t\u00ean t\u00e0i kho\u1ea3n ng\u00e2n h\u00e0ng li\u00ean k\u1ebft ph\u1ea3i tr\u00f9ng kh\u1edbp ho\u00e0n to\u00e0n v\u1edbi h\u1ecd t\u00ean \u0111\u0103ng k\u00fd tr\u00ean h\u1ec7 th\u1ed1ng \u0111\u1ec3 \u0111\u1ea3m b\u1ea3o vi\u1ec7c n\u1ea1p\/r\u00fat ti\u1ec1n di\u1ec5n ra th\u00f4ng su\u1ed1t.<\/span><\/td>\n<\/tr>\n<tr>\n<td><span style=\"font-weight: 400;\">Ch\u00ednh s\u00e1ch duy nh\u1ea5t<\/span><\/td>\n<td><span style=\"font-weight: 400;\">M\u1ed7i c\u00e1 nh\u00e2n, m\u1ed7i \u0111\u1ecba ch\u1ec9 IP v\u00e0 m\u1ed7i thi\u1ebft b\u1ecb ch\u1ec9 \u0111\u01b0\u1ee3c ph\u00e9p s\u1edf h\u1eefu 01 t\u00e0i kho\u1ea3n duy nh\u1ea5t. H\u1ec7 th\u1ed1ng gi\u00e1m s\u00e1t s\u1ebd t\u1ef1 \u0111\u1ed9ng qu\u00e9t, t\u1eeb ch\u1ed1i c\u00e1c y\u00eau c\u1ea7u<\/span><b> \u0111\u0103ng k\u00fd 789P<\/b><span style=\"font-weight: 400;\"> tr\u00f9ng l\u1eb7p nh\u1eb1m ng\u0103n ch\u1eb7n h\u00e0nh vi tr\u1ee5c l\u1ee3i khuy\u1ebfn m\u00e3i.<\/span><\/td>\n<\/tr>\n<tr>\n<td><span style=\"font-weight: 400;\">Ch\u1ea5p thu\u1eadn \u0111i\u1ec1u kho\u1ea3n<\/span><\/td>\n<td><span style=\"font-weight: 400;\">Th\u00e0nh vi\u00ean c\u1ea7n \u0111\u1ecdc, \u0111\u1ed3ng \u00fd v\u1edbi t\u1ea5t c\u1ea3 c\u00e1c ch\u00ednh s\u00e1ch b\u1ea3o m\u1eadt, quy \u0111\u1ecbnh c\u00e1 c\u01b0\u1ee3c c\u0169ng nh\u01b0 \u0111i\u1ec1u ki\u1ec7n khuy\u1ebfn m\u00e3i m\u00e0 nh\u00e0 c\u00e1i \u0111\u01b0a ra.<\/span><\/td>\n<\/tr>\n<\/tbody>\n<\/table>\n<h2><b>Th\u1ee7 t\u1ee5c \u0111\u0103ng k\u00fd 789P cho Newbie<\/b><\/h2>\n<p><span style=\"font-weight: 400;\">Nh\u1eb1m t\u1ed1i \u01b0u h\u00f3a tr\u1ea3i nghi\u1ec7m cho ng\u01b0\u1eddi ch\u01a1i, th\u1ee7 t\u1ee5c t\u1ea1o l\u1eadp \u0111\u01b0\u1ee3c t\u1ed1i gi\u1ea3n h\u00f3a t\u1ed1i \u0111a nh\u01b0ng v\u1eabn \u0111\u1ea3m b\u1ea3o t\u00ednh b\u1ea3o m\u1eadt tuy\u1ec7t \u0111\u1ed1i. Th\u00e0nh vi\u00ean ch\u1ec9 m\u1ea5t ch\u01b0a \u0111\u1ea7y 2 ph\u00fat \u0111\u1ec3 ho\u00e0n th\u00e0nh vi\u1ec7c<\/span><b> m\u1edf account c\u00e1 c\u01b0\u1ee3c tr\u1ef1c tuy\u1ebfn:<\/b><\/p>\n<h3><b>B\u01b0\u1edbc 1. Truy c\u1eadp trang ch\u1ee7\/app ch\u00ednh th\u1ee9c<\/b><\/h3>\n<p><span style=\"font-weight: 400;\">Th\u00e0nh vi\u00ean h\u00e3y v\u00e0o tr\u00ecnh duy\u1ec7t web, t\u00ecm ki\u1ebfm nh\u00e0 c\u00e1i. H\u00e0ng lo\u1ea1t c\u00e1c li\u00ean k\u1ebft xu\u1ea5t hi\u1ec7n nh\u01b0ng c\u00e1c b\u1ea1n c\u1ea7n c\u1ea9n th\u1eadn \u0111\u1ec3 tr\u00e1nh r\u1ee7i ro truy c\u1eadp nh\u1ea7m \u0111\u1ecba ch\u1ec9 gi\u1ea3 m\u1ea1o. \u0110\u1ec3 an to\u00e0n h\u01a1n cho kh\u00e1ch h\u00e0ng, ch\u00fang t\u00f4i \u0111\u00e3 c\u1eadp nh\u1eadt li\u00ean k\u1ebft m\u1edbi nh\u1ea5t kh\u00f4ng b\u1ecb ch\u1eb7n:<\/span><\/p>\n<ul>\n<li style=\"font-weight: 400;\" aria-level=\"1\"><span style=\"font-weight: 400;\">\u0110\u01b0\u1eddng d\u1eabn<\/span><b> \u0111\u0103ng k\u00fd 789P<\/b><span style=\"font-weight: 400;\">: Click v\u00e0o.<\/span><\/li>\n<li style=\"font-weight: 400;\" aria-level=\"1\"><span style=\"font-weight: 400;\">Link d\u1ef1 ph\u00f2ng 1: Ngay \u0111\u00e2y.<\/span><\/li>\n<li style=\"font-weight: 400;\" aria-level=\"1\"><span style=\"font-weight: 400;\">Li\u00ean k\u1ebft d\u1ef1 ph\u00f2ng 2: Click t\u1ea1i \u0111\u00e2y.<\/span><\/li>\n<\/ul>\n<p><span style=\"font-weight: 400;\">Ngo\u00e0i ra, \u0111\u1ec3 t\u0103ng s\u1ef1 an to\u00e0n, tr\u00e1nh m\u1ea5t th\u1eddi gian t\u00ecm ki\u1ebfm link th\u00ec c\u00f3 th\u1ec3 t\u1ea3i \u1ee9ng d\u1ee5ng. Ph\u1ea7n m\u1ec1m \u0111\u01b0\u1ee3c \u0111\u1ecba ch\u1ec9 thi\u1ebft k\u1ebf, x\u00e2y d\u1ef1ng v\u1edbi nhi\u1ec1u \u01b0u \u0111i\u1ec3m:<\/span><\/p>\n<ul>\n<li style=\"font-weight: 400;\" aria-level=\"1\"><span style=\"font-weight: 400;\">T\u01b0\u01a1ng th\u00edch v\u1edbi m\u1ecdi lo\u1ea1i h\u1ec7 \u0111i\u1ec1u h\u00e0nh.<\/span><\/li>\n<li style=\"font-weight: 400;\" aria-level=\"1\"><span style=\"font-weight: 400;\">B\u1eadt th\u00f4ng b\u00e1o \u0111\u1ea9y nh\u1eadn tin t\u1ee9c, s\u1ef1 ki\u1ec7n m\u1edbi nh\u1ea5t.<\/span><\/li>\n<li style=\"font-weight: 400;\" aria-level=\"1\"><span style=\"font-weight: 400;\">App t\u00edch h\u1ee3p sinh tr\u1eafc h\u1ecdc qua v\u00e2n tay ho\u1eb7c Face ID \u0111\u1ea3m b\u1ea3o t\u00ednh b\u1ea3o m\u1eadt t\u00e0i kho\u1ea3n, \u0111\u1ed3ng th\u1eddi truy c\u1eadp nhanh ch\u00f3ng h\u01a1n.<\/span><\/li>\n<\/ul>\n<h3><b>B\u01b0\u1edbc 2. Cung c\u1ea5p th\u00f4ng tin theo bi\u1ec3u m\u1eabu<\/b><\/h3>\n<p><span style=\"font-weight: 400;\">Khi click v\u00e0o trang ch\u1ee7\/app ch\u00ednh th\u1ee9c, m\u1ecdi ng\u01b0\u1eddi click ngay v\u00e0o \u00f4 \u201c<\/span><b>\u0110\u0103ng k\u00fd 789P<\/b><span style=\"font-weight: 400;\">\u201d. \u0110\u1ecba ch\u1ec9 s\u1ebd y\u00eau c\u1ea7u c\u00e1c b\u1ea1n cung c\u1ea5p th\u00f4ng tin c\u00e1 nh\u00e2n:<\/span><\/p>\n<figure id=\"attachment_97\" aria-describedby=\"caption-attachment-97\" style=\"width: 800px\" class=\"wp-caption aligncenter\"><img loading=\"lazy\" decoding=\"async\" class=\"size-full wp-image-97\" src=\"https:\/\/inpasila.ru.com\/wp-content\/uploads\/2026\/04\/cung-cap-thong-tin-ca-nhan-de-dang-ky-789p.jpg\" alt=\"Cung c\u1ea5p th\u00f4ng tin c\u00e1 nh\u00e2n \u0111\u1ec3 \u0111\u0103ng k\u00fd 789P\" width=\"800\" height=\"400\" srcset=\"https:\/\/inpasila.ru.com\/wp-content\/uploads\/2026\/04\/cung-cap-thong-tin-ca-nhan-de-dang-ky-789p.jpg 800w, https:\/\/inpasila.ru.com\/wp-content\/uploads\/2026\/04\/cung-cap-thong-tin-ca-nhan-de-dang-ky-789p-300x150.jpg 300w, https:\/\/inpasila.ru.com\/wp-content\/uploads\/2026\/04\/cung-cap-thong-tin-ca-nhan-de-dang-ky-789p-768x384.jpg 768w\" sizes=\"auto, (max-width: 800px) 100vw, 800px\" \/><figcaption id=\"caption-attachment-97\" class=\"wp-caption-text\">Cung c\u1ea5p th\u00f4ng tin c\u00e1 nh\u00e2n \u0111\u1ec3 \u0111\u0103ng k\u00fd 789P<\/figcaption><\/figure>\n<ul>\n<li style=\"font-weight: 400;\" aria-level=\"1\"><span style=\"font-weight: 400;\">T\u00ean \u0111\u0103ng nh\u1eadp: Vi\u1ebft li\u1ec1n, kh\u00f4ng d\u1ea5u, t\u1eeb 6-15 k\u00fd t\u1ef1 (v\u00ed d\u1ee5: hoanganh2026)<\/span><\/li>\n<li style=\"font-weight: 400;\" aria-level=\"1\"><span style=\"font-weight: 400;\">M\u1eadt kh\u1ea9u: N\u00ean k\u1ebft h\u1ee3p ch\u1eef hoa, ch\u1eef th\u01b0\u1eddng, s\u1ed1 v\u00e0 k\u00fd t\u1ef1 \u0111\u1eb7c bi\u1ec7t \u0111\u1ec3 \u0111\u1ea3m b\u1ea3o an to\u00e0n c\u1ea5p \u0111\u1ed9 cao nh\u1ea5t.<\/span><\/li>\n<li style=\"font-weight: 400;\" aria-level=\"1\"><span style=\"font-weight: 400;\">S\u1ed1 \u0111i\u1ec7n tho\u1ea1i: D\u00f9ng s\u1ed1 \u0111ang ho\u1ea1t \u0111\u1ed9ng \u0111\u1ec3 nh\u1eadn m\u00e3 OTP x\u00e1c th\u1ef1c ho\u1eb7c h\u1ed7 tr\u1ee3 l\u1ea5y l\u1ea1i m\u1eadt kh\u1ea9u khi c\u1ea7n ho\u1eb7c nh\u1eadn th\u00f4ng b\u00e1o.<\/span><\/li>\n<li style=\"font-weight: 400;\" aria-level=\"1\"><span style=\"font-weight: 400;\">M\u00e3 ki\u1ec3m tra: Nh\u1eadp d\u00e3y s\u1ed1\/k\u00fd t\u1ef1 hi\u1ec3n th\u1ecb b\u00ean c\u1ea1nh \u0111\u1ec3 x\u00e1c nh\u1eadn b\u1ea1n kh\u00f4ng ph\u1ea3i l\u00e0 robot.<\/span><\/li>\n<\/ul>\n<p><span style=\"font-weight: 400;\">Sau khi nh\u1eadp d\u1eef li\u1ec7u<\/span><b> t\u1ea1o l\u1eadp t\u00e0i kho\u1ea3n<\/b><span style=\"font-weight: 400;\">, th\u00e0nh vi\u00ean h\u00e3y ki\u1ec3m tra k\u1ef9 c\u00e0ng. Sao cho \u0111\u1ea3m b\u1ea3o r\u1eb1ng m\u1ecdi th\u00f4ng tin \u0111\u1ec1u ch\u00ednh x\u00e1c, kh\u00f4ng c\u00f3 b\u1ea5t c\u1ee9 sai s\u00f3t n\u00e0o x\u1ea3y ra.<\/span><\/p>\n<h3><b>B\u01b0\u1edbc 3. X\u00e1c nh\u1eadn v\u00e0 ho\u00e0n t\u1ea5t \u0111\u0103ng k\u00fd 789P\u00a0<\/b><\/h3>\n<p><span style=\"font-weight: 400;\">Cu\u1ed1i bi\u1ec3u m\u1eabu, th\u00e0nh vi\u00ean s\u1ebd \u0111\u01b0\u1ee3c y\u00eau c\u1ea7u t\u00edch v\u00e0o \u00f4 \u201cT\u00f4i \u0111\u00e3 18 tu\u1ed5i v\u00e0 t\u00f4i ch\u1ea5p thu\u1eadn \u0111i\u1ec1u kho\u1ea3n, \u0111i\u1ec1u ki\u1ec7n ho\u1ea1t \u0111\u1ed9ng\u201d. N\u1ebfu kh\u00f4ng \u0111\u1ed3ng \u00fd, \u0111\u1ecba ch\u1ec9 s\u1ebd kh\u00f4ng cho ph\u00e9p tham gia c\u00e1 c\u01b0\u1ee3c, gi\u1ea3i tr\u00ed.<\/span><\/p>\n<p><span style=\"font-weight: 400;\">Ho\u00e0n t\u1ea5t b\u1eb1ng c\u00e1ch g\u1eedi cho nh\u00e0 c\u00e1i khi click \u201c<\/span><b>\u0110\u0103ng k\u00fd 789P<\/b><span style=\"font-weight: 400;\">\u201d. Ch\u00fang t\u00f4i ti\u1ebfp nh\u1eadn d\u1eef li\u1ec7u c\u1ee7a ng\u01b0\u1eddi ch\u01a1i v\u00e0 ti\u1ebfn h\u00e0nh x\u00e9t duy\u1ec7t. \u0110\u1ecba ch\u1ec9 ch\u1ec9 cung c\u1ea5p cho nh\u1eefng ai \u0111\u1ea1t \u0111\u1ee7 c\u00e1c \u0111i\u1ec1u ki\u1ec7n tr\u00ean.<\/span><\/p>\n<h2><b>FAQs v\u1ec1 th\u1ee7 t\u1ee5c \u0111\u0103ng k\u00fd 789P<\/b><\/h2>\n<p><span style=\"font-weight: 400;\">Th\u00e0nh vi\u00ean khi m\u1edf t\u00e0i kho\u1ea3n c\u0169ng c\u00f3 m\u1ed9t s\u1ed1 c\u00e2u h\u1ecfi th\u1eafc m\u1eafc V\u00ec v\u1eady chuy\u00ean m\u1ee5c b\u00ean d\u01b0\u1edbi \u0111\u00e2y s\u1ebd gi\u1ea3i \u0111\u00e1p t\u1ea5t t\u1ea7n t\u1eadt t\u1eeb A \u0111\u1ebfn Z cho c\u00e1c b\u1ea1n n\u1eafm b\u1eaft:<\/span><\/p>\n<figure id=\"attachment_95\" aria-describedby=\"caption-attachment-95\" style=\"width: 800px\" class=\"wp-caption aligncenter\"><img loading=\"lazy\" decoding=\"async\" class=\"size-full wp-image-95\" src=\"https:\/\/inpasila.ru.com\/wp-content\/uploads\/2026\/04\/giai-dap-thac-mac-ve-dang-ky-789p.jpg\" alt=\"Gi\u1ea3i \u0111\u00e1p th\u1eafc m\u1eafc v\u1ec1 \u0111\u0103ng k\u00fd 789P\" width=\"800\" height=\"400\" srcset=\"https:\/\/inpasila.ru.com\/wp-content\/uploads\/2026\/04\/giai-dap-thac-mac-ve-dang-ky-789p.jpg 800w, https:\/\/inpasila.ru.com\/wp-content\/uploads\/2026\/04\/giai-dap-thac-mac-ve-dang-ky-789p-300x150.jpg 300w, https:\/\/inpasila.ru.com\/wp-content\/uploads\/2026\/04\/giai-dap-thac-mac-ve-dang-ky-789p-768x384.jpg 768w\" sizes=\"auto, (max-width: 800px) 100vw, 800px\" \/><figcaption id=\"caption-attachment-95\" class=\"wp-caption-text\">Gi\u1ea3i \u0111\u00e1p th\u1eafc m\u1eafc v\u1ec1 \u0111\u0103ng k\u00fd 789P<\/figcaption><\/figure>\n<table>\n<tbody>\n<tr>\n<td><b>M\u1edf t\u00e0i kho\u1ea3n tr\u1ef1c tuy\u1ebfn<\/b><span style=\"font-weight: 400;\"> c\u00f3 m\u1ea5t ph\u00ed kh\u00f4ng?<\/span><\/td>\n<td><span style=\"font-weight: 400;\">Vi\u1ec7c t\u1ea1o l\u1eadp t\u00e0i kho\u1ea3n c\u00f9ng nh\u00e0 c\u00e1i l\u00e0 mi\u1ec5n ph\u00ed 100%. N\u1ebfu c\u00e1c b\u1ea1n truy c\u1eadp trang y\u00eau c\u1ea7u thanh to\u00e1n khi t\u1ea1o l\u1eadp th\u00ec c\u1ea7n l\u01b0u \u00fd. B\u1edfi \u0111\u00f3 c\u00f3 th\u1ec3 l\u00e0 \u0111\u1ecba ch\u1ec9 gi\u1ea3 m\u1ea1o.<\/span><\/td>\n<\/tr>\n<tr>\n<td><span style=\"font-weight: 400;\">T\u00f4i c\u00f3 th\u1ec3 \u0111\u1ed5i th\u00f4ng tin sau khi \u0111\u00e3 m\u1edf t\u00e0i kho\u1ea3n kh\u00f4ng?<\/span><\/td>\n<td><span style=\"font-weight: 400;\">C\u00e1c th\u00f4ng tin quan tr\u1ecdng nh\u01b0 H\u1ecd t\u00ean th\u1eadt v\u00e0 S\u1ed1 \u0111i\u1ec7n tho\u1ea1i th\u01b0\u1eddng \u0111\u01b0\u1ee3c kh\u00f3a sau khi \u0111\u0103ng k\u00fd \u0111\u1ec3 b\u1ea3o m\u1eadt. \u0110\u1ec3 thay \u0111\u1ed5i c\u00e1c m\u1ee5c n\u00e0y, ng\u01b0\u1eddi ch\u01a1i cung c\u1ea5p gi\u1ea5y t\u1edd cho chuy\u00ean vi\u00ean.<\/span><\/td>\n<\/tr>\n<tr>\n<td><span style=\"font-weight: 400;\">L\u00e0m th\u1ebf n\u00e0o \u0111\u1ec3 nh\u1eadn khuy\u1ebfn m\u00e3i t\u00e2n th\u1ee7 ngay sau khi t\u1ea1o l\u1eadp t\u00e0i kho\u1ea3n?<\/span><\/td>\n<td><span style=\"font-weight: 400;\">Khi<\/span><b> \u0111\u0103ng k\u00fd 789P<\/b><span style=\"font-weight: 400;\">, th\u00e0nh vi\u00ean m\u1edbi s\u1ebd t\u1eadn h\u01b0\u1edfng nhi\u1ec1u \u0111\u00e3i ng\u1ed9 h\u1eadu h\u0129nh. H\u00e3y truy c\u1eadp chuy\u00ean m\u1ee5c \u201cKhuy\u1ebfn m\u00e3i\u201d, t\u00ecm hi\u1ec3u k\u1ef9 n\u1ed9i dung tr\u01b0\u1edbc khi m\u1edf account, th\u1ef1c hi\u1ec7n \u0111\u00fang quy \u0111\u1ecbnh \u0111\u1ec3 rinh th\u01b0\u1edfng kh\u1ee7ng.<\/span><\/td>\n<\/tr>\n<\/tbody>\n<\/table>\n<h2><b>L\u1eddi k\u1ebft<\/b><\/h2>\n<p><b>\u0110\u0103ng k\u00fd 789P<\/b><span style=\"font-weight: 400;\"> ch\u00ednh l\u00e0 b\u01b0\u1edbc kh\u1edfi \u0111\u1ea7u cho nh\u1eefng ai mu\u1ed1n tr\u1ea3i nghi\u1ec7m kh\u00f4ng gian gi\u1ea3i tr\u00ed tr\u1ef1c tuy\u1ebfn chuy\u00ean nghi\u1ec7p v\u00e0 an to\u00e0n. V\u1edbi quy tr\u00ecnh \u0111\u01a1n gi\u1ea3n, ch\u00ednh s\u00e1ch b\u1ea3o m\u1eadt ch\u1eb7t ch\u1ebd c\u00f9ng v\u1edbi s\u1ef1 h\u1ed7 tr\u1ee3 t\u1eadn t\u00ecnh,,&#8230; 789P x\u1ee9ng \u0111\u00e1ng l\u00e0 \u0111i\u1ec3m \u0111\u1ebfn s\u1ed1 1 cho kh\u00e1ch h\u00e0ng.\u00a0<\/span><\/p>\n","protected":false},"excerpt":{"rendered":"<p>\u0110\u0103ng K\u00fd 789P &#8211; Tham Gia Gi\u1ea3i Tr\u00ed C\u00f9ng Th\u01b0\u01a1ng Hi\u1ec7u \u0110\u1eb3ng C\u1ea5p \u0110\u0103ng k\u00fd 789P l\u00e0 c\u01a1 h\u1ed9i \u0111\u1ec3 c\u00e1c b\u1ea1n b\u01b0\u1edbc ch\u00e2n v\u00e0o nh\u00e0 c\u00e1i tr\u1ef1c tuy\u1ebfn s\u1ed1 1 th\u1ecb tr\u01b0\u1eddng hi\u1ec7n nay. M\u1ecdi ng\u01b0\u1eddi tr\u1edf th\u00e0nh h\u1ed9i vi\u00ean th\u00ec c\u1ea7n th\u1ef1c hi\u1ec7n nh\u1eefng thao t\u00e1c n\u00e0o? H\u00e3y c\u00f9ng 789P \u0111i v\u00e0o b\u00e0i [&#8230;]\n","protected":false},"author":1,"featured_media":96,"parent":0,"menu_order":0,"comment_status":"closed","ping_status":"closed","template":"","meta":{"footnotes":""},"class_list":["post-93","page","type-page","status-publish","has-post-thumbnail","hentry"],"_links":{"self":[{"href":"https:\/\/inpasila.ru.com\/index.php\/wp-json\/wp\/v2\/pages\/93","targetHints":{"allow":["GET"]}}],"collection":[{"href":"https:\/\/inpasila.ru.com\/index.php\/wp-json\/wp\/v2\/pages"}],"about":[{"href":"https:\/\/inpasila.ru.com\/index.php\/wp-json\/wp\/v2\/types\/page"}],"author":[{"embeddable":true,"href":"https:\/\/inpasila.ru.com\/index.php\/wp-json\/wp\/v2\/users\/1"}],"replies":[{"embeddable":true,"href":"https:\/\/inpasila.ru.com\/index.php\/wp-json\/wp\/v2\/comments?post=93"}],"version-history":[{"count":2,"href":"https:\/\/inpasila.ru.com\/index.php\/wp-json\/wp\/v2\/pages\/93\/revisions"}],"predecessor-version":[{"id":99,"href":"https:\/\/inpasila.ru.com\/index.php\/wp-json\/wp\/v2\/pages\/93\/revisions\/99"}],"wp:featuredmedia":[{"embeddable":true,"href":"https:\/\/inpasila.ru.com\/index.php\/wp-json\/wp\/v2\/media\/96"}],"wp:attachment":[{"href":"https:\/\/inpasila.ru.com\/index.php\/wp-json\/wp\/v2\/media?parent=93"}],"curies":[{"name":"wp","href":"https:\/\/api.w.org\/{rel}","templated":true}]}}